{"id":30068,"date":"2023-01-09T13:49:04","date_gmt":"2023-01-09T13:49:04","guid":{"rendered":"https:\/\/healthlifeacademy.com\/?page_id=30068"},"modified":"2023-01-11T11:42:39","modified_gmt":"2023-01-11T11:42:39","slug":"e-youaca","status":"publish","type":"page","link":"https:\/\/healthlifeacademy.com\/hr\/e-youaca\/","title":{"rendered":"e-YOUAca"},"content":{"rendered":"<div data-elementor-type=\"wp-page\" data-elementor-id=\"30068\" class=\"elementor elementor-30068\" data-elementor-settings=\"[]\">\n\t\t\t\t\t\t<div class=\"elementor-inner\">\n\t\t\t\t\t\t\t<div class=\"elementor-section-wrap\">\n\t\t\t\t\t\t\t<section class=\"elementor-section elementor-top-section elementor-element elementor-element-85d3f0b elementor-section-boxed elementor-section-height-default elementor-section-height-default\" data-id=\"85d3f0b\" data-element_type=\"section\">\n\t\t\t\t\t\t<div class=\"elementor-container elementor-column-gap-default\">\n\t\t\t\t\t\t\t<div class=\"elementor-row\">\n\t\t\t\t\t<div class=\"elementor-column elementor-col-100 elementor-top-column elementor-element elementor-element-73d29e9\" data-id=\"73d29e9\" data-element_type=\"column\">\n\t\t\t<div class=\"elementor-column-wrap elementor-element-populated\">\n\t\t\t\t\t\t\t<div class=\"elementor-widget-wrap\">\n\t\t\t\t\t\t<div class=\"elementor-element elementor-element-f974a81 elementor-widget elementor-widget-text-editor\" data-id=\"f974a81\" data-element_type=\"widget\" data-widget_type=\"text-editor.default\">\n\t\t\t\t<div class=\"elementor-widget-container\">\n\t\t\t\t\t\t\t\t<div class=\"elementor-text-editor elementor-clearfix\">\n\t\t\t\t<h2 class=\"et_pb_module_header\">PROJEKT<\/h2><div>Ovaj projekt ima za cilj razvoj inovativnog kurikuluma \u201cmladog lidera u menad\u017ementu masovnog sporta na nacionalnoj i me\u0111unarodnoj razini\u201d. Kurikulum se sastoji od modula e-obuke i 1 modula e-sta\u017eiranja u kojem se od mladih pripravnika tra\u017ei da sura\u0111uju sa svojim organizacijama kako bi ono \u0161to su nau\u010dili primijenili u praksi razvijaju\u0107i inovativne sportske aktivnosti za djecu od 5 do 11 godina.<\/div>\t\t\t\t\t<\/div>\n\t\t\t\t\t\t<\/div>\n\t\t\t\t<\/div>\n\t\t\t\t\t\t<\/div>\n\t\t\t\t\t<\/div>\n\t\t<\/div>\n\t\t\t\t\t\t\t\t<\/div>\n\t\t\t\t\t<\/div>\n\t\t<\/section>\n\t\t\t\t<section class=\"elementor-section elementor-top-section elementor-element elementor-element-8064e5c elementor-section-boxed elementor-section-height-default elementor-section-height-default\" data-id=\"8064e5c\" data-element_type=\"section\">\n\t\t\t\t\t\t<div class=\"elementor-container elementor-column-gap-default\">\n\t\t\t\t\t\t\t<div class=\"elementor-row\">\n\t\t\t\t\t<div class=\"elementor-column elementor-col-100 elementor-top-column elementor-element elementor-element-e762d7f\" data-id=\"e762d7f\" data-element_type=\"column\">\n\t\t\t<div class=\"elementor-column-wrap elementor-element-populated\">\n\t\t\t\t\t\t\t<div class=\"elementor-widget-wrap\">\n\t\t\t\t\t\t<div class=\"elementor-element elementor-element-b02b79a elementor-widget elementor-widget-text-editor\" data-id=\"b02b79a\" data-element_type=\"widget\" data-widget_type=\"text-editor.default\">\n\t\t\t\t<div class=\"elementor-widget-container\">\n\t\t\t\t\t\t\t\t<div class=\"elementor-text-editor elementor-clearfix\">\n\t\t\t\t<h2>SA\u017dETAK PROJEKTA<\/h2><div><div>Koordiniran od strane Me\u0111unarodne sportske konfederacije (CSIT\/Austrija) s partnerstvom 5 nacionalnih masovnih sportskih organizacija (AICS\/Italija,\u00a0TUL\/Finska, UCEC\/\u0160panjolska, KALEV\/Estonija, HLA\/Hrvatska), 1 organizacije za sportske inovacije (EPSI\/ Belgija), 1 organizacije koja pru\u017ea\u00a0certifikate za\u00a0obrazovne usluge (ETSIA\/Belgija) i kulturne neprofitne organizacije (FNCC\/Italija), eYOUAca ima cilj razviti inovativnu\u00a0akademiju e-u\u010denja (MOOCs) namijenjenu 75 mladih ljudi \u2013 u dobi izme\u0111u 18 i 30 godina \u2013 kroz anga\u017eman tima mladih lidera koji su ve\u0107 pro\u0161li obuku tijekom prva 3 pro\u0161la mala suradni\u010dka partnerska projekta.<\/div><div>\u00a0<\/div><div>U skladu s analizom potreba polaznika i organizacija te zajedni\u010dkim smjernicama usmjerenim na definiranje skupa kriterija kako bi program bio \u201eprilago\u0111en mladima\u201c, nacionalni timovi trenera, starijih i mladih voditelja u masovnom sportu razvijaju, testiraju i isporu\u010duju module kroz\u00a02 metodolo\u0161ka stupa: \u201etransgeneracijski dijalog\u201c; \"u\u010di rade\u0107i''.<\/div><\/div>\t\t\t\t\t<\/div>\n\t\t\t\t\t\t<\/div>\n\t\t\t\t<\/div>\n\t\t\t\t\t\t<\/div>\n\t\t\t\t\t<\/div>\n\t\t<\/div>\n\t\t\t\t\t\t\t\t<\/div>\n\t\t\t\t\t<\/div>\n\t\t<\/section>\n\t\t\t\t<section class=\"elementor-section elementor-top-section elementor-element elementor-element-aa7d73e elementor-section-boxed elementor-section-height-default elementor-section-height-default\" data-id=\"aa7d73e\" data-element_type=\"section\">\n\t\t\t\t\t\t<div class=\"elementor-container elementor-column-gap-default\">\n\t\t\t\t\t\t\t<div class=\"elementor-row\">\n\t\t\t\t\t<div class=\"elementor-column elementor-col-100 elementor-top-column elementor-element elementor-element-e69443c\" data-id=\"e69443c\" data-element_type=\"column\">\n\t\t\t<div class=\"elementor-column-wrap elementor-element-populated\">\n\t\t\t\t\t\t\t<div class=\"elementor-widget-wrap\">\n\t\t\t\t\t\t<div class=\"elementor-element elementor-element-a8996fd elementor-widget elementor-widget-text-editor\" data-id=\"a8996fd\" data-element_type=\"widget\" data-widget_type=\"text-editor.default\">\n\t\t\t\t<div class=\"elementor-widget-container\">\n\t\t\t\t\t\t\t\t<div class=\"elementor-text-editor elementor-clearfix\">\n\t\t\t\t<h2>OP\u0106I CILJEVI<\/h2><p>Projekt eYOUAca ima za cilj razvoj inovativnog kurikuluma \u201emladog lidera u menad\u017ementu masovnog sporta na nacionalnoj i me\u0111unarodnoj razini\u201c. Kurikulum se sastoji od modula e-obuke i 1 modula e-sta\u017eiranja u kojem se od mladih pripravnika tra\u017ei da sura\u0111uju sa svojim organizacijama kako bi ono \u0161to su nau\u010dili primijenili u praksi razvijaju\u0107i inovativne sportske aktivnosti za djecu od 5 do 11 godina.<\/p><p>\u00a0<\/p><p>E-obuka i e-pripravni\u0161tvo bit \u0107e vrednovani i certificirani prema EQF-u. Povezana dru\u0161tvena kampanja bit \u0107e pokrenuta tijekom Europskog tjedna sporta. Svaki \u0107e partner izraditi alate za promicanje novih sportskih aktivnosti. Svi rezultati \u0107e se \u0161iriti putem kanala dru\u0161tvenih medija, 5 nacionalnih multiplikatorskih doga\u0111aja, zavr\u0161ne konferencije i savjetodavnog odbora koji \u0107e se odr\u017eati u Bruxellesu. Time se bavi razli\u010ditim tipologijama ciljnih skupina.<\/p>\t\t\t\t\t<\/div>\n\t\t\t\t\t\t<\/div>\n\t\t\t\t<\/div>\n\t\t\t\t\t\t<\/div>\n\t\t\t\t\t<\/div>\n\t\t<\/div>\n\t\t\t\t\t\t\t\t<\/div>\n\t\t\t\t\t<\/div>\n\t\t<\/section>\n\t\t\t\t<section class=\"elementor-section elementor-top-section elementor-element elementor-element-bf60e24 elementor-section-boxed elementor-section-height-default elementor-section-height-default\" data-id=\"bf60e24\" data-element_type=\"section\">\n\t\t\t\t\t\t<div class=\"elementor-container elementor-column-gap-default\">\n\t\t\t\t\t\t\t<div class=\"elementor-row\">\n\t\t\t\t\t<div class=\"elementor-column elementor-col-100 elementor-top-column elementor-element elementor-element-ad094c2\" data-id=\"ad094c2\" data-element_type=\"column\">\n\t\t\t<div class=\"elementor-column-wrap\">\n\t\t\t\t\t\t\t<div class=\"elementor-widget-wrap\">\n\t\t\t\t\t\t\t\t<\/div>\n\t\t\t\t\t<\/div>\n\t\t<\/div>\n\t\t\t\t\t\t\t\t<\/div>\n\t\t\t\t\t<\/div>\n\t\t<\/section>\n\t\t\t\t<section class=\"elementor-section elementor-top-section elementor-element elementor-element-c35d883 elementor-section-boxed elementor-section-height-default elementor-section-height-default\" data-id=\"c35d883\" data-element_type=\"section\">\n\t\t\t\t\t\t<div class=\"elementor-container elementor-column-gap-default\">\n\t\t\t\t\t\t\t<div class=\"elementor-row\">\n\t\t\t\t\t<div class=\"elementor-column elementor-col-100 elementor-top-column elementor-element elementor-element-3c77168\" data-id=\"3c77168\" data-element_type=\"column\">\n\t\t\t<div class=\"elementor-column-wrap elementor-element-populated\">\n\t\t\t\t\t\t\t<div class=\"elementor-widget-wrap\">\n\t\t\t\t\t\t<div class=\"elementor-element elementor-element-e9a9af5 elementor-widget elementor-widget-image\" data-id=\"e9a9af5\" data-element_type=\"widget\" data-widget_type=\"image.default\">\n\t\t\t\t<div class=\"elementor-widget-container\">\n\t\t\t\t\t\t\t\t<div class=\"elementor-image\">\n\t\t\t\t\t\t\t\t\t\t\t\t<img width=\"300\" height=\"80\" src=\"https:\/\/healthlifeacademy.com\/wp-content\/uploads\/eYOUca_positiv-2048x546-1-300x80.png\" class=\"attachment-medium size-medium\" alt=\"\" loading=\"lazy\" srcset=\"https:\/\/healthlifeacademy.com\/wp-content\/uploads\/eYOUca_positiv-2048x546-1-300x80.png 300w, https:\/\/healthlifeacademy.com\/wp-content\/uploads\/eYOUca_positiv-2048x546-1-1024x273.png 1024w, https:\/\/healthlifeacademy.com\/wp-content\/uploads\/eYOUca_positiv-2048x546-1-768x205.png 768w, https:\/\/healthlifeacademy.com\/wp-content\/uploads\/eYOUca_positiv-2048x546-1-1536x410.png 1536w, https:\/\/healthlifeacademy.com\/wp-content\/uploads\/eYOUca_positiv-2048x546-1-18x5.png 18w, https:\/\/healthlifeacademy.com\/wp-content\/uploads\/eYOUca_positiv-2048x546-1.png 2048w\" sizes=\"(max-width: 300px) 100vw, 300px\" \/>\t\t\t\t\t\t\t\t\t\t\t\t\t\t<\/div>\n\t\t\t\t\t\t<\/div>\n\t\t\t\t<\/div>\n\t\t\t\t\t\t<\/div>\n\t\t\t\t\t<\/div>\n\t\t<\/div>\n\t\t\t\t\t\t\t\t<\/div>\n\t\t\t\t\t<\/div>\n\t\t<\/section>\n\t\t\t\t\t\t<\/div>\n\t\t\t\t\t\t<\/div>\n\t\t\t\t\t<\/div>","protected":false},"excerpt":{"rendered":"<p>THE PROJECT This project aims at developing an innovative curriculum of \u201cyoung leader in grassroots sport management at national and international level\u201d. The curriculum is composed of e-training modules and 1 e-internship module in which young trainees are asked to cooperate with their organizations in order to put in practice what they learned developing innovative &hellip;<\/p>\n<p class=\"read-more\"> <a class=\"\" href=\"https:\/\/healthlifeacademy.com\/hr\/e-youaca\/\"> <span class=\"screen-reader-text\">e-YOUAca<\/span> Read More &raquo;<\/a><\/p>","protected":false},"author":3,"featured_media":30069,"parent":0,"menu_order":0,"comment_status":"closed","ping_status":"closed","template":"","meta":[],"_links":{"self":[{"href":"https:\/\/healthlifeacademy.com\/hr\/wp-json\/wp\/v2\/pages\/30068"}],"collection":[{"href":"https:\/\/healthlifeacademy.com\/hr\/wp-json\/wp\/v2\/pages"}],"about":[{"href":"https:\/\/healthlifeacademy.com\/hr\/wp-json\/wp\/v2\/types\/page"}],"author":[{"embeddable":true,"href":"https:\/\/healthlifeacademy.com\/hr\/wp-json\/wp\/v2\/users\/3"}],"replies":[{"embeddable":true,"href":"https:\/\/healthlifeacademy.com\/hr\/wp-json\/wp\/v2\/comments?post=30068"}],"version-history":[{"count":7,"href":"https:\/\/healthlifeacademy.com\/hr\/wp-json\/wp\/v2\/pages\/30068\/revisions"}],"predecessor-version":[{"id":30079,"href":"https:\/\/healthlifeacademy.com\/hr\/wp-json\/wp\/v2\/pages\/30068\/revisions\/30079"}],"wp:featuredmedia":[{"embeddable":true,"href":"https:\/\/healthlifeacademy.com\/hr\/wp-json\/wp\/v2\/media\/30069"}],"wp:attachment":[{"href":"https:\/\/healthlifeacademy.com\/hr\/wp-json\/wp\/v2\/media?parent=30068"}],"curies":[{"name":"wp","href":"https:\/\/api.w.org\/{rel}","templated":true}]}}