{"id":29678,"date":"2022-06-30T07:31:03","date_gmt":"2022-06-30T07:31:03","guid":{"rendered":"https:\/\/healthlifeacademy.com\/?page_id=29678"},"modified":"2022-06-30T11:11:32","modified_gmt":"2022-06-30T11:11:32","slug":"dodgeball","status":"publish","type":"page","link":"https:\/\/healthlifeacademy.com\/hr\/dodgeball\/","title":{"rendered":"DODGEBALL"},"content":{"rendered":"<div data-elementor-type=\"wp-page\" data-elementor-id=\"29678\" class=\"elementor elementor-29678\" data-elementor-settings=\"[]\">\n\t\t\t\t\t\t<div class=\"elementor-inner\">\n\t\t\t\t\t\t\t<div class=\"elementor-section-wrap\">\n\t\t\t\t\t\t\t<section class=\"elementor-section elementor-top-section elementor-element elementor-element-2bd883c elementor-section-boxed elementor-section-height-default elementor-section-height-default\" data-id=\"2bd883c\" data-element_type=\"section\">\n\t\t\t\t\t\t<div class=\"elementor-container elementor-column-gap-default\">\n\t\t\t\t\t\t\t<div class=\"elementor-row\">\n\t\t\t\t\t<div class=\"elementor-column elementor-col-100 elementor-top-column elementor-element elementor-element-1e1fb39\" data-id=\"1e1fb39\" data-element_type=\"column\">\n\t\t\t<div class=\"elementor-column-wrap elementor-element-populated\">\n\t\t\t\t\t\t\t<div class=\"elementor-widget-wrap\">\n\t\t\t\t\t\t<div class=\"elementor-element elementor-element-25df902 elementor-widget elementor-widget-heading\" data-id=\"25df902\" data-element_type=\"widget\" data-widget_type=\"heading.default\">\n\t\t\t\t<div class=\"elementor-widget-container\">\n\t\t\t<h2 class=\"elementor-heading-title elementor-size-default\">DODGEBALL<\/h2>\t\t<\/div>\n\t\t\t\t<\/div>\n\t\t\t\t\t\t<\/div>\n\t\t\t\t\t<\/div>\n\t\t<\/div>\n\t\t\t\t\t\t\t\t<\/div>\n\t\t\t\t\t<\/div>\n\t\t<\/section>\n\t\t\t\t<section class=\"elementor-section elementor-top-section elementor-element elementor-element-048a007 elementor-section-boxed elementor-section-height-default elementor-section-height-default\" data-id=\"048a007\" data-element_type=\"section\">\n\t\t\t\t\t\t<div class=\"elementor-container elementor-column-gap-default\">\n\t\t\t\t\t\t\t<div class=\"elementor-row\">\n\t\t\t\t\t<div class=\"elementor-column elementor-col-100 elementor-top-column elementor-element elementor-element-7d211d3\" data-id=\"7d211d3\" data-element_type=\"column\">\n\t\t\t<div class=\"elementor-column-wrap elementor-element-populated\">\n\t\t\t\t\t\t\t<div class=\"elementor-widget-wrap\">\n\t\t\t\t\t\t<div class=\"elementor-element elementor-element-5678825 elementor-widget elementor-widget-text-editor\" data-id=\"5678825\" data-element_type=\"widget\" data-widget_type=\"text-editor.default\">\n\t\t\t\t<div class=\"elementor-widget-container\">\n\t\t\t\t\t\t\t\t<div class=\"elementor-text-editor elementor-clearfix\">\n\t\t\t\t<p>Dodgeball je timski sport u kojem igra\u010di iz dva tima poku\u0161avaju bacaju\u0107i lopte pogoditi protivnike, izbjegavaju\u0107i pritom da njih lopta upu\u0107ena od suparni\u010dke ekipe pogodi. Cilj svake mom\u010dadi je eliminirati sve \u010dlanove protivni\u010dke mom\u010dadi poga\u0111aju\u0107i ih ba\u010denim loptama, hvataju\u0107i loptu koju je bacio protivnik, ili natjerati protivnika na po\u010dinjenje prekr\u0161aja, poput izlaska iz igrali\u0161ta.<\/p><p>Sport se igra neformalno (u \u0161kolama i na igrali\u0161tima) po razli\u010ditim pravilima; i formalno kao me\u0111unarodni sport, prema pravilima koja se razlikuju me\u0111unarodnim upravnim tijelima, kao \u0161to su Svjetska federacija Dodgeball (WDBF) i Svjetska udruga Dodgeball (WDA).<\/p><p>Ne postoji to\u010dno odre\u0111en broj igra\u010da potreban za igru dodgeball, a igre se razlikuju od malog do velikog broja igra\u010da. Koncept igre uglavnom ovisi o raspolo\u017eivom prostoru za igru i ukupnom broju igra\u010da na raspolaganju.<\/p><p>dodgeball se igra opremom koja ne uzrokuje ozljede (mekane lopte). Zatim, dodgeball je tako\u0111er dobar izvor tjelovje\u017ebe. Kod prakticiranja navedenog sporta, igra\u010d je uvijek aktivan. Koordinacija oka i ruke vje\u017eba se hvataju\u0107i\/bacaju\u0107i loptu, a tako\u0111er i izmicanjem lopte. Brojna istra\u017eivanja navode da dodgeball na veliki broj na\u010dina mo\u017ee izgraditi zadovoljavaju\u0107u izdr\u017eljivost i predstavljati kvalitetan kardio trening.<\/p><p>Dodgeball pobolj\u0161ava va\u0161e dru\u0161tvene vje\u0161tine s obitelji i prijateljima. Igra poti\u010de rad u timovima i me\u0111usobno komunikaciju kako bi pobijedili. Drugi na\u010din na koji dodgeball pobolj\u0161ava dru\u0161tvene vje\u0161tine je izgradnja zadovoljavaju\u0107eg samopouzdanja i povjerenja u tim.<\/p>\t\t\t\t\t<\/div>\n\t\t\t\t\t\t<\/div>\n\t\t\t\t<\/div>\n\t\t\t\t\t\t<\/div>\n\t\t\t\t\t<\/div>\n\t\t<\/div>\n\t\t\t\t\t\t\t\t<\/div>\n\t\t\t\t\t<\/div>\n\t\t<\/section>\n\t\t\t\t<section class=\"elementor-section elementor-top-section elementor-element elementor-element-797ac54 elementor-section-boxed elementor-section-height-default elementor-section-height-default\" data-id=\"797ac54\" data-element_type=\"section\">\n\t\t\t\t\t\t<div class=\"elementor-container elementor-column-gap-default\">\n\t\t\t\t\t\t\t<div class=\"elementor-row\">\n\t\t\t\t\t<div class=\"elementor-column elementor-col-100 elementor-top-column elementor-element elementor-element-738fb0f\" data-id=\"738fb0f\" data-element_type=\"column\">\n\t\t\t<div class=\"elementor-column-wrap elementor-element-populated\">\n\t\t\t\t\t\t\t<div class=\"elementor-widget-wrap\">\n\t\t\t\t\t\t<div class=\"elementor-element elementor-element-66e54cd elementor-widget elementor-widget-image\" data-id=\"66e54cd\" data-element_type=\"widget\" data-widget_type=\"image.default\">\n\t\t\t\t<div class=\"elementor-widget-container\">\n\t\t\t\t\t\t\t\t<div class=\"elementor-image\">\n\t\t\t\t\t\t\t\t\t\t\t\t<img width=\"1024\" height=\"485\" src=\"https:\/\/healthlifeacademy.com\/wp-content\/uploads\/20210924_111429-1024x485.jpg\" class=\"attachment-large size-large\" alt=\"\" loading=\"lazy\" srcset=\"https:\/\/healthlifeacademy.com\/wp-content\/uploads\/20210924_111429-1024x485.jpg 1024w, https:\/\/healthlifeacademy.com\/wp-content\/uploads\/20210924_111429-300x142.jpg 300w, https:\/\/healthlifeacademy.com\/wp-content\/uploads\/20210924_111429-768x363.jpg 768w, https:\/\/healthlifeacademy.com\/wp-content\/uploads\/20210924_111429-1536x727.jpg 1536w, https:\/\/healthlifeacademy.com\/wp-content\/uploads\/20210924_111429-2048x969.jpg 2048w, https:\/\/healthlifeacademy.com\/wp-content\/uploads\/20210924_111429-18x9.jpg 18w\" sizes=\"(max-width: 1024px) 100vw, 1024px\" \/>\t\t\t\t\t\t\t\t\t\t\t\t\t\t<\/div>\n\t\t\t\t\t\t<\/div>\n\t\t\t\t<\/div>\n\t\t\t\t\t\t<\/div>\n\t\t\t\t\t<\/div>\n\t\t<\/div>\n\t\t\t\t\t\t\t\t<\/div>\n\t\t\t\t\t<\/div>\n\t\t<\/section>\n\t\t\t\t\t\t<\/div>\n\t\t\t\t\t\t<\/div>\n\t\t\t\t\t<\/div>","protected":false},"excerpt":{"rendered":"<p>DODGEBALL Dodgeball is a team sport in which players from two teams try to throw balls to hit opponents, while avoiding being hit by a ball sent by a rival team. The goal of each team is to eliminate all members of the opposing team by hitting them with thrown balls, catching the ball thrown &hellip;<\/p>\n<p class=\"read-more\"> <a class=\"\" href=\"https:\/\/healthlifeacademy.com\/hr\/dodgeball\/\"> <span class=\"screen-reader-text\">DODGEBALL<\/span> Read More &raquo;<\/a><\/p>","protected":false},"author":4,"featured_media":0,"parent":0,"menu_order":0,"comment_status":"closed","ping_status":"closed","template":"","meta":[],"_links":{"self":[{"href":"https:\/\/healthlifeacademy.com\/hr\/wp-json\/wp\/v2\/pages\/29678"}],"collection":[{"href":"https:\/\/healthlifeacademy.com\/hr\/wp-json\/wp\/v2\/pages"}],"about":[{"href":"https:\/\/healthlifeacademy.com\/hr\/wp-json\/wp\/v2\/types\/page"}],"author":[{"embeddable":true,"href":"https:\/\/healthlifeacademy.com\/hr\/wp-json\/wp\/v2\/users\/4"}],"replies":[{"embeddable":true,"href":"https:\/\/healthlifeacademy.com\/hr\/wp-json\/wp\/v2\/comments?post=29678"}],"version-history":[{"count":23,"href":"https:\/\/healthlifeacademy.com\/hr\/wp-json\/wp\/v2\/pages\/29678\/revisions"}],"predecessor-version":[{"id":29707,"href":"https:\/\/healthlifeacademy.com\/hr\/wp-json\/wp\/v2\/pages\/29678\/revisions\/29707"}],"wp:attachment":[{"href":"https:\/\/healthlifeacademy.com\/hr\/wp-json\/wp\/v2\/media?parent=29678"}],"curies":[{"name":"wp","href":"https:\/\/api.w.org\/{rel}","templated":true}]}}