{"id":29415,"date":"2022-03-03T10:40:08","date_gmt":"2022-03-03T10:40:08","guid":{"rendered":"https:\/\/healthlifeacademy.com\/?page_id=29415"},"modified":"2022-03-04T10:50:01","modified_gmt":"2022-03-04T10:50:01","slug":"professional-seminar","status":"publish","type":"page","link":"https:\/\/healthlifeacademy.com\/hr\/professional-seminar\/","title":{"rendered":"Profesionalni seminar"},"content":{"rendered":"<div data-elementor-type=\"wp-page\" data-elementor-id=\"29415\" class=\"elementor elementor-29415\" data-elementor-settings=\"[]\">\n\t\t\t\t\t\t<div class=\"elementor-inner\">\n\t\t\t\t\t\t\t<div class=\"elementor-section-wrap\">\n\t\t\t\t\t\t\t<section class=\"elementor-section elementor-top-section elementor-element elementor-element-fa7cc52 elementor-section-boxed elementor-section-height-default elementor-section-height-default\" data-id=\"fa7cc52\" data-element_type=\"section\">\n\t\t\t\t\t\t<div class=\"elementor-container elementor-column-gap-default\">\n\t\t\t\t\t\t\t<div class=\"elementor-row\">\n\t\t\t\t\t<div class=\"elementor-column elementor-col-100 elementor-top-column elementor-element elementor-element-8010b1c\" data-id=\"8010b1c\" data-element_type=\"column\">\n\t\t\t<div class=\"elementor-column-wrap elementor-element-populated\">\n\t\t\t\t\t\t\t<div class=\"elementor-widget-wrap\">\n\t\t\t\t\t\t<div class=\"elementor-element elementor-element-a73911b elementor-widget elementor-widget-heading\" data-id=\"a73911b\" data-element_type=\"widget\" data-widget_type=\"heading.default\">\n\t\t\t\t<div class=\"elementor-widget-container\">\n\t\t\t<h2 class=\"elementor-heading-title elementor-size-default\">Profesionalni seminar<\/h2>\t\t<\/div>\n\t\t\t\t<\/div>\n\t\t\t\t\t\t<\/div>\n\t\t\t\t\t<\/div>\n\t\t<\/div>\n\t\t\t\t\t\t\t\t<\/div>\n\t\t\t\t\t<\/div>\n\t\t<\/section>\n\t\t\t\t<section class=\"elementor-section elementor-top-section elementor-element elementor-element-746157c elementor-section-boxed elementor-section-height-default elementor-section-height-default\" data-id=\"746157c\" data-element_type=\"section\">\n\t\t\t\t\t\t<div class=\"elementor-container elementor-column-gap-default\">\n\t\t\t\t\t\t\t<div class=\"elementor-row\">\n\t\t\t\t\t<div class=\"elementor-column elementor-col-100 elementor-top-column elementor-element elementor-element-218a06c\" data-id=\"218a06c\" data-element_type=\"column\">\n\t\t\t<div class=\"elementor-column-wrap elementor-element-populated\">\n\t\t\t\t\t\t\t<div class=\"elementor-widget-wrap\">\n\t\t\t\t\t\t<div class=\"elementor-element elementor-element-b347f9c elementor-widget elementor-widget-text-editor\" data-id=\"b347f9c\" data-element_type=\"widget\" data-widget_type=\"text-editor.default\">\n\t\t\t\t<div class=\"elementor-widget-container\">\n\t\t\t\t\t\t\t\t<div class=\"elementor-text-editor elementor-clearfix\">\n\t\t\t\t<p>Udruga \u201eAkademija zdravog \u017eivljenja\u201c trudi se pru\u017eiti obrazovnu komponentu na svojoj platformi raspravljaju\u0107i o aktualnim temama i dijele\u0107i nove informacije, studije i iskustva me\u0111unarodnih i nacionalnih dru\u0161tava, udruga, institucija, sportskih stru\u010dnjaka, profesionalaca itd.<\/p><p>Edukacija odraslih osoba o zna\u010daju sporta kao klju\u010dnog \u010dimbenika odgoja djece s te\u0161ko\u0107ama u razvoju ima nezamjenjivu ulogu u pravilnom rastu i razvoju djece s te\u0161ko\u0107ama u razvoju.<\/p><p>Sudionici \u0107e usvojiti pojmovne odrednice o projektima iz podru\u010dja integriranja djece s posebnim potrebama, ste\u0107i znanja i sposobnosti potrebnih za prakti\u010dno ostvarivanje integriranog razvoja djece s posebnim potrebama, razumjeti iskustva iz prakse, savladati metode pou\u010davanja<span style=\"font-size: 16px;\">dopt conceptual guidelines on projects in the field of integration of children with special needs, a<\/span><span style=\"font-size: 16px;\">cquire knowledge and skills necessary for the practical realization of integrated development of children with special needs, u<\/span><span style=\"font-size: 16px;\">nderstand practical experiences and m<\/span><span style=\"font-size: 16px;\">aster teaching methods.<\/span><\/p><p>Oblici rada uklju\u010duju predavanja i stru\u010dno-pedago\u0161ke radionice, vje\u017ebe, samostalni rad polaznika, frontalno i rad u grupama, mentalni trening<span style=\"font-size: 16px;\">ectures and professional-pedagogical workshops, exercises, independent work of students, f<\/span><span style=\"font-size: 16px;\">rontal and group work, m<\/span><span style=\"font-size: 16px;\">ental training.<\/span><\/p>\t\t\t\t\t<\/div>\n\t\t\t\t\t\t<\/div>\n\t\t\t\t<\/div>\n\t\t\t\t\t\t<\/div>\n\t\t\t\t\t<\/div>\n\t\t<\/div>\n\t\t\t\t\t\t\t\t<\/div>\n\t\t\t\t\t<\/div>\n\t\t<\/section>\n\t\t\t\t<section class=\"elementor-section elementor-top-section elementor-element elementor-element-573d300 elementor-section-boxed elementor-section-height-default elementor-section-height-default\" data-id=\"573d300\" data-element_type=\"section\">\n\t\t\t\t\t\t<div class=\"elementor-container elementor-column-gap-default\">\n\t\t\t\t\t\t\t<div class=\"elementor-row\">\n\t\t\t\t\t<div class=\"elementor-column elementor-col-50 elementor-top-column elementor-element elementor-element-96e8590\" data-id=\"96e8590\" data-element_type=\"column\">\n\t\t\t<div class=\"elementor-column-wrap elementor-element-populated\">\n\t\t\t\t\t\t\t<div class=\"elementor-widget-wrap\">\n\t\t\t\t\t\t<div class=\"elementor-element elementor-element-23dbcc6 elementor-widget elementor-widget-image\" data-id=\"23dbcc6\" data-element_type=\"widget\" data-widget_type=\"image.default\">\n\t\t\t\t<div class=\"elementor-widget-container\">\n\t\t\t\t\t\t\t\t<div class=\"elementor-image\">\n\t\t\t\t\t\t\t\t\t\t\t\t<img width=\"1024\" height=\"683\" src=\"https:\/\/healthlifeacademy.com\/wp-content\/uploads\/IMG_1247-1024x683.jpg\" class=\"attachment-large size-large\" alt=\"\" loading=\"lazy\" srcset=\"https:\/\/healthlifeacademy.com\/wp-content\/uploads\/IMG_1247-1024x683.jpg 1024w, https:\/\/healthlifeacademy.com\/wp-content\/uploads\/IMG_1247-300x200.jpg 300w, https:\/\/healthlifeacademy.com\/wp-content\/uploads\/IMG_1247-768x512.jpg 768w, https:\/\/healthlifeacademy.com\/wp-content\/uploads\/IMG_1247-1536x1024.jpg 1536w, https:\/\/healthlifeacademy.com\/wp-content\/uploads\/IMG_1247-2048x1365.jpg 2048w, https:\/\/healthlifeacademy.com\/wp-content\/uploads\/IMG_1247-16x12.jpg 16w\" sizes=\"(max-width: 1024px) 100vw, 1024px\" \/>\t\t\t\t\t\t\t\t\t\t\t\t\t\t<\/div>\n\t\t\t\t\t\t<\/div>\n\t\t\t\t<\/div>\n\t\t\t\t\t\t<\/div>\n\t\t\t\t\t<\/div>\n\t\t<\/div>\n\t\t\t\t<div class=\"elementor-column elementor-col-50 elementor-top-column elementor-element elementor-element-4118bf0\" data-id=\"4118bf0\" data-element_type=\"column\">\n\t\t\t<div class=\"elementor-column-wrap elementor-element-populated\">\n\t\t\t\t\t\t\t<div class=\"elementor-widget-wrap\">\n\t\t\t\t\t\t<div class=\"elementor-element elementor-element-7163108 elementor-widget elementor-widget-image\" data-id=\"7163108\" data-element_type=\"widget\" data-widget_type=\"image.default\">\n\t\t\t\t<div class=\"elementor-widget-container\">\n\t\t\t\t\t\t\t\t<div class=\"elementor-image\">\n\t\t\t\t\t\t\t\t\t\t\t\t<img width=\"1024\" height=\"683\" src=\"https:\/\/healthlifeacademy.com\/wp-content\/uploads\/IMG_2671.jpg\" class=\"attachment-large size-large\" alt=\"\" loading=\"lazy\" srcset=\"https:\/\/healthlifeacademy.com\/wp-content\/uploads\/IMG_2671.jpg 1024w, https:\/\/healthlifeacademy.com\/wp-content\/uploads\/IMG_2671-300x200.jpg 300w, https:\/\/healthlifeacademy.com\/wp-content\/uploads\/IMG_2671-768x512.jpg 768w\" sizes=\"(max-width: 1024px) 100vw, 1024px\" \/>\t\t\t\t\t\t\t\t\t\t\t\t\t\t<\/div>\n\t\t\t\t\t\t<\/div>\n\t\t\t\t<\/div>\n\t\t\t\t\t\t<\/div>\n\t\t\t\t\t<\/div>\n\t\t<\/div>\n\t\t\t\t\t\t\t\t<\/div>\n\t\t\t\t\t<\/div>\n\t\t<\/section>\n\t\t\t\t\t\t<\/div>\n\t\t\t\t\t\t<\/div>\n\t\t\t\t\t<\/div>","protected":false},"excerpt":{"rendered":"<p>Professional seminar Association &#8220;Health Life Academy&#8221; strives to provide an educational component on its platform by discussing current topics and sharing new information, studies and experiences of international and national societies, associations, institutions, sports experts, professionals, etc. Adult education on the importance of sport as a key factor in the education of children with disabilities &hellip;<\/p>\n<p class=\"read-more\"> <a class=\"\" href=\"https:\/\/healthlifeacademy.com\/hr\/professional-seminar\/\"> <span class=\"screen-reader-text\">Profesionalni seminar<\/span> Read More &raquo;<\/a><\/p>","protected":false},"author":4,"featured_media":0,"parent":0,"menu_order":0,"comment_status":"closed","ping_status":"closed","template":"","meta":[],"_links":{"self":[{"href":"https:\/\/healthlifeacademy.com\/hr\/wp-json\/wp\/v2\/pages\/29415"}],"collection":[{"href":"https:\/\/healthlifeacademy.com\/hr\/wp-json\/wp\/v2\/pages"}],"about":[{"href":"https:\/\/healthlifeacademy.com\/hr\/wp-json\/wp\/v2\/types\/page"}],"author":[{"embeddable":true,"href":"https:\/\/healthlifeacademy.com\/hr\/wp-json\/wp\/v2\/users\/4"}],"replies":[{"embeddable":true,"href":"https:\/\/healthlifeacademy.com\/hr\/wp-json\/wp\/v2\/comments?post=29415"}],"version-history":[{"count":7,"href":"https:\/\/healthlifeacademy.com\/hr\/wp-json\/wp\/v2\/pages\/29415\/revisions"}],"predecessor-version":[{"id":29438,"href":"https:\/\/healthlifeacademy.com\/hr\/wp-json\/wp\/v2\/pages\/29415\/revisions\/29438"}],"wp:attachment":[{"href":"https:\/\/healthlifeacademy.com\/hr\/wp-json\/wp\/v2\/media?parent=29415"}],"curies":[{"name":"wp","href":"https:\/\/api.w.org\/{rel}","templated":true}]}}