{"id":29413,"date":"2022-03-03T10:39:03","date_gmt":"2022-03-03T10:39:03","guid":{"rendered":"https:\/\/healthlifeacademy.com\/?page_id=29413"},"modified":"2022-03-04T10:56:35","modified_gmt":"2022-03-04T10:56:35","slug":"teqball","status":"publish","type":"page","link":"https:\/\/healthlifeacademy.com\/hr\/teqball\/","title":{"rendered":"Teqball"},"content":{"rendered":"<div data-elementor-type=\"wp-page\" data-elementor-id=\"29413\" class=\"elementor elementor-29413\" data-elementor-settings=\"[]\">\n\t\t\t\t\t\t<div class=\"elementor-inner\">\n\t\t\t\t\t\t\t<div class=\"elementor-section-wrap\">\n\t\t\t\t\t\t\t<section class=\"elementor-section elementor-top-section elementor-element elementor-element-c26cb46 elementor-section-boxed elementor-section-height-default elementor-section-height-default\" data-id=\"c26cb46\" data-element_type=\"section\">\n\t\t\t\t\t\t<div class=\"elementor-container elementor-column-gap-default\">\n\t\t\t\t\t\t\t<div class=\"elementor-row\">\n\t\t\t\t\t<div class=\"elementor-column elementor-col-100 elementor-top-column elementor-element elementor-element-3d13827\" data-id=\"3d13827\" data-element_type=\"column\">\n\t\t\t<div class=\"elementor-column-wrap elementor-element-populated\">\n\t\t\t\t\t\t\t<div class=\"elementor-widget-wrap\">\n\t\t\t\t\t\t<div class=\"elementor-element elementor-element-a45d1cb elementor-widget elementor-widget-heading\" data-id=\"a45d1cb\" data-element_type=\"widget\" data-widget_type=\"heading.default\">\n\t\t\t\t<div class=\"elementor-widget-container\">\n\t\t\t<h2 class=\"elementor-heading-title elementor-size-default\">TEQBALL<\/h2>\t\t<\/div>\n\t\t\t\t<\/div>\n\t\t\t\t\t\t<\/div>\n\t\t\t\t\t<\/div>\n\t\t<\/div>\n\t\t\t\t\t\t\t\t<\/div>\n\t\t\t\t\t<\/div>\n\t\t<\/section>\n\t\t\t\t<section class=\"elementor-section elementor-top-section elementor-element elementor-element-3c27af9 elementor-section-boxed elementor-section-height-default elementor-section-height-default\" data-id=\"3c27af9\" data-element_type=\"section\">\n\t\t\t\t\t\t<div class=\"elementor-container elementor-column-gap-default\">\n\t\t\t\t\t\t\t<div class=\"elementor-row\">\n\t\t\t\t\t<div class=\"elementor-column elementor-col-100 elementor-top-column elementor-element elementor-element-64749a1\" data-id=\"64749a1\" data-element_type=\"column\">\n\t\t\t<div class=\"elementor-column-wrap elementor-element-populated\">\n\t\t\t\t\t\t\t<div class=\"elementor-widget-wrap\">\n\t\t\t\t\t\t<div class=\"elementor-element elementor-element-7b576c4 elementor-widget elementor-widget-text-editor\" data-id=\"7b576c4\" data-element_type=\"widget\" data-widget_type=\"text-editor.default\">\n\t\t\t\t<div class=\"elementor-widget-container\">\n\t\t\t\t\t\t\t\t<div class=\"elementor-text-editor elementor-clearfix\">\n\t\t\t\t<p>Nastavno na uspje\u0161no realizirane programe i projekte vezane uz nogomet, Udruga \u017eeli iskoristiti stru\u010dna znanja, iskustva kao i suradnju s vode\u0107im organizacijama, klubovima i udrugama koji rade u podru\u010dju nogometa za promicanje zdravog na\u010dina \u017eivota kroz sport i redovitu tjelesnu aktivnost kod djece, mladih i odraslih. Stoga se Udruga aktivno uklju\u010dila u kreiranje novog programa koji obuhva\u0107a natjecanje za djecu i mlade u novom sportu Teqball.<\/p><p>Teqball je sport temeljen na nogometu, koji se igra na posebno zakrivljenom stolu, koji privla\u010di novu generaciju sporta\u0161a i amaterskih entuzijasta, \u010dija je ambicija razviti svoje tehni\u010dke sposobnosti, koncentraciju i izdr\u017eljivost. Sport, koji je stvoren u Ma\u0111arskoj 2012. godine, doista je univerzalna igra jer pravila definiraju da se teqball igra izme\u0111u dva (pojedina\u010dna igra) ili \u010detiri igra\u010da (igra u parovima), bez obzira na dob i spol. Sport se temelji na principu bodovanja i mo\u017ee se igrati na razli\u010ditim podlogama, poput pijeska, akrila ili u zatvorenom prostoru. Teqball omogu\u0107uje igra\u010dima najvi\u0161e tri dodira prije nego \u0161to vrate loptu protivniku, stoga svi koji imaju sposobnost \u017eongliranja nogometnom loptom, mogu igrati i teqball. Teqball je naj\u010di\u0161\u0107a uporaba nogometne lopte, s pravilom da nije dopu\u0161ten fizi\u010dki kontakt izme\u0111u igra\u010da, ili izme\u0111u igra\u010da i stola, \u010dime se uklanja rizik ozljeda od udarca.<\/p><p>Vo\u0111eni sloganom da je Ssport za sve, cilj FITEQ-a je biti \u0161to inkluzivniji kako bi svim sporta\u0161ima omogu\u0107io u\u017eivanje u najbr\u017ee rastu\u0107em sportu na svijetu. Cilj je prihvatiti i \u0161iriti inkluzivne vrijednosti, osobito odlu\u010dnost, hrabrost, inspiraciju i jednakost. Bez obzira na dob, spol ili dru\u0161tveno podrijetlo, svatko bi trebao imati istu priliku pristupiti sportu, bilo da se bavi rekreacijom ili natjecanjem na najvi\u0161oj razini.<\/p><p>Teqball u brojkama:<\/p><ul><li>\u2022 Procjenjuje se 4500 igra\u010da u vi\u0161e od 100 zemalja;<\/li><li>\u2022 118 osnovanih nacionalnih federacija;<\/li><li>\u2022 Vi\u0161e od 2000 klubova diljem svijeta;<\/li><li>\u2022 Vi\u0161e od 1700 obu\u010denih sudaca FITEQ -a;<\/li><li>\u2022 3 organizirana svjetska prvenstva (2017., 2018., 2019.);<\/li><li>\u2022 Sport priznaju 2 kontinentalne olimpijske udruge (OCA, ANOCA);<\/li><li>\u2022 Status punopravnog \u010dlana GAISF -a;<\/li><\/ul>\t\t\t\t\t<\/div>\n\t\t\t\t\t\t<\/div>\n\t\t\t\t<\/div>\n\t\t\t\t\t\t<\/div>\n\t\t\t\t\t<\/div>\n\t\t<\/div>\n\t\t\t\t\t\t\t\t<\/div>\n\t\t\t\t\t<\/div>\n\t\t<\/section>\n\t\t\t\t<section class=\"elementor-section elementor-top-section elementor-element elementor-element-54682ba elementor-section-boxed elementor-section-height-default elementor-section-height-default\" data-id=\"54682ba\" data-element_type=\"section\">\n\t\t\t\t\t\t<div class=\"elementor-container elementor-column-gap-default\">\n\t\t\t\t\t\t\t<div class=\"elementor-row\">\n\t\t\t\t\t<div class=\"elementor-column elementor-col-50 elementor-top-column elementor-element elementor-element-72d8c7b\" data-id=\"72d8c7b\" data-element_type=\"column\">\n\t\t\t<div class=\"elementor-column-wrap elementor-element-populated\">\n\t\t\t\t\t\t\t<div class=\"elementor-widget-wrap\">\n\t\t\t\t\t\t<div class=\"elementor-element elementor-element-28a74e1 elementor-widget elementor-widget-image\" data-id=\"28a74e1\" data-element_type=\"widget\" data-widget_type=\"image.default\">\n\t\t\t\t<div class=\"elementor-widget-container\">\n\t\t\t\t\t\t\t\t<div class=\"elementor-image\">\n\t\t\t\t\t\t\t\t\t\t\t\t<img width=\"1024\" height=\"683\" src=\"https:\/\/healthlifeacademy.com\/wp-content\/uploads\/IMG_5419-1024x683.jpg\" class=\"attachment-large size-large\" alt=\"\" loading=\"lazy\" srcset=\"https:\/\/healthlifeacademy.com\/wp-content\/uploads\/IMG_5419-1024x683.jpg 1024w, https:\/\/healthlifeacademy.com\/wp-content\/uploads\/IMG_5419-300x200.jpg 300w, https:\/\/healthlifeacademy.com\/wp-content\/uploads\/IMG_5419-768x512.jpg 768w, https:\/\/healthlifeacademy.com\/wp-content\/uploads\/IMG_5419-1536x1024.jpg 1536w, https:\/\/healthlifeacademy.com\/wp-content\/uploads\/IMG_5419-2048x1365.jpg 2048w, https:\/\/healthlifeacademy.com\/wp-content\/uploads\/IMG_5419-16x12.jpg 16w\" sizes=\"(max-width: 1024px) 100vw, 1024px\" \/>\t\t\t\t\t\t\t\t\t\t\t\t\t\t<\/div>\n\t\t\t\t\t\t<\/div>\n\t\t\t\t<\/div>\n\t\t\t\t\t\t<\/div>\n\t\t\t\t\t<\/div>\n\t\t<\/div>\n\t\t\t\t<div class=\"elementor-column elementor-col-50 elementor-top-column elementor-element elementor-element-3c94d0c\" data-id=\"3c94d0c\" data-element_type=\"column\">\n\t\t\t<div class=\"elementor-column-wrap elementor-element-populated\">\n\t\t\t\t\t\t\t<div class=\"elementor-widget-wrap\">\n\t\t\t\t\t\t<div class=\"elementor-element elementor-element-13e83a0 elementor-widget elementor-widget-image\" data-id=\"13e83a0\" data-element_type=\"widget\" data-widget_type=\"image.default\">\n\t\t\t\t<div class=\"elementor-widget-container\">\n\t\t\t\t\t\t\t\t<div class=\"elementor-image\">\n\t\t\t\t\t\t\t\t\t\t\t\t<img width=\"1024\" height=\"683\" src=\"https:\/\/healthlifeacademy.com\/wp-content\/uploads\/DSC_0183-1024x683.jpg\" class=\"attachment-large size-large\" alt=\"\" loading=\"lazy\" srcset=\"https:\/\/healthlifeacademy.com\/wp-content\/uploads\/DSC_0183-1024x683.jpg 1024w, https:\/\/healthlifeacademy.com\/wp-content\/uploads\/DSC_0183-300x200.jpg 300w, https:\/\/healthlifeacademy.com\/wp-content\/uploads\/DSC_0183-768x512.jpg 768w, https:\/\/healthlifeacademy.com\/wp-content\/uploads\/DSC_0183-1536x1024.jpg 1536w, https:\/\/healthlifeacademy.com\/wp-content\/uploads\/DSC_0183-2048x1365.jpg 2048w, https:\/\/healthlifeacademy.com\/wp-content\/uploads\/DSC_0183-16x12.jpg 16w\" sizes=\"(max-width: 1024px) 100vw, 1024px\" \/>\t\t\t\t\t\t\t\t\t\t\t\t\t\t<\/div>\n\t\t\t\t\t\t<\/div>\n\t\t\t\t<\/div>\n\t\t\t\t\t\t<\/div>\n\t\t\t\t\t<\/div>\n\t\t<\/div>\n\t\t\t\t\t\t\t\t<\/div>\n\t\t\t\t\t<\/div>\n\t\t<\/section>\n\t\t\t\t\t\t<\/div>\n\t\t\t\t\t\t<\/div>\n\t\t\t\t\t<\/div>","protected":false},"excerpt":{"rendered":"<p>TEQBALL Continuing the successfully implemented programs and projects related to football, the Association wants to use professional knowledge, experience and cooperation with leading organizations, clubs and associations working in the field of football to promote a healthy lifestyle through sports and regular physical activity in children, youth and adults . Therefore, the Association is actively &hellip;<\/p>\n<p class=\"read-more\"> <a class=\"\" href=\"https:\/\/healthlifeacademy.com\/hr\/teqball\/\"> <span class=\"screen-reader-text\">Teqball<\/span> Read More &raquo;<\/a><\/p>","protected":false},"author":4,"featured_media":0,"parent":0,"menu_order":0,"comment_status":"closed","ping_status":"closed","template":"","meta":[],"_links":{"self":[{"href":"https:\/\/healthlifeacademy.com\/hr\/wp-json\/wp\/v2\/pages\/29413"}],"collection":[{"href":"https:\/\/healthlifeacademy.com\/hr\/wp-json\/wp\/v2\/pages"}],"about":[{"href":"https:\/\/healthlifeacademy.com\/hr\/wp-json\/wp\/v2\/types\/page"}],"author":[{"embeddable":true,"href":"https:\/\/healthlifeacademy.com\/hr\/wp-json\/wp\/v2\/users\/4"}],"replies":[{"embeddable":true,"href":"https:\/\/healthlifeacademy.com\/hr\/wp-json\/wp\/v2\/comments?post=29413"}],"version-history":[{"count":7,"href":"https:\/\/healthlifeacademy.com\/hr\/wp-json\/wp\/v2\/pages\/29413\/revisions"}],"predecessor-version":[{"id":29445,"href":"https:\/\/healthlifeacademy.com\/hr\/wp-json\/wp\/v2\/pages\/29413\/revisions\/29445"}],"wp:attachment":[{"href":"https:\/\/healthlifeacademy.com\/hr\/wp-json\/wp\/v2\/media?parent=29413"}],"curies":[{"name":"wp","href":"https:\/\/api.w.org\/{rel}","templated":true}]}}