{"id":29411,"date":"2022-03-03T10:34:32","date_gmt":"2022-03-03T10:34:32","guid":{"rendered":"https:\/\/healthlifeacademy.com\/?page_id=29411"},"modified":"2022-03-04T11:08:20","modified_gmt":"2022-03-04T11:08:20","slug":"mini-handball","status":"publish","type":"page","link":"https:\/\/healthlifeacademy.com\/hr\/mini-handball\/","title":{"rendered":"Mini handball"},"content":{"rendered":"<div data-elementor-type=\"wp-page\" data-elementor-id=\"29411\" class=\"elementor elementor-29411\" data-elementor-settings=\"[]\">\n\t\t\t\t\t\t<div class=\"elementor-inner\">\n\t\t\t\t\t\t\t<div class=\"elementor-section-wrap\">\n\t\t\t\t\t\t\t<section class=\"elementor-section elementor-top-section elementor-element elementor-element-af7f6e6 elementor-section-boxed elementor-section-height-default elementor-section-height-default\" data-id=\"af7f6e6\" data-element_type=\"section\">\n\t\t\t\t\t\t<div class=\"elementor-container elementor-column-gap-default\">\n\t\t\t\t\t\t\t<div class=\"elementor-row\">\n\t\t\t\t\t<div class=\"elementor-column elementor-col-100 elementor-top-column elementor-element elementor-element-11c8b27\" data-id=\"11c8b27\" data-element_type=\"column\">\n\t\t\t<div class=\"elementor-column-wrap elementor-element-populated\">\n\t\t\t\t\t\t\t<div class=\"elementor-widget-wrap\">\n\t\t\t\t\t\t<div class=\"elementor-element elementor-element-506803d elementor-widget elementor-widget-heading\" data-id=\"506803d\" data-element_type=\"widget\" data-widget_type=\"heading.default\">\n\t\t\t\t<div class=\"elementor-widget-container\">\n\t\t\t<h2 class=\"elementor-heading-title elementor-size-default\">Mini rukomet<\/h2>\t\t<\/div>\n\t\t\t\t<\/div>\n\t\t\t\t\t\t<\/div>\n\t\t\t\t\t<\/div>\n\t\t<\/div>\n\t\t\t\t\t\t\t\t<\/div>\n\t\t\t\t\t<\/div>\n\t\t<\/section>\n\t\t\t\t<section class=\"elementor-section elementor-top-section elementor-element elementor-element-a04c7ab elementor-section-boxed elementor-section-height-default elementor-section-height-default\" data-id=\"a04c7ab\" data-element_type=\"section\">\n\t\t\t\t\t\t<div class=\"elementor-container elementor-column-gap-default\">\n\t\t\t\t\t\t\t<div class=\"elementor-row\">\n\t\t\t\t\t<div class=\"elementor-column elementor-col-100 elementor-top-column elementor-element elementor-element-7dce42e\" data-id=\"7dce42e\" data-element_type=\"column\">\n\t\t\t<div class=\"elementor-column-wrap elementor-element-populated\">\n\t\t\t\t\t\t\t<div class=\"elementor-widget-wrap\">\n\t\t\t\t\t\t<div class=\"elementor-element elementor-element-80d406b elementor-widget elementor-widget-text-editor\" data-id=\"80d406b\" data-element_type=\"widget\" data-widget_type=\"text-editor.default\">\n\t\t\t\t<div class=\"elementor-widget-container\">\n\t\t\t\t\t\t\t\t<div class=\"elementor-text-editor elementor-clearfix\">\n\t\t\t\t<p>Mini rukomet najuspje\u0161nija je ina\u010dica rukometne igre u smislu rada s djecom i mladima. Nastao je u skandinavskim zemljama (Norve\u0161ka, Danska i \u0160vedska), a u Hrvatskoj je organiziran u okviru Nacionalnog rukometnog saveza (HRS-a) kroz takmi\u010denja klubova iz cijele zemlje. Mini rukomet prilago\u0111en je djeci do 10 godina starosti. Igra se na manjem terenu, manjim golovima, s manjom loptom i po pravilima koja su djeci lako razumljiva. Glavni je cilj zadovoljiti dje\u010dju potrebu za kretanjem kroz prirodne oblike kretanja i motivirati malu djecu na kontinuiranu fizi\u010dku aktivnost te uklju\u010divanje djece u izvannastavne aktivnosti na otvorenom i za vrijeme trajanja praznika. U utakmici nije va\u017ean kona\u010dan rezultat koliko je va\u017eno da u njoj djeca testiraju svoje vje\u0161tine i steknu pozitivno iskustvo igre bez obzira na pobjedu ili poraz. Najve\u0107a se va\u017enost pridaje razumijevanju igre, fair-play-u i me\u0111usobnoj suradnji.<\/p><p>S ciljem razvoja pojedinih motori\u010dkih sposobnosti mini rukomet mo\u017ee poslu\u017eiti kao integralni pristup treniranja zbog toga \u0161to se igra temelji na brzini, agilnosti, prostorno-vremenskoj orijentaciji, ritmu i koordinaciji op\u0107enito. Sve spomenute sposobnosti nalaze se u svojim senzibilnim fazama koje predstavljaju najbolje vrijeme za njihov razvoj. Treba naglasiti da mini rukomet obiluje prirodnim oblicima kretanja kao \u0161to su tr\u010danje, bacanje, hvatanje, skakanje, itd.<\/p><p>Udruga \u201eAkademija zdravog \u017eivljenja\u201c suradnji s RK Medulin ve\u0107 2. godinu provodi program mini rukometa na pijesku s ciljem odr\u017eavanja kontinuiteta bavljenja sportskim aktivnostima i nakon zavr\u0161etka \u0161kolske godine. Kroz projekt se nastoje osigurati uvjeti besplatnog uklju\u010divanja djece u mini rukomet na pijesku te im omogu\u0107iti cjelodnevni sportski program popra\u0107en velikim brojem dodatnog zabavnog sadr\u017eaja.<\/p>\t\t\t\t\t<\/div>\n\t\t\t\t\t\t<\/div>\n\t\t\t\t<\/div>\n\t\t\t\t\t\t<\/div>\n\t\t\t\t\t<\/div>\n\t\t<\/div>\n\t\t\t\t\t\t\t\t<\/div>\n\t\t\t\t\t<\/div>\n\t\t<\/section>\n\t\t\t\t<section class=\"elementor-section elementor-top-section elementor-element elementor-element-cd25f1d elementor-section-boxed elementor-section-height-default elementor-section-height-default\" data-id=\"cd25f1d\" data-element_type=\"section\">\n\t\t\t\t\t\t<div class=\"elementor-container elementor-column-gap-default\">\n\t\t\t\t\t\t\t<div class=\"elementor-row\">\n\t\t\t\t\t<div class=\"elementor-column elementor-col-50 elementor-top-column elementor-element elementor-element-fc6e112\" data-id=\"fc6e112\" data-element_type=\"column\">\n\t\t\t<div class=\"elementor-column-wrap elementor-element-populated\">\n\t\t\t\t\t\t\t<div class=\"elementor-widget-wrap\">\n\t\t\t\t\t\t<div class=\"elementor-element elementor-element-d93413d elementor-widget elementor-widget-image\" data-id=\"d93413d\" data-element_type=\"widget\" data-widget_type=\"image.default\">\n\t\t\t\t<div class=\"elementor-widget-container\">\n\t\t\t\t\t\t\t\t<div class=\"elementor-image\">\n\t\t\t\t\t\t\t\t\t\t\t\t<img width=\"1024\" height=\"768\" src=\"https:\/\/healthlifeacademy.com\/wp-content\/uploads\/dwd-1024x768.jpg\" class=\"attachment-large size-large\" alt=\"\" loading=\"lazy\" srcset=\"https:\/\/healthlifeacademy.com\/wp-content\/uploads\/dwd-1024x768.jpg 1024w, https:\/\/healthlifeacademy.com\/wp-content\/uploads\/dwd-300x225.jpg 300w, https:\/\/healthlifeacademy.com\/wp-content\/uploads\/dwd-768x576.jpg 768w, https:\/\/healthlifeacademy.com\/wp-content\/uploads\/dwd-1536x1152.jpg 1536w, https:\/\/healthlifeacademy.com\/wp-content\/uploads\/dwd-16x12.jpg 16w, https:\/\/healthlifeacademy.com\/wp-content\/uploads\/dwd.jpg 1600w\" sizes=\"(max-width: 1024px) 100vw, 1024px\" \/>\t\t\t\t\t\t\t\t\t\t\t\t\t\t<\/div>\n\t\t\t\t\t\t<\/div>\n\t\t\t\t<\/div>\n\t\t\t\t\t\t<\/div>\n\t\t\t\t\t<\/div>\n\t\t<\/div>\n\t\t\t\t<div class=\"elementor-column elementor-col-50 elementor-top-column elementor-element elementor-element-a1a9f50\" data-id=\"a1a9f50\" data-element_type=\"column\">\n\t\t\t<div class=\"elementor-column-wrap elementor-element-populated\">\n\t\t\t\t\t\t\t<div class=\"elementor-widget-wrap\">\n\t\t\t\t\t\t<div class=\"elementor-element elementor-element-e9d0452 elementor-widget elementor-widget-image\" data-id=\"e9d0452\" data-element_type=\"widget\" data-widget_type=\"image.default\">\n\t\t\t\t<div class=\"elementor-widget-container\">\n\t\t\t\t\t\t\t\t<div class=\"elementor-image\">\n\t\t\t\t\t\t\t\t\t\t\t\t<img width=\"1024\" height=\"768\" src=\"https:\/\/healthlifeacademy.com\/wp-content\/uploads\/ssw-1024x768.jpg\" class=\"attachment-large size-large\" alt=\"\" loading=\"lazy\" srcset=\"https:\/\/healthlifeacademy.com\/wp-content\/uploads\/ssw-1024x768.jpg 1024w, https:\/\/healthlifeacademy.com\/wp-content\/uploads\/ssw-300x225.jpg 300w, https:\/\/healthlifeacademy.com\/wp-content\/uploads\/ssw-768x576.jpg 768w, https:\/\/healthlifeacademy.com\/wp-content\/uploads\/ssw-1536x1152.jpg 1536w, https:\/\/healthlifeacademy.com\/wp-content\/uploads\/ssw-16x12.jpg 16w, https:\/\/healthlifeacademy.com\/wp-content\/uploads\/ssw.jpg 1600w\" sizes=\"(max-width: 1024px) 100vw, 1024px\" \/>\t\t\t\t\t\t\t\t\t\t\t\t\t\t<\/div>\n\t\t\t\t\t\t<\/div>\n\t\t\t\t<\/div>\n\t\t\t\t\t\t<\/div>\n\t\t\t\t\t<\/div>\n\t\t<\/div>\n\t\t\t\t\t\t\t\t<\/div>\n\t\t\t\t\t<\/div>\n\t\t<\/section>\n\t\t\t\t\t\t<\/div>\n\t\t\t\t\t\t<\/div>\n\t\t\t\t\t<\/div>","protected":false},"excerpt":{"rendered":"<p>MINI HANDBALL Mini handball is the most successful version of the handball game in terms of working with children and youth. It was created in the Scandinavian countries (Norway, Denmark and Sweden), and in Croatia it was organized within the National Handball Federation (HRS) through competitions of clubs from all over the country. Mini handball &hellip;<\/p>\n<p class=\"read-more\"> <a class=\"\" href=\"https:\/\/healthlifeacademy.com\/hr\/mini-handball\/\"> <span class=\"screen-reader-text\">Mini handball<\/span> Read More &raquo;<\/a><\/p>","protected":false},"author":4,"featured_media":0,"parent":0,"menu_order":0,"comment_status":"closed","ping_status":"closed","template":"","meta":[],"_links":{"self":[{"href":"https:\/\/healthlifeacademy.com\/hr\/wp-json\/wp\/v2\/pages\/29411"}],"collection":[{"href":"https:\/\/healthlifeacademy.com\/hr\/wp-json\/wp\/v2\/pages"}],"about":[{"href":"https:\/\/healthlifeacademy.com\/hr\/wp-json\/wp\/v2\/types\/page"}],"author":[{"embeddable":true,"href":"https:\/\/healthlifeacademy.com\/hr\/wp-json\/wp\/v2\/users\/4"}],"replies":[{"embeddable":true,"href":"https:\/\/healthlifeacademy.com\/hr\/wp-json\/wp\/v2\/comments?post=29411"}],"version-history":[{"count":4,"href":"https:\/\/healthlifeacademy.com\/hr\/wp-json\/wp\/v2\/pages\/29411\/revisions"}],"predecessor-version":[{"id":29451,"href":"https:\/\/healthlifeacademy.com\/hr\/wp-json\/wp\/v2\/pages\/29411\/revisions\/29451"}],"wp:attachment":[{"href":"https:\/\/healthlifeacademy.com\/hr\/wp-json\/wp\/v2\/media?parent=29411"}],"curies":[{"name":"wp","href":"https:\/\/api.w.org\/{rel}","templated":true}]}}