{"id":29409,"date":"2022-03-03T10:34:00","date_gmt":"2022-03-03T10:34:00","guid":{"rendered":"https:\/\/healthlifeacademy.com\/?page_id=29409"},"modified":"2022-03-04T11:18:12","modified_gmt":"2022-03-04T11:18:12","slug":"inclusive-tennis","status":"publish","type":"page","link":"https:\/\/healthlifeacademy.com\/hr\/inclusive-tennis\/","title":{"rendered":"Inclusive tennis"},"content":{"rendered":"<div data-elementor-type=\"wp-page\" data-elementor-id=\"29409\" class=\"elementor elementor-29409\" data-elementor-settings=\"[]\">\n\t\t\t\t\t\t<div class=\"elementor-inner\">\n\t\t\t\t\t\t\t<div class=\"elementor-section-wrap\">\n\t\t\t\t\t\t\t<section class=\"elementor-section elementor-top-section elementor-element elementor-element-7ddb29c elementor-section-boxed elementor-section-height-default elementor-section-height-default\" data-id=\"7ddb29c\" data-element_type=\"section\">\n\t\t\t\t\t\t<div class=\"elementor-container elementor-column-gap-default\">\n\t\t\t\t\t\t\t<div class=\"elementor-row\">\n\t\t\t\t\t<div class=\"elementor-column elementor-col-100 elementor-top-column elementor-element elementor-element-57dd5e9\" data-id=\"57dd5e9\" data-element_type=\"column\">\n\t\t\t<div class=\"elementor-column-wrap elementor-element-populated\">\n\t\t\t\t\t\t\t<div class=\"elementor-widget-wrap\">\n\t\t\t\t\t\t<div class=\"elementor-element elementor-element-393b662 elementor-widget elementor-widget-heading\" data-id=\"393b662\" data-element_type=\"widget\" data-widget_type=\"heading.default\">\n\t\t\t\t<div class=\"elementor-widget-container\">\n\t\t\t<h2 class=\"elementor-heading-title elementor-size-default\">INKLUZIVNI TENIS<\/h2>\t\t<\/div>\n\t\t\t\t<\/div>\n\t\t\t\t\t\t<\/div>\n\t\t\t\t\t<\/div>\n\t\t<\/div>\n\t\t\t\t\t\t\t\t<\/div>\n\t\t\t\t\t<\/div>\n\t\t<\/section>\n\t\t\t\t<section class=\"elementor-section elementor-top-section elementor-element elementor-element-d19fbaa elementor-section-boxed elementor-section-height-default elementor-section-height-default\" data-id=\"d19fbaa\" data-element_type=\"section\">\n\t\t\t\t\t\t<div class=\"elementor-container elementor-column-gap-default\">\n\t\t\t\t\t\t\t<div class=\"elementor-row\">\n\t\t\t\t\t<div class=\"elementor-column elementor-col-100 elementor-top-column elementor-element elementor-element-190e5ce\" data-id=\"190e5ce\" data-element_type=\"column\">\n\t\t\t<div class=\"elementor-column-wrap elementor-element-populated\">\n\t\t\t\t\t\t\t<div class=\"elementor-widget-wrap\">\n\t\t\t\t\t\t<div class=\"elementor-element elementor-element-9a60c4a elementor-widget elementor-widget-text-editor\" data-id=\"9a60c4a\" data-element_type=\"widget\" data-widget_type=\"text-editor.default\">\n\t\t\t\t<div class=\"elementor-widget-container\">\n\t\t\t\t\t\t\t\t<div class=\"elementor-text-editor elementor-clearfix\">\n\t\t\t\t<p>Vo\u0111eni iskustvima roditelja djece s poreme\u0107ajem iz spektra autizma, \u201eUdruga Akademija Zdravog \u017eivljenja\u201c organizira teniski program za djecom s te\u0161ko\u0107ama u razvoju. Posebni program iniciran je kako bi se djeci pru\u017ealo jedno novo iskustvo i prilika za u\u010denje odnosno primjenu nau\u010denih pona\u0161anja kroz program tenisa.<\/p><p>Program se temelji na prilago\u0111enom programu funkcionalnog treninga koji je primjenjiv za sve osobe s posebnim potrebama, ali je osmi\u0161ljen kao terapijski tretman za djecu s poreme\u0107ajima iz spektra autizma. Prema American College of Sports Medicine (ACSM, 2017),  funkcionalni trening je neuromotorni program vje\u017ebanja koji integrira motori\u010dke sposobnosti poput ravnote\u017ee, koordinacije, hoda, agilnosti i proprioceptivni trening.<\/p><p>Program je baziran na osnovnim vje\u017ebama programa prilago\u0111enog osobama s te\u0161ko\u0107ama u razvoju te dodatnim kineziolo\u0161kim sadr\u017eajima objavljenih u stru\u010dnoj publikaciji pod nazivom \u201ePrijedlog programa kineziterapijskog tretmana kod djece s poreme\u0107ajima iz autisti\u010dnog spektra\u201c (L.Pintar Osrede\u010dki i A.Naumovski, 2010).<\/p><p>Neznatan broj djece ima priliku biti dio uobi\u010dajenih sportskih aktivnosti (posebno timskih aktivnosti) ili nekih drugih doga\u0111anja koja nisu dio terapijskih tretmana ili obiteljskih proslava. I sami roditelji imaju sve vi\u0161e upita kako organizirati djetetu slobodno vrijeme, jer uz sav trud postignut zajedni\u010dkim snagama roditelja i stru\u010dnjaka uklju\u010denih u razvoj djeteta, i dalje ostaje djelomi\u010dan problem pri uspostavljanju kvalitetnih i spontanih odnosa s vr\u0161njacima u ne strukturiranim situacijama, poput ro\u0111endana, igranja na igrali\u0161tima i sl.<\/p>\t\t\t\t\t<\/div>\n\t\t\t\t\t\t<\/div>\n\t\t\t\t<\/div>\n\t\t\t\t\t\t<\/div>\n\t\t\t\t\t<\/div>\n\t\t<\/div>\n\t\t\t\t\t\t\t\t<\/div>\n\t\t\t\t\t<\/div>\n\t\t<\/section>\n\t\t\t\t<section class=\"elementor-section elementor-top-section elementor-element elementor-element-d4b3442 elementor-section-boxed elementor-section-height-default elementor-section-height-default\" data-id=\"d4b3442\" data-element_type=\"section\">\n\t\t\t\t\t\t<div class=\"elementor-container elementor-column-gap-default\">\n\t\t\t\t\t\t\t<div class=\"elementor-row\">\n\t\t\t\t\t<div class=\"elementor-column elementor-col-50 elementor-top-column elementor-element elementor-element-d327d2b\" data-id=\"d327d2b\" data-element_type=\"column\">\n\t\t\t<div class=\"elementor-column-wrap elementor-element-populated\">\n\t\t\t\t\t\t\t<div class=\"elementor-widget-wrap\">\n\t\t\t\t\t\t<div class=\"elementor-element elementor-element-b04c856 elementor-widget elementor-widget-image\" data-id=\"b04c856\" data-element_type=\"widget\" data-widget_type=\"image.default\">\n\t\t\t\t<div class=\"elementor-widget-container\">\n\t\t\t\t\t\t\t\t<div class=\"elementor-image\">\n\t\t\t\t\t\t\t\t\t\t\t\t<img width=\"1024\" height=\"683\" src=\"https:\/\/healthlifeacademy.com\/wp-content\/uploads\/IMG_2568-1024x683.jpg\" class=\"attachment-large size-large\" alt=\"\" loading=\"lazy\" srcset=\"https:\/\/healthlifeacademy.com\/wp-content\/uploads\/IMG_2568-1024x683.jpg 1024w, https:\/\/healthlifeacademy.com\/wp-content\/uploads\/IMG_2568-300x200.jpg 300w, https:\/\/healthlifeacademy.com\/wp-content\/uploads\/IMG_2568-768x512.jpg 768w, https:\/\/healthlifeacademy.com\/wp-content\/uploads\/IMG_2568-1536x1024.jpg 1536w, https:\/\/healthlifeacademy.com\/wp-content\/uploads\/IMG_2568-2048x1365.jpg 2048w, https:\/\/healthlifeacademy.com\/wp-content\/uploads\/IMG_2568-16x12.jpg 16w\" sizes=\"(max-width: 1024px) 100vw, 1024px\" \/>\t\t\t\t\t\t\t\t\t\t\t\t\t\t<\/div>\n\t\t\t\t\t\t<\/div>\n\t\t\t\t<\/div>\n\t\t\t\t\t\t<\/div>\n\t\t\t\t\t<\/div>\n\t\t<\/div>\n\t\t\t\t<div class=\"elementor-column elementor-col-50 elementor-top-column elementor-element elementor-element-939debe\" data-id=\"939debe\" data-element_type=\"column\">\n\t\t\t<div class=\"elementor-column-wrap elementor-element-populated\">\n\t\t\t\t\t\t\t<div class=\"elementor-widget-wrap\">\n\t\t\t\t\t\t<div class=\"elementor-element elementor-element-aa578f1 elementor-widget elementor-widget-image\" data-id=\"aa578f1\" data-element_type=\"widget\" data-widget_type=\"image.default\">\n\t\t\t\t<div class=\"elementor-widget-container\">\n\t\t\t\t\t\t\t\t<div class=\"elementor-image\">\n\t\t\t\t\t\t\t\t\t\t\t\t<img width=\"1024\" height=\"683\" src=\"https:\/\/healthlifeacademy.com\/wp-content\/uploads\/as-1024x683.jpg\" class=\"attachment-large size-large\" alt=\"\" loading=\"lazy\" srcset=\"https:\/\/healthlifeacademy.com\/wp-content\/uploads\/as-1024x683.jpg 1024w, https:\/\/healthlifeacademy.com\/wp-content\/uploads\/as-300x200.jpg 300w, https:\/\/healthlifeacademy.com\/wp-content\/uploads\/as-768x512.jpg 768w, https:\/\/healthlifeacademy.com\/wp-content\/uploads\/as-18x12.jpg 18w, https:\/\/healthlifeacademy.com\/wp-content\/uploads\/as.jpg 1385w\" sizes=\"(max-width: 1024px) 100vw, 1024px\" \/>\t\t\t\t\t\t\t\t\t\t\t\t\t\t<\/div>\n\t\t\t\t\t\t<\/div>\n\t\t\t\t<\/div>\n\t\t\t\t\t\t<\/div>\n\t\t\t\t\t<\/div>\n\t\t<\/div>\n\t\t\t\t\t\t\t\t<\/div>\n\t\t\t\t\t<\/div>\n\t\t<\/section>\n\t\t\t\t\t\t<\/div>\n\t\t\t\t\t\t<\/div>\n\t\t\t\t\t<\/div>","protected":false},"excerpt":{"rendered":"<p>INCLUSIVE TENNIS Guided by the experiences of parents of children with autism spectrum disorder, the Association organizes a tennis program for children with disabilities. A special program was initiated in order to provide children with a new experience and opportunity to learn or apply the learned behaviors through the tennis program. The program is based &hellip;<\/p>\n<p class=\"read-more\"> <a class=\"\" href=\"https:\/\/healthlifeacademy.com\/hr\/inclusive-tennis\/\"> <span class=\"screen-reader-text\">Inclusive tennis<\/span> Read More &raquo;<\/a><\/p>","protected":false},"author":4,"featured_media":0,"parent":0,"menu_order":0,"comment_status":"closed","ping_status":"closed","template":"","meta":[],"_links":{"self":[{"href":"https:\/\/healthlifeacademy.com\/hr\/wp-json\/wp\/v2\/pages\/29409"}],"collection":[{"href":"https:\/\/healthlifeacademy.com\/hr\/wp-json\/wp\/v2\/pages"}],"about":[{"href":"https:\/\/healthlifeacademy.com\/hr\/wp-json\/wp\/v2\/types\/page"}],"author":[{"embeddable":true,"href":"https:\/\/healthlifeacademy.com\/hr\/wp-json\/wp\/v2\/users\/4"}],"replies":[{"embeddable":true,"href":"https:\/\/healthlifeacademy.com\/hr\/wp-json\/wp\/v2\/comments?post=29409"}],"version-history":[{"count":7,"href":"https:\/\/healthlifeacademy.com\/hr\/wp-json\/wp\/v2\/pages\/29409\/revisions"}],"predecessor-version":[{"id":29459,"href":"https:\/\/healthlifeacademy.com\/hr\/wp-json\/wp\/v2\/pages\/29409\/revisions\/29459"}],"wp:attachment":[{"href":"https:\/\/healthlifeacademy.com\/hr\/wp-json\/wp\/v2\/media?parent=29409"}],"curies":[{"name":"wp","href":"https:\/\/api.w.org\/{rel}","templated":true}]}}