{"id":29407,"date":"2022-03-03T10:33:15","date_gmt":"2022-03-03T10:33:15","guid":{"rendered":"https:\/\/healthlifeacademy.com\/?page_id=29407"},"modified":"2022-03-04T11:21:47","modified_gmt":"2022-03-04T11:21:47","slug":"croatia-like-walk-clw","status":"publish","type":"page","link":"https:\/\/healthlifeacademy.com\/hr\/croatia-like-walk-clw\/","title":{"rendered":"Croatia Like Walk (CLW)"},"content":{"rendered":"<div data-elementor-type=\"wp-page\" data-elementor-id=\"29407\" class=\"elementor elementor-29407\" data-elementor-settings=\"[]\">\n\t\t\t\t\t\t<div class=\"elementor-inner\">\n\t\t\t\t\t\t\t<div class=\"elementor-section-wrap\">\n\t\t\t\t\t\t\t<section class=\"elementor-section elementor-top-section elementor-element elementor-element-260e496 elementor-section-boxed elementor-section-height-default elementor-section-height-default\" data-id=\"260e496\" data-element_type=\"section\">\n\t\t\t\t\t\t<div class=\"elementor-container elementor-column-gap-default\">\n\t\t\t\t\t\t\t<div class=\"elementor-row\">\n\t\t\t\t\t<div class=\"elementor-column elementor-col-100 elementor-top-column elementor-element elementor-element-98f501e\" data-id=\"98f501e\" data-element_type=\"column\">\n\t\t\t<div class=\"elementor-column-wrap elementor-element-populated\">\n\t\t\t\t\t\t\t<div class=\"elementor-widget-wrap\">\n\t\t\t\t\t\t<div class=\"elementor-element elementor-element-467475f elementor-widget elementor-widget-heading\" data-id=\"467475f\" data-element_type=\"widget\" data-widget_type=\"heading.default\">\n\t\t\t\t<div class=\"elementor-widget-container\">\n\t\t\t<h2 class=\"elementor-heading-title elementor-size-default\">CROATIA LIKE WALK<\/h2>\t\t<\/div>\n\t\t\t\t<\/div>\n\t\t\t\t\t\t<\/div>\n\t\t\t\t\t<\/div>\n\t\t<\/div>\n\t\t\t\t\t\t\t\t<\/div>\n\t\t\t\t\t<\/div>\n\t\t<\/section>\n\t\t\t\t<section class=\"elementor-section elementor-top-section elementor-element elementor-element-92f5013 elementor-section-boxed elementor-section-height-default elementor-section-height-default\" data-id=\"92f5013\" data-element_type=\"section\">\n\t\t\t\t\t\t<div class=\"elementor-container elementor-column-gap-default\">\n\t\t\t\t\t\t\t<div class=\"elementor-row\">\n\t\t\t\t\t<div class=\"elementor-column elementor-col-100 elementor-top-column elementor-element elementor-element-d079b01\" data-id=\"d079b01\" data-element_type=\"column\">\n\t\t\t<div class=\"elementor-column-wrap elementor-element-populated\">\n\t\t\t\t\t\t\t<div class=\"elementor-widget-wrap\">\n\t\t\t\t\t\t<div class=\"elementor-element elementor-element-6b581e5 elementor-widget elementor-widget-text-editor\" data-id=\"6b581e5\" data-element_type=\"widget\" data-widget_type=\"text-editor.default\">\n\t\t\t\t<div class=\"elementor-widget-container\">\n\t\t\t\t\t\t\t\t<div class=\"elementor-text-editor elementor-clearfix\">\n\t\t\t\t<p>Turisti\u010dko-edukativni projekt Croatia Like Walk, utemeljen je u najboljem duhu olimpizma, a dugoro\u010dni mu je cilj valorizacija i pozicioniranje odr\u017eivog sportskog turizma kao va\u017enog segmenta cjelovite ponude na\u0161ih destinacija. Uostalom, hodanjem su i za\u010dete Olimpijske igre.<\/p><p>Projekt je osmi\u0161ljen u cilju promicanja sporta i olimpizma u cilju o\u010duvanja zdravlja i poticanja zdravstvenog turizma u Republici Hrvatskoj. Cilj jest izgradnja autenti\u010dnog i jedinstvenog hrvatskog brenda koji uva\u017eava sve lokalne sportske, prirodne i kulturne posebnosti.<\/p><p>Hodanje je najjednostavnija i \u010dovjeku najprirodnija tjelesna aktivnost.  Kao oblik sportske rekreacije, brzo ili sportsko hodanje (\"walking\") mo\u017ee nam omogu\u0107iti da, bez obzira na dob i na to jesmo li se ili nismo prije bavili sportom, postignemo i odr\u017eimo zavidnu tjelesnu i psihi\u010dku kondiciju. Redovitim i discipliniranim brzim hodanjem mnogo \u0107emo u\u010diniti i za na\u0161e zdravlje i za dobro raspolo\u017eenje. Kako brzo ili sportsko hodanje znatno manje optere\u0107uje organizam, a posebno zglobove, od tr\u010danja, ono predstavlja idealan oblik sportske rekreacije ne samo za mlade ve\u0107 i za osobe srednje i starije dobi. Brzo hodanje, atletska sportska disciplina prerasla je u oblik masovne sportske rekreacije najprije u Americi odakle se potom vrlo brzo ra\u0161irila i diljem europskog kontinenta. U uvjetima suvremenoga \u017eivljenja koje karakterizira nedostatak kretanja, brzo hodanje predstavlja idealan na\u010din rekreacije za sve, bez obzira na godine i trenuta\u010dnu kondiciju. Nadalje, pozitivni efekti brzog hodanja vrlo su brzo vidljivi, a rizik od preoptere\u0107ivanja organizma gotovo da i ne postoji.<\/p><p>Namjera projekta jest uspostaviti modularnu krovnu manifestaciju koja sustavno promovira sportsko hodanje kao konkurentan i dugoro\u010dni sportski projekt u segmentu zdravstvenog turizma s izra\u017eenom perspektivom razvoja, a njegov osnovni cilj je sustavno promicanje sportskog hodanja kao bazi\u010dnog oblika sporta u najboljem duhu olimpizma.<\/p>\t\t\t\t\t<\/div>\n\t\t\t\t\t\t<\/div>\n\t\t\t\t<\/div>\n\t\t\t\t\t\t<\/div>\n\t\t\t\t\t<\/div>\n\t\t<\/div>\n\t\t\t\t\t\t\t\t<\/div>\n\t\t\t\t\t<\/div>\n\t\t<\/section>\n\t\t\t\t<section class=\"elementor-section elementor-top-section elementor-element elementor-element-f01cd23 elementor-section-boxed elementor-section-height-default elementor-section-height-default\" data-id=\"f01cd23\" data-element_type=\"section\">\n\t\t\t\t\t\t<div class=\"elementor-container elementor-column-gap-default\">\n\t\t\t\t\t\t\t<div class=\"elementor-row\">\n\t\t\t\t\t<div class=\"elementor-column elementor-col-50 elementor-top-column elementor-element elementor-element-53b28a4\" data-id=\"53b28a4\" data-element_type=\"column\">\n\t\t\t<div class=\"elementor-column-wrap elementor-element-populated\">\n\t\t\t\t\t\t\t<div class=\"elementor-widget-wrap\">\n\t\t\t\t\t\t<div class=\"elementor-element elementor-element-4ee2add elementor-widget elementor-widget-image\" data-id=\"4ee2add\" data-element_type=\"widget\" data-widget_type=\"image.default\">\n\t\t\t\t<div class=\"elementor-widget-container\">\n\t\t\t\t\t\t\t\t<div class=\"elementor-image\">\n\t\t\t\t\t\t\t\t\t\t\t\t<img width=\"1024\" height=\"687\" src=\"https:\/\/healthlifeacademy.com\/wp-content\/uploads\/European-Mile-Arena-2--1024x687.jpg\" class=\"attachment-large size-large\" alt=\"\" loading=\"lazy\" srcset=\"https:\/\/healthlifeacademy.com\/wp-content\/uploads\/European-Mile-Arena-2--1024x687.jpg 1024w, https:\/\/healthlifeacademy.com\/wp-content\/uploads\/European-Mile-Arena-2--300x201.jpg 300w, https:\/\/healthlifeacademy.com\/wp-content\/uploads\/European-Mile-Arena-2--768x516.jpg 768w, https:\/\/healthlifeacademy.com\/wp-content\/uploads\/European-Mile-Arena-2--1536x1031.jpg 1536w, https:\/\/healthlifeacademy.com\/wp-content\/uploads\/European-Mile-Arena-2--2048x1375.jpg 2048w, https:\/\/healthlifeacademy.com\/wp-content\/uploads\/European-Mile-Arena-2--16x12.jpg 16w\" sizes=\"(max-width: 1024px) 100vw, 1024px\" \/>\t\t\t\t\t\t\t\t\t\t\t\t\t\t<\/div>\n\t\t\t\t\t\t<\/div>\n\t\t\t\t<\/div>\n\t\t\t\t\t\t<\/div>\n\t\t\t\t\t<\/div>\n\t\t<\/div>\n\t\t\t\t<div class=\"elementor-column elementor-col-50 elementor-top-column elementor-element elementor-element-b05b455\" data-id=\"b05b455\" data-element_type=\"column\">\n\t\t\t<div class=\"elementor-column-wrap elementor-element-populated\">\n\t\t\t\t\t\t\t<div class=\"elementor-widget-wrap\">\n\t\t\t\t\t\t<div class=\"elementor-element elementor-element-51cccb5 elementor-widget elementor-widget-image\" data-id=\"51cccb5\" data-element_type=\"widget\" data-widget_type=\"image.default\">\n\t\t\t\t<div class=\"elementor-widget-container\">\n\t\t\t\t\t\t\t\t<div class=\"elementor-image\">\n\t\t\t\t\t\t\t\t\t\t\t\t<img width=\"1024\" height=\"688\" src=\"https:\/\/healthlifeacademy.com\/wp-content\/uploads\/qw-1024x688.jpg\" class=\"attachment-large size-large\" alt=\"\" loading=\"lazy\" srcset=\"https:\/\/healthlifeacademy.com\/wp-content\/uploads\/qw-1024x688.jpg 1024w, https:\/\/healthlifeacademy.com\/wp-content\/uploads\/qw-300x202.jpg 300w, https:\/\/healthlifeacademy.com\/wp-content\/uploads\/qw-768x516.jpg 768w, https:\/\/healthlifeacademy.com\/wp-content\/uploads\/qw-18x12.jpg 18w, https:\/\/healthlifeacademy.com\/wp-content\/uploads\/qw.jpg 1200w\" sizes=\"(max-width: 1024px) 100vw, 1024px\" \/>\t\t\t\t\t\t\t\t\t\t\t\t\t\t<\/div>\n\t\t\t\t\t\t<\/div>\n\t\t\t\t<\/div>\n\t\t\t\t\t\t<\/div>\n\t\t\t\t\t<\/div>\n\t\t<\/div>\n\t\t\t\t\t\t\t\t<\/div>\n\t\t\t\t\t<\/div>\n\t\t<\/section>\n\t\t\t\t\t\t<\/div>\n\t\t\t\t\t\t<\/div>\n\t\t\t\t\t<\/div>","protected":false},"excerpt":{"rendered":"<p>CROATIA LIKE WALK The Croatia Like Walk tourism-educational project was founded in the best spirit of Olympism, and its long-term goal is to valorize and position sustainable sports tourism as an important segment of the overall offer of our destinations. After all, walking started the Olympic Games. The project is designed to promote sports and &hellip;<\/p>\n<p class=\"read-more\"> <a class=\"\" href=\"https:\/\/healthlifeacademy.com\/hr\/croatia-like-walk-clw\/\"> <span class=\"screen-reader-text\">Croatia Like Walk (CLW)<\/span> Read More &raquo;<\/a><\/p>","protected":false},"author":4,"featured_media":0,"parent":0,"menu_order":0,"comment_status":"closed","ping_status":"closed","template":"","meta":[],"_links":{"self":[{"href":"https:\/\/healthlifeacademy.com\/hr\/wp-json\/wp\/v2\/pages\/29407"}],"collection":[{"href":"https:\/\/healthlifeacademy.com\/hr\/wp-json\/wp\/v2\/pages"}],"about":[{"href":"https:\/\/healthlifeacademy.com\/hr\/wp-json\/wp\/v2\/types\/page"}],"author":[{"embeddable":true,"href":"https:\/\/healthlifeacademy.com\/hr\/wp-json\/wp\/v2\/users\/4"}],"replies":[{"embeddable":true,"href":"https:\/\/healthlifeacademy.com\/hr\/wp-json\/wp\/v2\/comments?post=29407"}],"version-history":[{"count":4,"href":"https:\/\/healthlifeacademy.com\/hr\/wp-json\/wp\/v2\/pages\/29407\/revisions"}],"predecessor-version":[{"id":29464,"href":"https:\/\/healthlifeacademy.com\/hr\/wp-json\/wp\/v2\/pages\/29407\/revisions\/29464"}],"wp:attachment":[{"href":"https:\/\/healthlifeacademy.com\/hr\/wp-json\/wp\/v2\/media?parent=29407"}],"curies":[{"name":"wp","href":"https:\/\/api.w.org\/{rel}","templated":true}]}}