{"id":29405,"date":"2022-03-03T10:32:33","date_gmt":"2022-03-03T10:32:33","guid":{"rendered":"https:\/\/healthlifeacademy.com\/?page_id=29405"},"modified":"2022-03-04T11:28:40","modified_gmt":"2022-03-04T11:28:40","slug":"10-europaediatrics-healthsports-corner","status":"publish","type":"page","link":"https:\/\/healthlifeacademy.com\/hr\/10-europaediatrics-healthsports-corner\/","title":{"rendered":"10. EUROPAEDIATRICS \/ Health&#038;Sports CORNER"},"content":{"rendered":"<div data-elementor-type=\"wp-page\" data-elementor-id=\"29405\" class=\"elementor elementor-29405\" data-elementor-settings=\"[]\">\n\t\t\t\t\t\t<div class=\"elementor-inner\">\n\t\t\t\t\t\t\t<div class=\"elementor-section-wrap\">\n\t\t\t\t\t\t\t<section class=\"elementor-section elementor-top-section elementor-element elementor-element-f8bb04b elementor-section-boxed elementor-section-height-default elementor-section-height-default\" data-id=\"f8bb04b\" data-element_type=\"section\">\n\t\t\t\t\t\t<div class=\"elementor-container elementor-column-gap-default\">\n\t\t\t\t\t\t\t<div class=\"elementor-row\">\n\t\t\t\t\t<div class=\"elementor-column elementor-col-100 elementor-top-column elementor-element elementor-element-006e08f\" data-id=\"006e08f\" data-element_type=\"column\">\n\t\t\t<div class=\"elementor-column-wrap elementor-element-populated\">\n\t\t\t\t\t\t\t<div class=\"elementor-widget-wrap\">\n\t\t\t\t\t\t<div class=\"elementor-element elementor-element-df14ea4 elementor-widget elementor-widget-heading\" data-id=\"df14ea4\" data-element_type=\"widget\" data-widget_type=\"heading.default\">\n\t\t\t\t<div class=\"elementor-widget-container\">\n\t\t\t<h2 class=\"elementor-heading-title elementor-size-default\">EUROPAEDIATRICS \/ HEALTH&amp;SPORT CORNER<\/h2>\t\t<\/div>\n\t\t\t\t<\/div>\n\t\t\t\t\t\t<\/div>\n\t\t\t\t\t<\/div>\n\t\t<\/div>\n\t\t\t\t\t\t\t\t<\/div>\n\t\t\t\t\t<\/div>\n\t\t<\/section>\n\t\t\t\t<section class=\"elementor-section elementor-top-section elementor-element elementor-element-b1bf878 elementor-section-boxed elementor-section-height-default elementor-section-height-default\" data-id=\"b1bf878\" data-element_type=\"section\">\n\t\t\t\t\t\t<div class=\"elementor-container elementor-column-gap-default\">\n\t\t\t\t\t\t\t<div class=\"elementor-row\">\n\t\t\t\t\t<div class=\"elementor-column elementor-col-100 elementor-top-column elementor-element elementor-element-e3b8641\" data-id=\"e3b8641\" data-element_type=\"column\">\n\t\t\t<div class=\"elementor-column-wrap elementor-element-populated\">\n\t\t\t\t\t\t\t<div class=\"elementor-widget-wrap\">\n\t\t\t\t\t\t<div class=\"elementor-element elementor-element-883a2bb elementor-widget elementor-widget-text-editor\" data-id=\"883a2bb\" data-element_type=\"widget\" data-widget_type=\"text-editor.default\">\n\t\t\t\t<div class=\"elementor-widget-container\">\n\t\t\t\t\t\t\t\t<div class=\"elementor-text-editor elementor-clearfix\">\n\t\t\t\t<p>Jedan od najzna\u010dajnijih me\u0111unarodnih medicinskih skupova 2021. godine koji \u0107e se odr\u017eati u Hrvatskoj je 10. Europaediatrics (europski kongres pedijatara).\u00a0<span style=\"font-size: 16px;\">Croatia is the 10th Europaediatrics (European Congress of Pediatricians).<\/span><\/p><p>EPA - European Paediatric Association, krovna udruga pedijatara Europe organizator je jednog od najve\u0107ih skupova svjetske pedijatrije koji godi\u0161nje okuplja od 1600 do 2000 sudionika.<\/p><p>Godine 2021. \u010dast da bude doma\u0107in ovako zna\u010dajnog skupa pripala je Gradu Zagrebu. Po prvi put kongres se odr\u017eava u suradnji s udru\u017eenjem ECPCP - European Confederation of Primary Care Paediatricians koja broji vi\u0161e od 20 000 \u010dlanova.<\/p><p>Pedijatri su medicinski stru\u010dnjaci koji su prisutni u \u017eivotu \u010dovjeka od samog ro\u0111enja te svojim savjetima i uputama roditeljima o svakodnevnoj tjelesnoj aktivnosti mogu pravilno usmjeriti razvoj djeteta od najranije dobi.<\/p>\t\t\t\t\t<\/div>\n\t\t\t\t\t\t<\/div>\n\t\t\t\t<\/div>\n\t\t\t\t\t\t<\/div>\n\t\t\t\t\t<\/div>\n\t\t<\/div>\n\t\t\t\t\t\t\t\t<\/div>\n\t\t\t\t\t<\/div>\n\t\t<\/section>\n\t\t\t\t<section class=\"elementor-section elementor-top-section elementor-element elementor-element-32d5c5b elementor-section-boxed elementor-section-height-default elementor-section-height-default\" data-id=\"32d5c5b\" data-element_type=\"section\">\n\t\t\t\t\t\t<div class=\"elementor-container elementor-column-gap-default\">\n\t\t\t\t\t\t\t<div class=\"elementor-row\">\n\t\t\t\t\t<div class=\"elementor-column elementor-col-50 elementor-top-column elementor-element elementor-element-cadf9b3\" data-id=\"cadf9b3\" data-element_type=\"column\">\n\t\t\t<div class=\"elementor-column-wrap elementor-element-populated\">\n\t\t\t\t\t\t\t<div class=\"elementor-widget-wrap\">\n\t\t\t\t\t\t<div class=\"elementor-element elementor-element-aa4190a elementor-widget elementor-widget-image\" data-id=\"aa4190a\" data-element_type=\"widget\" data-widget_type=\"image.default\">\n\t\t\t\t<div class=\"elementor-widget-container\">\n\t\t\t\t\t\t\t\t<div class=\"elementor-image\">\n\t\t\t\t\t\t\t\t\t\t\t\t<img width=\"1024\" height=\"682\" src=\"https:\/\/healthlifeacademy.com\/wp-content\/uploads\/TRTR-1024x682.jpg\" class=\"attachment-large size-large\" alt=\"\" loading=\"lazy\" srcset=\"https:\/\/healthlifeacademy.com\/wp-content\/uploads\/TRTR-1024x682.jpg 1024w, https:\/\/healthlifeacademy.com\/wp-content\/uploads\/TRTR-300x200.jpg 300w, https:\/\/healthlifeacademy.com\/wp-content\/uploads\/TRTR-768x512.jpg 768w, https:\/\/healthlifeacademy.com\/wp-content\/uploads\/TRTR-18x12.jpg 18w, https:\/\/healthlifeacademy.com\/wp-content\/uploads\/TRTR.jpg 1379w\" sizes=\"(max-width: 1024px) 100vw, 1024px\" \/>\t\t\t\t\t\t\t\t\t\t\t\t\t\t<\/div>\n\t\t\t\t\t\t<\/div>\n\t\t\t\t<\/div>\n\t\t\t\t\t\t<\/div>\n\t\t\t\t\t<\/div>\n\t\t<\/div>\n\t\t\t\t<div class=\"elementor-column elementor-col-50 elementor-top-column elementor-element elementor-element-42a9644\" data-id=\"42a9644\" data-element_type=\"column\">\n\t\t\t<div class=\"elementor-column-wrap elementor-element-populated\">\n\t\t\t\t\t\t\t<div class=\"elementor-widget-wrap\">\n\t\t\t\t\t\t<div class=\"elementor-element elementor-element-bb43e0a elementor-widget elementor-widget-image\" data-id=\"bb43e0a\" data-element_type=\"widget\" data-widget_type=\"image.default\">\n\t\t\t\t<div class=\"elementor-widget-container\">\n\t\t\t\t\t\t\t\t<div class=\"elementor-image\">\n\t\t\t\t\t\t\t\t\t\t\t\t<img width=\"1024\" height=\"682\" src=\"https:\/\/healthlifeacademy.com\/wp-content\/uploads\/RTRT-1024x682.jpg\" class=\"attachment-large size-large\" alt=\"\" loading=\"lazy\" srcset=\"https:\/\/healthlifeacademy.com\/wp-content\/uploads\/RTRT-1024x682.jpg 1024w, https:\/\/healthlifeacademy.com\/wp-content\/uploads\/RTRT-300x200.jpg 300w, https:\/\/healthlifeacademy.com\/wp-content\/uploads\/RTRT-768x512.jpg 768w, https:\/\/healthlifeacademy.com\/wp-content\/uploads\/RTRT-18x12.jpg 18w, https:\/\/healthlifeacademy.com\/wp-content\/uploads\/RTRT.jpg 1379w\" sizes=\"(max-width: 1024px) 100vw, 1024px\" \/>\t\t\t\t\t\t\t\t\t\t\t\t\t\t<\/div>\n\t\t\t\t\t\t<\/div>\n\t\t\t\t<\/div>\n\t\t\t\t\t\t<\/div>\n\t\t\t\t\t<\/div>\n\t\t<\/div>\n\t\t\t\t\t\t\t\t<\/div>\n\t\t\t\t\t<\/div>\n\t\t<\/section>\n\t\t\t\t\t\t<\/div>\n\t\t\t\t\t\t<\/div>\n\t\t\t\t\t<\/div>","protected":false},"excerpt":{"rendered":"<p>EUROPAEDIATRICS \/ HEALTH&amp;SPORT CORNER One of the most important international medical gatherings in 2021, which will be held in\u00a0Croatia is the 10th Europaediatrics (European Congress of Pediatricians). EPA &#8211; European Pediatric Association, the umbrella association of pediatricians in Europe, is the organizer of one of the largest gatherings of world pediatrics, which annually brings together &hellip;<\/p>\n<p class=\"read-more\"> <a class=\"\" href=\"https:\/\/healthlifeacademy.com\/hr\/10-europaediatrics-healthsports-corner\/\"> <span class=\"screen-reader-text\">10. EUROPAEDIATRICS \/ Health&#038;Sports CORNER<\/span> Read More &raquo;<\/a><\/p>","protected":false},"author":4,"featured_media":0,"parent":0,"menu_order":0,"comment_status":"closed","ping_status":"closed","template":"","meta":[],"_links":{"self":[{"href":"https:\/\/healthlifeacademy.com\/hr\/wp-json\/wp\/v2\/pages\/29405"}],"collection":[{"href":"https:\/\/healthlifeacademy.com\/hr\/wp-json\/wp\/v2\/pages"}],"about":[{"href":"https:\/\/healthlifeacademy.com\/hr\/wp-json\/wp\/v2\/types\/page"}],"author":[{"embeddable":true,"href":"https:\/\/healthlifeacademy.com\/hr\/wp-json\/wp\/v2\/users\/4"}],"replies":[{"embeddable":true,"href":"https:\/\/healthlifeacademy.com\/hr\/wp-json\/wp\/v2\/comments?post=29405"}],"version-history":[{"count":4,"href":"https:\/\/healthlifeacademy.com\/hr\/wp-json\/wp\/v2\/pages\/29405\/revisions"}],"predecessor-version":[{"id":29470,"href":"https:\/\/healthlifeacademy.com\/hr\/wp-json\/wp\/v2\/pages\/29405\/revisions\/29470"}],"wp:attachment":[{"href":"https:\/\/healthlifeacademy.com\/hr\/wp-json\/wp\/v2\/media?parent=29405"}],"curies":[{"name":"wp","href":"https:\/\/api.w.org\/{rel}","templated":true}]}}