{"id":28960,"date":"2021-04-15T10:53:57","date_gmt":"2021-04-15T10:53:57","guid":{"rendered":"https:\/\/healthlifeacademy.com\/?page_id=28960"},"modified":"2021-04-16T10:35:16","modified_gmt":"2021-04-16T10:35:16","slug":"essd","status":"publish","type":"page","link":"https:\/\/healthlifeacademy.com\/hr\/essd\/","title":{"rendered":"ESSD"},"content":{"rendered":"<div data-elementor-type=\"wp-page\" data-elementor-id=\"28960\" class=\"elementor elementor-28960\" data-elementor-settings=\"[]\">\n\t\t\t\t\t\t<div class=\"elementor-inner\">\n\t\t\t\t\t\t\t<div class=\"elementor-section-wrap\">\n\t\t\t\t\t\t\t<section class=\"elementor-section elementor-top-section elementor-element elementor-element-2bad7fb elementor-section-boxed elementor-section-height-default elementor-section-height-default\" data-id=\"2bad7fb\" data-element_type=\"section\">\n\t\t\t\t\t\t<div class=\"elementor-container elementor-column-gap-default\">\n\t\t\t\t\t\t\t<div class=\"elementor-row\">\n\t\t\t\t\t<div class=\"elementor-column elementor-col-100 elementor-top-column elementor-element elementor-element-4dcb1c3\" data-id=\"4dcb1c3\" data-element_type=\"column\">\n\t\t\t<div class=\"elementor-column-wrap elementor-element-populated\">\n\t\t\t\t\t\t\t<div class=\"elementor-widget-wrap\">\n\t\t\t\t\t\t<div class=\"elementor-element elementor-element-8c8293d elementor-widget elementor-widget-image\" data-id=\"8c8293d\" data-element_type=\"widget\" data-widget_type=\"image.default\">\n\t\t\t\t<div class=\"elementor-widget-container\">\n\t\t\t\t\t\t\t\t<div class=\"elementor-image\">\n\t\t\t\t\t\t\t\t\t\t\t\t<img width=\"1024\" height=\"299\" src=\"https:\/\/healthlifeacademy.com\/wp-content\/uploads\/ESSD-LOGO-1024x299.png\" class=\"attachment-large size-large\" alt=\"\" loading=\"lazy\" srcset=\"https:\/\/healthlifeacademy.com\/wp-content\/uploads\/ESSD-LOGO-1024x299.png 1024w, https:\/\/healthlifeacademy.com\/wp-content\/uploads\/ESSD-LOGO-300x88.png 300w, https:\/\/healthlifeacademy.com\/wp-content\/uploads\/ESSD-LOGO-768x224.png 768w, https:\/\/healthlifeacademy.com\/wp-content\/uploads\/ESSD-LOGO-1536x449.png 1536w, https:\/\/healthlifeacademy.com\/wp-content\/uploads\/ESSD-LOGO-2048x598.png 2048w, https:\/\/healthlifeacademy.com\/wp-content\/uploads\/ESSD-LOGO-16x5.png 16w\" sizes=\"(max-width: 1024px) 100vw, 1024px\" \/>\t\t\t\t\t\t\t\t\t\t\t\t\t\t<\/div>\n\t\t\t\t\t\t<\/div>\n\t\t\t\t<\/div>\n\t\t\t\t\t\t<\/div>\n\t\t\t\t\t<\/div>\n\t\t<\/div>\n\t\t\t\t\t\t\t\t<\/div>\n\t\t\t\t\t<\/div>\n\t\t<\/section>\n\t\t\t\t<section class=\"elementor-section elementor-top-section elementor-element elementor-element-d0f1da9 elementor-section-full_width elementor-section-height-default elementor-section-height-default elementor-invisible\" data-id=\"d0f1da9\" data-element_type=\"section\" data-settings=\"{&quot;animation&quot;:&quot;fadeIn&quot;,&quot;background_background&quot;:&quot;slideshow&quot;,&quot;background_slideshow_gallery&quot;:[],&quot;background_slideshow_loop&quot;:&quot;yes&quot;,&quot;background_slideshow_slide_duration&quot;:5000,&quot;background_slideshow_slide_transition&quot;:&quot;fade&quot;,&quot;background_slideshow_transition_duration&quot;:500}\">\n\t\t\t\t\t\t<div class=\"elementor-container elementor-column-gap-default\">\n\t\t\t\t\t\t\t<div class=\"elementor-row\">\n\t\t\t\t\t<div class=\"elementor-column elementor-col-100 elementor-top-column elementor-element elementor-element-1d46192\" data-id=\"1d46192\" data-element_type=\"column\">\n\t\t\t<div class=\"elementor-column-wrap elementor-element-populated\">\n\t\t\t\t\t\t\t<div class=\"elementor-widget-wrap\">\n\t\t\t\t\t\t<div class=\"elementor-element elementor-element-0176e31 elementor-widget-divider--view-line elementor-widget elementor-widget-divider\" data-id=\"0176e31\" data-element_type=\"widget\" data-widget_type=\"divider.default\">\n\t\t\t\t<div class=\"elementor-widget-container\">\n\t\t\t\t\t<div class=\"elementor-divider\">\n\t\t\t<span class=\"elementor-divider-separator\">\n\t\t\t\t\t\t<\/span>\n\t\t<\/div>\n\t\t\t\t<\/div>\n\t\t\t\t<\/div>\n\t\t\t\t<div class=\"elementor-element elementor-element-3366794 elementor-widget elementor-widget-text-editor\" data-id=\"3366794\" data-element_type=\"widget\" data-widget_type=\"text-editor.default\">\n\t\t\t\t<div class=\"elementor-widget-container\">\n\t\t\t\t\t\t\t\t<div class=\"elementor-text-editor elementor-clearfix\">\n\t\t\t\t<p style=\"text-align: start; margin-bottom: 0.0001pt; line-height: normal;\"><span style=\"text-align: center;\"><span style=\"font-family: Noto Sans, sans-serif;\">Europski \u0161kolski sportski dan (ESSD) je me\u0111unarodni \u0161kolski dan posve\u0107en zabavi, zajedni\u010dkoj igri i promicanju tjelesne aktivnosti i zdravlja za sve. Sportski je dan prilika za poticanje u\u010denika na aktivnost u sklopu kampanje #BeActive,\nte njihovo motiviranje da postanu ambasadori i zagovornici zdravog na\u010dina \u017eivota i\ndobre forme.\u00a0<\/span><\/span><span style=\"font-family: 'Noto Sans', sans-serif; font-size: 16px; font-style: normal; font-weight: 400; text-align: start;\">Sportski je dan jedan od odgovora Europske komisije na zabrinjavaju\u0107i pad bavljenja sportom i fizi\u010dkom aktivnosti u svim dr\u017eavama \u010dlanicama.<\/span><\/p>\t\t\t\t\t<\/div>\n\t\t\t\t\t\t<\/div>\n\t\t\t\t<\/div>\n\t\t\t\t\t\t<\/div>\n\t\t\t\t\t<\/div>\n\t\t<\/div>\n\t\t\t\t\t\t\t\t<\/div>\n\t\t\t\t\t<\/div>\n\t\t<\/section>\n\t\t\t\t<section class=\"elementor-section elementor-top-section elementor-element elementor-element-1288adb elementor-section-full_width elementor-section-height-default elementor-section-height-default\" data-id=\"1288adb\" data-element_type=\"section\">\n\t\t\t\t\t\t<div class=\"elementor-container elementor-column-gap-default\">\n\t\t\t\t\t\t\t<div class=\"elementor-row\">\n\t\t\t\t\t<div class=\"elementor-column elementor-col-100 elementor-top-column elementor-element elementor-element-340ac54\" data-id=\"340ac54\" data-element_type=\"column\">\n\t\t\t<div class=\"elementor-column-wrap elementor-element-populated\">\n\t\t\t\t\t\t\t<div class=\"elementor-widget-wrap\">\n\t\t\t\t\t\t<div class=\"elementor-element elementor-element-c7445e8 elementor-widget elementor-widget-image\" data-id=\"c7445e8\" data-element_type=\"widget\" data-widget_type=\"image.default\">\n\t\t\t\t<div class=\"elementor-widget-container\">\n\t\t\t\t\t\t\t\t<div class=\"elementor-image\">\n\t\t\t\t\t\t\t\t\t\t\t\t\t<a href=\"https:\/\/www.essd.eu\/\">\n\t\t\t\t\t\t\t<img width=\"1024\" height=\"576\" src=\"https:\/\/healthlifeacademy.com\/wp-content\/uploads\/ESSD-12-1024x576.png\" class=\"attachment-large size-large\" alt=\"\" loading=\"lazy\" srcset=\"https:\/\/healthlifeacademy.com\/wp-content\/uploads\/ESSD-12-1024x576.png 1024w, https:\/\/healthlifeacademy.com\/wp-content\/uploads\/ESSD-12-300x169.png 300w, https:\/\/healthlifeacademy.com\/wp-content\/uploads\/ESSD-12-768x432.png 768w, https:\/\/healthlifeacademy.com\/wp-content\/uploads\/ESSD-12-16x9.png 16w, https:\/\/healthlifeacademy.com\/wp-content\/uploads\/ESSD-12.png 1099w\" sizes=\"(max-width: 1024px) 100vw, 1024px\" \/>\t\t\t\t\t\t\t\t<\/a>\n\t\t\t\t\t\t\t\t\t\t\t\t\t\t<\/div>\n\t\t\t\t\t\t<\/div>\n\t\t\t\t<\/div>\n\t\t\t\t\t\t<\/div>\n\t\t\t\t\t<\/div>\n\t\t<\/div>\n\t\t\t\t\t\t\t\t<\/div>\n\t\t\t\t\t<\/div>\n\t\t<\/section>\n\t\t\t\t<section class=\"elementor-section elementor-top-section elementor-element elementor-element-23a6212 elementor-section-boxed elementor-section-height-default elementor-section-height-default\" data-id=\"23a6212\" data-element_type=\"section\">\n\t\t\t\t\t\t<div class=\"elementor-container elementor-column-gap-default\">\n\t\t\t\t\t\t\t<div class=\"elementor-row\">\n\t\t\t\t\t<div class=\"elementor-column elementor-col-50 elementor-top-column elementor-element elementor-element-11954e2\" data-id=\"11954e2\" data-element_type=\"column\">\n\t\t\t<div class=\"elementor-column-wrap elementor-element-populated\">\n\t\t\t\t\t\t\t<div class=\"elementor-widget-wrap\">\n\t\t\t\t\t\t<div class=\"elementor-element elementor-element-160b0d7 elementor-widget elementor-widget-text-editor\" data-id=\"160b0d7\" data-element_type=\"widget\" data-widget_type=\"text-editor.default\">\n\t\t\t\t<div class=\"elementor-widget-container\">\n\t\t\t\t\t\t\t\t<div class=\"elementor-text-editor elementor-clearfix\">\n\t\t\t\t<p>Za sudjelovanje u sportskom danu potrebno je potaknuti \u0161kole da budu aktivne (#BeActive) najmanje 120 minuta tr\u010de\u0107i, igraju\u0107i igre, ple\u0161u\u0107i, ska\u010du\u0107i preko u\u017eeta ili bave\u0107i se nekom drugom fizi\u010dkom aktivnosti.\u00a0\u00a0<span style=\"font-size: 16px;\">To je slavlje sporta koje \u0161kolama omogu\u0107uje:<\/span><\/p><ul><li>Nagla\u0161avanje va\u017enosti tjelesnog odgoja i sporta u \u0161kolama.<\/li><li>Stvaranje zabavnih i zanimljivih fizi\u010dkih aktivnosti za mlade.<\/li><li>Promicanje zdravlja i dobre forme kroz cjelo\u017eivotno u\u010denje.<\/li><li>Poticanje uklju\u010denosti u dru\u0161tvo i razvoj dru\u0161tvenih kompetencija me\u0111u u\u010denicima.<\/li><\/ul><p>ESSD je otvoren za bilo koju vrstu tjelesne aktivnosti koja ima za cilj potaknuti djecu da budu aktivna najmanje 120 minuta dnevno ili da tr\u010de\u0107i\/hodaju\u0107i prije\u0111u zacrtanu godi\u0161nju udaljenost (npr. 2016 metara u 2016).<\/p>\t\t\t\t\t<\/div>\n\t\t\t\t\t\t<\/div>\n\t\t\t\t<\/div>\n\t\t\t\t\t\t<\/div>\n\t\t\t\t\t<\/div>\n\t\t<\/div>\n\t\t\t\t<div class=\"elementor-column elementor-col-50 elementor-top-column elementor-element elementor-element-22f9c02\" data-id=\"22f9c02\" data-element_type=\"column\">\n\t\t\t<div class=\"elementor-column-wrap elementor-element-populated\">\n\t\t\t\t\t\t\t<div class=\"elementor-widget-wrap\">\n\t\t\t\t\t\t<div class=\"elementor-element elementor-element-5258a5b elementor-widget elementor-widget-image\" data-id=\"5258a5b\" data-element_type=\"widget\" data-widget_type=\"image.default\">\n\t\t\t\t<div class=\"elementor-widget-container\">\n\t\t\t\t\t\t\t\t<div class=\"elementor-image\">\n\t\t\t\t\t\t\t\t\t\t\t\t<img width=\"1024\" height=\"682\" src=\"https:\/\/healthlifeacademy.com\/wp-content\/uploads\/ESSD_Hungary-12-1024x682.jpg\" class=\"attachment-large size-large\" alt=\"\" loading=\"lazy\" srcset=\"https:\/\/healthlifeacademy.com\/wp-content\/uploads\/ESSD_Hungary-12-1024x682.jpg 1024w, https:\/\/healthlifeacademy.com\/wp-content\/uploads\/ESSD_Hungary-12-300x200.jpg 300w, https:\/\/healthlifeacademy.com\/wp-content\/uploads\/ESSD_Hungary-12-768x512.jpg 768w, https:\/\/healthlifeacademy.com\/wp-content\/uploads\/ESSD_Hungary-12-16x12.jpg 16w, https:\/\/healthlifeacademy.com\/wp-content\/uploads\/ESSD_Hungary-12.jpg 1280w\" sizes=\"(max-width: 1024px) 100vw, 1024px\" \/>\t\t\t\t\t\t\t\t\t\t\t\t\t\t<\/div>\n\t\t\t\t\t\t<\/div>\n\t\t\t\t<\/div>\n\t\t\t\t\t\t<\/div>\n\t\t\t\t\t<\/div>\n\t\t<\/div>\n\t\t\t\t\t\t\t\t<\/div>\n\t\t\t\t\t<\/div>\n\t\t<\/section>\n\t\t\t\t<section class=\"elementor-section elementor-top-section elementor-element elementor-element-da31706 elementor-section-boxed elementor-section-height-default elementor-section-height-default\" data-id=\"da31706\" data-element_type=\"section\">\n\t\t\t\t\t\t<div class=\"elementor-container elementor-column-gap-default\">\n\t\t\t\t\t\t\t<div class=\"elementor-row\">\n\t\t\t\t\t<div class=\"elementor-column elementor-col-33 elementor-top-column elementor-element elementor-element-969ca6c\" data-id=\"969ca6c\" data-element_type=\"column\">\n\t\t\t<div class=\"elementor-column-wrap elementor-element-populated\">\n\t\t\t\t\t\t\t<div class=\"elementor-widget-wrap\">\n\t\t\t\t\t\t<div class=\"elementor-element elementor-element-630c9f9 elementor-widget elementor-widget-image\" data-id=\"630c9f9\" data-element_type=\"widget\" data-widget_type=\"image.default\">\n\t\t\t\t<div class=\"elementor-widget-container\">\n\t\t\t\t\t\t\t\t<div class=\"elementor-image\">\n\t\t\t\t\t\t\t\t\t\t\t\t<img width=\"1024\" height=\"299\" src=\"https:\/\/healthlifeacademy.com\/wp-content\/uploads\/ESSD-LOGO-1024x299.png\" class=\"attachment-large size-large\" alt=\"\" loading=\"lazy\" srcset=\"https:\/\/healthlifeacademy.com\/wp-content\/uploads\/ESSD-LOGO-1024x299.png 1024w, https:\/\/healthlifeacademy.com\/wp-content\/uploads\/ESSD-LOGO-300x88.png 300w, https:\/\/healthlifeacademy.com\/wp-content\/uploads\/ESSD-LOGO-768x224.png 768w, https:\/\/healthlifeacademy.com\/wp-content\/uploads\/ESSD-LOGO-1536x449.png 1536w, https:\/\/healthlifeacademy.com\/wp-content\/uploads\/ESSD-LOGO-2048x598.png 2048w, https:\/\/healthlifeacademy.com\/wp-content\/uploads\/ESSD-LOGO-16x5.png 16w\" sizes=\"(max-width: 1024px) 100vw, 1024px\" \/>\t\t\t\t\t\t\t\t\t\t\t\t\t\t<\/div>\n\t\t\t\t\t\t<\/div>\n\t\t\t\t<\/div>\n\t\t\t\t\t\t<\/div>\n\t\t\t\t\t<\/div>\n\t\t<\/div>\n\t\t\t\t<div class=\"elementor-column elementor-col-33 elementor-top-column elementor-element elementor-element-e7212a7\" data-id=\"e7212a7\" data-element_type=\"column\">\n\t\t\t<div class=\"elementor-column-wrap elementor-element-populated\">\n\t\t\t\t\t\t\t<div class=\"elementor-widget-wrap\">\n\t\t\t\t\t\t<div class=\"elementor-element elementor-element-131da7e elementor-widget elementor-widget-image\" data-id=\"131da7e\" data-element_type=\"widget\" data-widget_type=\"image.default\">\n\t\t\t\t<div class=\"elementor-widget-container\">\n\t\t\t\t\t\t\t\t<div class=\"elementor-image\">\n\t\t\t\t\t\t\t\t\t\t\t\t<img width=\"449\" height=\"112\" src=\"https:\/\/healthlifeacademy.com\/wp-content\/uploads\/beactive.png\" class=\"attachment-large size-large\" alt=\"\" loading=\"lazy\" srcset=\"https:\/\/healthlifeacademy.com\/wp-content\/uploads\/beactive.png 449w, https:\/\/healthlifeacademy.com\/wp-content\/uploads\/beactive-300x75.png 300w, https:\/\/healthlifeacademy.com\/wp-content\/uploads\/beactive-16x4.png 16w\" sizes=\"(max-width: 449px) 100vw, 449px\" \/>\t\t\t\t\t\t\t\t\t\t\t\t\t\t<\/div>\n\t\t\t\t\t\t<\/div>\n\t\t\t\t<\/div>\n\t\t\t\t\t\t<\/div>\n\t\t\t\t\t<\/div>\n\t\t<\/div>\n\t\t\t\t<div class=\"elementor-column elementor-col-33 elementor-top-column elementor-element elementor-element-4a37260\" data-id=\"4a37260\" data-element_type=\"column\">\n\t\t\t<div class=\"elementor-column-wrap elementor-element-populated\">\n\t\t\t\t\t\t\t<div class=\"elementor-widget-wrap\">\n\t\t\t\t\t\t<div class=\"elementor-element elementor-element-923600e elementor-widget elementor-widget-image\" data-id=\"923600e\" data-element_type=\"widget\" data-widget_type=\"image.default\">\n\t\t\t\t<div class=\"elementor-widget-container\">\n\t\t\t\t\t\t\t\t<div class=\"elementor-image\">\n\t\t\t\t\t\t\t\t\t\t\t\t<img width=\"300\" height=\"208\" src=\"https:\/\/healthlifeacademy.com\/wp-content\/uploads\/European_Commission.svg-300x208.png\" class=\"attachment-medium size-medium\" alt=\"\" loading=\"lazy\" srcset=\"https:\/\/healthlifeacademy.com\/wp-content\/uploads\/European_Commission.svg-300x208.png 300w, https:\/\/healthlifeacademy.com\/wp-content\/uploads\/European_Commission.svg-1024x710.png 1024w, https:\/\/healthlifeacademy.com\/wp-content\/uploads\/European_Commission.svg-768x532.png 768w, https:\/\/healthlifeacademy.com\/wp-content\/uploads\/European_Commission.svg-16x12.png 16w, https:\/\/healthlifeacademy.com\/wp-content\/uploads\/European_Commission.svg.png 1280w\" sizes=\"(max-width: 300px) 100vw, 300px\" \/>\t\t\t\t\t\t\t\t\t\t\t\t\t\t<\/div>\n\t\t\t\t\t\t<\/div>\n\t\t\t\t<\/div>\n\t\t\t\t\t\t<\/div>\n\t\t\t\t\t<\/div>\n\t\t<\/div>\n\t\t\t\t\t\t\t\t<\/div>\n\t\t\t\t\t<\/div>\n\t\t<\/section>\n\t\t\t\t<section class=\"elementor-section elementor-top-section elementor-element elementor-element-21a0704 elementor-section-boxed elementor-section-height-default elementor-section-height-default\" data-id=\"21a0704\" data-element_type=\"section\">\n\t\t\t\t\t\t<div class=\"elementor-container elementor-column-gap-default\">\n\t\t\t\t\t\t\t<div class=\"elementor-row\">\n\t\t\t\t\t<div class=\"elementor-column elementor-col-100 elementor-top-column elementor-element elementor-element-14e147f\" data-id=\"14e147f\" data-element_type=\"column\">\n\t\t\t<div class=\"elementor-column-wrap\">\n\t\t\t\t\t\t\t<div class=\"elementor-widget-wrap\">\n\t\t\t\t\t\t\t\t<\/div>\n\t\t\t\t\t<\/div>\n\t\t<\/div>\n\t\t\t\t\t\t\t\t<\/div>\n\t\t\t\t\t<\/div>\n\t\t<\/section>\n\t\t\t\t\t\t<\/div>\n\t\t\t\t\t\t<\/div>\n\t\t\t\t\t<\/div>","protected":false},"excerpt":{"rendered":"<p>The European School Sport Day (ESSD) is a school day dedicated to having fun, playing together and promoting physical activity and health for everyone. The Day is an opportunity not just to encourage students to #BeActive, but to empower students as leaders and advocates for health and fitness.\u00a0The Day is part of the European Commission\u2019s &hellip;<\/p>\n<p class=\"read-more\"> <a class=\"\" href=\"https:\/\/healthlifeacademy.com\/hr\/essd\/\"> <span class=\"screen-reader-text\">ESSD<\/span> Read More &raquo;<\/a><\/p>","protected":false},"author":4,"featured_media":0,"parent":0,"menu_order":0,"comment_status":"closed","ping_status":"closed","template":"","meta":[],"_links":{"self":[{"href":"https:\/\/healthlifeacademy.com\/hr\/wp-json\/wp\/v2\/pages\/28960"}],"collection":[{"href":"https:\/\/healthlifeacademy.com\/hr\/wp-json\/wp\/v2\/pages"}],"about":[{"href":"https:\/\/healthlifeacademy.com\/hr\/wp-json\/wp\/v2\/types\/page"}],"author":[{"embeddable":true,"href":"https:\/\/healthlifeacademy.com\/hr\/wp-json\/wp\/v2\/users\/4"}],"replies":[{"embeddable":true,"href":"https:\/\/healthlifeacademy.com\/hr\/wp-json\/wp\/v2\/comments?post=28960"}],"version-history":[{"count":15,"href":"https:\/\/healthlifeacademy.com\/hr\/wp-json\/wp\/v2\/pages\/28960\/revisions"}],"predecessor-version":[{"id":28982,"href":"https:\/\/healthlifeacademy.com\/hr\/wp-json\/wp\/v2\/pages\/28960\/revisions\/28982"}],"wp:attachment":[{"href":"https:\/\/healthlifeacademy.com\/hr\/wp-json\/wp\/v2\/media?parent=28960"}],"curies":[{"name":"wp","href":"https:\/\/api.w.org\/{rel}","templated":true}]}}