{"id":28945,"date":"2021-04-15T07:39:59","date_gmt":"2021-04-15T07:39:59","guid":{"rendered":"https:\/\/healthlifeacademy.com\/?page_id=28945"},"modified":"2022-06-27T12:01:04","modified_gmt":"2022-06-27T12:01:04","slug":"european-mile","status":"publish","type":"page","link":"https:\/\/healthlifeacademy.com\/hr\/european-mile\/","title":{"rendered":"European Mile"},"content":{"rendered":"<div data-elementor-type=\"wp-page\" data-elementor-id=\"28945\" class=\"elementor elementor-28945\" data-elementor-settings=\"[]\">\n\t\t\t\t\t\t<div class=\"elementor-inner\">\n\t\t\t\t\t\t\t<div class=\"elementor-section-wrap\">\n\t\t\t\t\t\t\t<section class=\"elementor-section elementor-top-section elementor-element elementor-element-17a60a3 elementor-section-boxed elementor-section-height-default elementor-section-height-default elementor-invisible\" data-id=\"17a60a3\" data-element_type=\"section\" data-settings=\"{&quot;background_background&quot;:&quot;classic&quot;,&quot;animation&quot;:&quot;fadeInDown&quot;}\">\n\t\t\t\t\t\t\t<div class=\"elementor-background-overlay\"><\/div>\n\t\t\t\t\t\t\t<div class=\"elementor-container elementor-column-gap-default\">\n\t\t\t\t\t\t\t<div class=\"elementor-row\">\n\t\t\t\t\t<div class=\"elementor-column elementor-col-100 elementor-top-column elementor-element elementor-element-5474046\" data-id=\"5474046\" data-element_type=\"column\">\n\t\t\t<div class=\"elementor-column-wrap\">\n\t\t\t\t\t\t\t<div class=\"elementor-widget-wrap\">\n\t\t\t\t\t\t\t\t<\/div>\n\t\t\t\t\t<\/div>\n\t\t<\/div>\n\t\t\t\t\t\t\t\t<\/div>\n\t\t\t\t\t<\/div>\n\t\t<\/section>\n\t\t\t\t<section class=\"elementor-section elementor-top-section elementor-element elementor-element-cbd424b elementor-section-boxed elementor-section-height-default elementor-section-height-default\" data-id=\"cbd424b\" data-element_type=\"section\">\n\t\t\t\t\t\t<div class=\"elementor-container elementor-column-gap-default\">\n\t\t\t\t\t\t\t<div class=\"elementor-row\">\n\t\t\t\t\t<div class=\"elementor-column elementor-col-33 elementor-top-column elementor-element elementor-element-83c32a4\" data-id=\"83c32a4\" data-element_type=\"column\">\n\t\t\t<div class=\"elementor-column-wrap\">\n\t\t\t\t\t\t\t<div class=\"elementor-widget-wrap\">\n\t\t\t\t\t\t\t\t<\/div>\n\t\t\t\t\t<\/div>\n\t\t<\/div>\n\t\t\t\t<div class=\"elementor-column elementor-col-33 elementor-top-column elementor-element elementor-element-faf18f6\" data-id=\"faf18f6\" data-element_type=\"column\">\n\t\t\t<div class=\"elementor-column-wrap elementor-element-populated\">\n\t\t\t\t\t\t\t<div class=\"elementor-widget-wrap\">\n\t\t\t\t\t\t<div class=\"elementor-element elementor-element-fc1e0f0 elementor-widget elementor-widget-heading\" data-id=\"fc1e0f0\" data-element_type=\"widget\" data-widget_type=\"heading.default\">\n\t\t\t\t<div class=\"elementor-widget-container\">\n\t\t\t<h2 class=\"elementor-heading-title elementor-size-default\"><h2 style=\"font-family: TypeType-Bold; font-weight: 500; line-height: normal; color: rgb(135, 198, 158); font-size: 26px; font-style: normal; white-space: normal;\"><span style=\"color: rgb(30, 115, 190); font-family: Montserrat, sans-serif; font-size: 2.5rem; font-weight: 700; white-space: pre-wrap;\">\u0160TO JE EUROPEAN MILE<\/span><span style=\"color: rgb(30, 115, 190); font-family: Montserrat, sans-serif; font-size: 2.5rem; font-weight: 700; white-space: pre-wrap;\"><\/span><br><\/h2><\/h2>\t\t<\/div>\n\t\t\t\t<\/div>\n\t\t\t\t<div class=\"elementor-element elementor-element-1712b82 elementor-widget-divider--view-line elementor-widget elementor-widget-divider\" data-id=\"1712b82\" data-element_type=\"widget\" data-widget_type=\"divider.default\">\n\t\t\t\t<div class=\"elementor-widget-container\">\n\t\t\t\t\t<div class=\"elementor-divider\">\n\t\t\t<span class=\"elementor-divider-separator\">\n\t\t\t\t\t\t<\/span>\n\t\t<\/div>\n\t\t\t\t<\/div>\n\t\t\t\t<\/div>\n\t\t\t\t<div class=\"elementor-element elementor-element-bc5852a elementor-widget elementor-widget-text-editor\" data-id=\"bc5852a\" data-element_type=\"widget\" data-widget_type=\"text-editor.default\">\n\t\t\t\t<div class=\"elementor-widget-container\">\n\t\t\t\t\t\t\t\t<div class=\"elementor-text-editor elementor-clearfix\">\n\t\t\t\t<p>European Mile je novi koncept doga\u0111aja iniciran od strane ISCA-e koja podupire organizatore u kreiranju doga\u0111aja tr\u010danja ili \u0161etnje diljem Europe dostupnih svima. Tijekom 2021. godine odr\u017eat \u0107e se vi\u0161e od 1000 doga\u0111aja s glavnom manifestacijom 5. lipnja 2021. godine kako bi se  zajedni\u010dki proslavila radost KRETANJA.<\/p>\t\t\t\t\t<\/div>\n\t\t\t\t\t\t<\/div>\n\t\t\t\t<\/div>\n\t\t\t\t\t\t<\/div>\n\t\t\t\t\t<\/div>\n\t\t<\/div>\n\t\t\t\t<div class=\"elementor-column elementor-col-33 elementor-top-column elementor-element elementor-element-564d2fe\" data-id=\"564d2fe\" data-element_type=\"column\">\n\t\t\t<div class=\"elementor-column-wrap\">\n\t\t\t\t\t\t\t<div class=\"elementor-widget-wrap\">\n\t\t\t\t\t\t\t\t<\/div>\n\t\t\t\t\t<\/div>\n\t\t<\/div>\n\t\t\t\t\t\t\t\t<\/div>\n\t\t\t\t\t<\/div>\n\t\t<\/section>\n\t\t\t\t<section class=\"elementor-section elementor-top-section elementor-element elementor-element-b9e9d9f elementor-section-boxed elementor-section-height-default elementor-section-height-default\" data-id=\"b9e9d9f\" data-element_type=\"section\">\n\t\t\t\t\t\t<div class=\"elementor-container elementor-column-gap-default\">\n\t\t\t\t\t\t\t<div class=\"elementor-row\">\n\t\t\t\t\t<div class=\"elementor-column elementor-col-25 elementor-top-column elementor-element elementor-element-342de06\" data-id=\"342de06\" data-element_type=\"column\">\n\t\t\t<div class=\"elementor-column-wrap elementor-element-populated\">\n\t\t\t\t\t\t\t<div class=\"elementor-widget-wrap\">\n\t\t\t\t\t\t<div class=\"elementor-element elementor-element-309f87b elementor-widget elementor-widget-image\" data-id=\"309f87b\" data-element_type=\"widget\" data-widget_type=\"image.default\">\n\t\t\t\t<div class=\"elementor-widget-container\">\n\t\t\t\t\t\t\t\t<div class=\"elementor-image\">\n\t\t\t\t\t\t\t\t\t\t\t\t<img width=\"1024\" height=\"1024\" src=\"https:\/\/healthlifeacademy.com\/wp-content\/uploads\/EM-mascots-orange12-1024x1024.png\" class=\"attachment-large size-large\" alt=\"\" loading=\"lazy\" srcset=\"https:\/\/healthlifeacademy.com\/wp-content\/uploads\/EM-mascots-orange12-1024x1024.png 1024w, https:\/\/healthlifeacademy.com\/wp-content\/uploads\/EM-mascots-orange12-300x300.png 300w, https:\/\/healthlifeacademy.com\/wp-content\/uploads\/EM-mascots-orange12-150x150.png 150w, https:\/\/healthlifeacademy.com\/wp-content\/uploads\/EM-mascots-orange12-768x769.png 768w, https:\/\/healthlifeacademy.com\/wp-content\/uploads\/EM-mascots-orange12-12x12.png 12w, https:\/\/healthlifeacademy.com\/wp-content\/uploads\/EM-mascots-orange12.png 1080w\" sizes=\"(max-width: 1024px) 100vw, 1024px\" \/>\t\t\t\t\t\t\t\t\t\t\t\t\t\t<\/div>\n\t\t\t\t\t\t<\/div>\n\t\t\t\t<\/div>\n\t\t\t\t\t\t<\/div>\n\t\t\t\t\t<\/div>\n\t\t<\/div>\n\t\t\t\t<div class=\"elementor-column elementor-col-25 elementor-top-column elementor-element elementor-element-5196b73\" data-id=\"5196b73\" data-element_type=\"column\">\n\t\t\t<div class=\"elementor-column-wrap elementor-element-populated\">\n\t\t\t\t\t\t\t<div class=\"elementor-widget-wrap\">\n\t\t\t\t\t\t<div class=\"elementor-element elementor-element-462a7e6 elementor-widget elementor-widget-image\" data-id=\"462a7e6\" data-element_type=\"widget\" data-widget_type=\"image.default\">\n\t\t\t\t<div class=\"elementor-widget-container\">\n\t\t\t\t\t\t\t\t<div class=\"elementor-image\">\n\t\t\t\t\t\t\t\t\t\t\t\t<img width=\"1024\" height=\"1024\" src=\"https:\/\/healthlifeacademy.com\/wp-content\/uploads\/EM-mascots-orange11-1024x1024.png\" class=\"attachment-large size-large\" alt=\"\" loading=\"lazy\" srcset=\"https:\/\/healthlifeacademy.com\/wp-content\/uploads\/EM-mascots-orange11-1024x1024.png 1024w, https:\/\/healthlifeacademy.com\/wp-content\/uploads\/EM-mascots-orange11-300x300.png 300w, https:\/\/healthlifeacademy.com\/wp-content\/uploads\/EM-mascots-orange11-150x150.png 150w, https:\/\/healthlifeacademy.com\/wp-content\/uploads\/EM-mascots-orange11-768x769.png 768w, https:\/\/healthlifeacademy.com\/wp-content\/uploads\/EM-mascots-orange11-12x12.png 12w, https:\/\/healthlifeacademy.com\/wp-content\/uploads\/EM-mascots-orange11.png 1080w\" sizes=\"(max-width: 1024px) 100vw, 1024px\" \/>\t\t\t\t\t\t\t\t\t\t\t\t\t\t<\/div>\n\t\t\t\t\t\t<\/div>\n\t\t\t\t<\/div>\n\t\t\t\t\t\t<\/div>\n\t\t\t\t\t<\/div>\n\t\t<\/div>\n\t\t\t\t<div class=\"elementor-column elementor-col-25 elementor-top-column elementor-element elementor-element-764ef7f\" data-id=\"764ef7f\" data-element_type=\"column\">\n\t\t\t<div class=\"elementor-column-wrap elementor-element-populated\">\n\t\t\t\t\t\t\t<div class=\"elementor-widget-wrap\">\n\t\t\t\t\t\t<div class=\"elementor-element elementor-element-0baf6d4 elementor-widget elementor-widget-image\" data-id=\"0baf6d4\" data-element_type=\"widget\" data-widget_type=\"image.default\">\n\t\t\t\t<div class=\"elementor-widget-container\">\n\t\t\t\t\t\t\t\t<div class=\"elementor-image\">\n\t\t\t\t\t\t\t\t\t\t\t\t<img width=\"1024\" height=\"1024\" src=\"https:\/\/healthlifeacademy.com\/wp-content\/uploads\/EM-mascots-orange6-1024x1024.png\" class=\"attachment-large size-large\" alt=\"\" loading=\"lazy\" srcset=\"https:\/\/healthlifeacademy.com\/wp-content\/uploads\/EM-mascots-orange6-1024x1024.png 1024w, https:\/\/healthlifeacademy.com\/wp-content\/uploads\/EM-mascots-orange6-300x300.png 300w, https:\/\/healthlifeacademy.com\/wp-content\/uploads\/EM-mascots-orange6-150x150.png 150w, https:\/\/healthlifeacademy.com\/wp-content\/uploads\/EM-mascots-orange6-768x768.png 768w, https:\/\/healthlifeacademy.com\/wp-content\/uploads\/EM-mascots-orange6-12x12.png 12w, https:\/\/healthlifeacademy.com\/wp-content\/uploads\/EM-mascots-orange6.png 1080w\" sizes=\"(max-width: 1024px) 100vw, 1024px\" \/>\t\t\t\t\t\t\t\t\t\t\t\t\t\t<\/div>\n\t\t\t\t\t\t<\/div>\n\t\t\t\t<\/div>\n\t\t\t\t\t\t<\/div>\n\t\t\t\t\t<\/div>\n\t\t<\/div>\n\t\t\t\t<div class=\"elementor-column elementor-col-25 elementor-top-column elementor-element elementor-element-9c2569b\" data-id=\"9c2569b\" data-element_type=\"column\">\n\t\t\t<div class=\"elementor-column-wrap elementor-element-populated\">\n\t\t\t\t\t\t\t<div class=\"elementor-widget-wrap\">\n\t\t\t\t\t\t<div class=\"elementor-element elementor-element-88443b6 elementor-widget elementor-widget-image\" data-id=\"88443b6\" data-element_type=\"widget\" data-widget_type=\"image.default\">\n\t\t\t\t<div class=\"elementor-widget-container\">\n\t\t\t\t\t\t\t\t<div class=\"elementor-image\">\n\t\t\t\t\t\t\t\t\t\t\t\t<img width=\"1024\" height=\"1024\" src=\"https:\/\/healthlifeacademy.com\/wp-content\/uploads\/EM-mascots-orange7-1024x1024.png\" class=\"attachment-large size-large\" alt=\"\" loading=\"lazy\" srcset=\"https:\/\/healthlifeacademy.com\/wp-content\/uploads\/EM-mascots-orange7-1024x1024.png 1024w, https:\/\/healthlifeacademy.com\/wp-content\/uploads\/EM-mascots-orange7-300x300.png 300w, https:\/\/healthlifeacademy.com\/wp-content\/uploads\/EM-mascots-orange7-150x150.png 150w, https:\/\/healthlifeacademy.com\/wp-content\/uploads\/EM-mascots-orange7-768x769.png 768w, https:\/\/healthlifeacademy.com\/wp-content\/uploads\/EM-mascots-orange7-12x12.png 12w, https:\/\/healthlifeacademy.com\/wp-content\/uploads\/EM-mascots-orange7.png 1080w\" sizes=\"(max-width: 1024px) 100vw, 1024px\" \/>\t\t\t\t\t\t\t\t\t\t\t\t\t\t<\/div>\n\t\t\t\t\t\t<\/div>\n\t\t\t\t<\/div>\n\t\t\t\t\t\t<\/div>\n\t\t\t\t\t<\/div>\n\t\t<\/div>\n\t\t\t\t\t\t\t\t<\/div>\n\t\t\t\t\t<\/div>\n\t\t<\/section>\n\t\t\t\t<section class=\"elementor-section elementor-top-section elementor-element elementor-element-194ab60 elementor-section-boxed elementor-section-height-default elementor-section-height-default\" data-id=\"194ab60\" data-element_type=\"section\">\n\t\t\t\t\t\t<div class=\"elementor-container elementor-column-gap-default\">\n\t\t\t\t\t\t\t<div class=\"elementor-row\">\n\t\t\t\t\t<div class=\"elementor-column elementor-col-100 elementor-top-column elementor-element elementor-element-3d5d1e3\" data-id=\"3d5d1e3\" data-element_type=\"column\">\n\t\t\t<div class=\"elementor-column-wrap elementor-element-populated\">\n\t\t\t\t\t\t\t<div class=\"elementor-widget-wrap\">\n\t\t\t\t\t\t<div class=\"elementor-element elementor-element-4f7c06d elementor-widget elementor-widget-text-editor\" data-id=\"4f7c06d\" data-element_type=\"widget\" data-widget_type=\"text-editor.default\">\n\t\t\t\t<div class=\"elementor-widget-container\">\n\t\t\t\t\t\t\t\t<div class=\"elementor-text-editor elementor-clearfix\">\n\t\t\t\t\t\t\t\t\t<\/div>\n\t\t\t\t\t\t<\/div>\n\t\t\t\t<\/div>\n\t\t\t\t\t\t<\/div>\n\t\t\t\t\t<\/div>\n\t\t<\/div>\n\t\t\t\t\t\t\t\t<\/div>\n\t\t\t\t\t<\/div>\n\t\t<\/section>\n\t\t\t\t<section class=\"elementor-section elementor-top-section elementor-element elementor-element-5a52be9 elementor-section-boxed elementor-section-height-default elementor-section-height-default\" data-id=\"5a52be9\" data-element_type=\"section\">\n\t\t\t\t\t\t<div class=\"elementor-container elementor-column-gap-default\">\n\t\t\t\t\t\t\t<div class=\"elementor-row\">\n\t\t\t\t\t<div class=\"elementor-column elementor-col-50 elementor-top-column elementor-element elementor-element-b5881d4 elementor-invisible\" data-id=\"b5881d4\" data-element_type=\"column\" data-settings=\"{&quot;animation&quot;:&quot;fadeInLeft&quot;}\">\n\t\t\t<div class=\"elementor-column-wrap elementor-element-populated\">\n\t\t\t\t\t\t\t<div class=\"elementor-widget-wrap\">\n\t\t\t\t\t\t<div class=\"elementor-element elementor-element-cde14c3 elementor-widget elementor-widget-text-editor\" data-id=\"cde14c3\" data-element_type=\"widget\" data-widget_type=\"text-editor.default\">\n\t\t\t\t<div class=\"elementor-widget-container\">\n\t\t\t\t\t\t\t\t<div class=\"elementor-text-editor elementor-clearfix\">\n\t\t\t\t<p style=\"text-align: center;\"><span style=\"font-family: 'Noto Sans', sans-serif; font-size: 16px; font-style: normal; font-weight: 400; text-align: start;\">European Mile zabavan je i jednostavan na\u010din poticanja kretanja i povezivanja ljudi \u0161irom Europe dijeljenjem kilometara i doniranjem istih za dobrotvorne svrhe.&nbsp;<\/span><span style=\"font-size: 16px; font-style: normal; font-weight: 400; font-family: 'Noto Sans', sans-serif; text-align: start;\">Svi zainteresirani se mogu pridru\u017eiti jednom od fizi\u010dkih ili virtualnih European Mile doga\u0111aja ili donirati svoje prikupljene kilometre kao potporu odabranim osnovnim sportskim inicijativama ili tjelesnim aktivnostima.<\/span><\/p>\n<p style=\"text-align: center;\"><span style=\"font-family: 'Noto Sans', sans-serif; font-size: 16px; font-style: normal; font-weight: 400; text-align: start;\">Doga\u0111aj mo\u017ee prijaviti svatko ili se pridru\u017eiti kroz vlastite organizirane aktivnosti. Sudionici jednostavno podijele svoje tr\u010danje, \u0161etnju ili rolanje s hashtagom #FindYourMile kako bi sudjelovali - svaki POKRET je va\u017ean!<\/span><span style=\"font-size: 16px; font-style: normal; font-weight: 400; font-family: 'Noto Sans', sans-serif; text-align: start;\"><br><\/span><\/p>\t\t\t\t\t<\/div>\n\t\t\t\t\t\t<\/div>\n\t\t\t\t<\/div>\n\t\t\t\t\t\t<\/div>\n\t\t\t\t\t<\/div>\n\t\t<\/div>\n\t\t\t\t<div class=\"elementor-column elementor-col-50 elementor-top-column elementor-element elementor-element-a227eca elementor-invisible\" data-id=\"a227eca\" data-element_type=\"column\" data-settings=\"{&quot;animation&quot;:&quot;fadeInRight&quot;}\">\n\t\t\t<div class=\"elementor-column-wrap elementor-element-populated\">\n\t\t\t\t\t\t\t<div class=\"elementor-widget-wrap\">\n\t\t\t\t\t\t<div class=\"elementor-element elementor-element-64574b2 elementor-widget elementor-widget-image\" data-id=\"64574b2\" data-element_type=\"widget\" data-widget_type=\"image.default\">\n\t\t\t\t<div class=\"elementor-widget-container\">\n\t\t\t\t\t\t\t\t<div class=\"elementor-image\">\n\t\t\t\t\t\t\t\t\t\t\t\t<img width=\"300\" height=\"300\" src=\"https:\/\/healthlifeacademy.com\/wp-content\/uploads\/EM-mascots-orange5-300x300.png\" class=\"attachment-medium size-medium\" alt=\"\" loading=\"lazy\" srcset=\"https:\/\/healthlifeacademy.com\/wp-content\/uploads\/EM-mascots-orange5-300x300.png 300w, https:\/\/healthlifeacademy.com\/wp-content\/uploads\/EM-mascots-orange5-1024x1024.png 1024w, https:\/\/healthlifeacademy.com\/wp-content\/uploads\/EM-mascots-orange5-150x150.png 150w, https:\/\/healthlifeacademy.com\/wp-content\/uploads\/EM-mascots-orange5-768x768.png 768w, https:\/\/healthlifeacademy.com\/wp-content\/uploads\/EM-mascots-orange5-12x12.png 12w, https:\/\/healthlifeacademy.com\/wp-content\/uploads\/EM-mascots-orange5.png 1080w\" sizes=\"(max-width: 300px) 100vw, 300px\" \/>\t\t\t\t\t\t\t\t\t\t\t\t\t\t<\/div>\n\t\t\t\t\t\t<\/div>\n\t\t\t\t<\/div>\n\t\t\t\t\t\t<\/div>\n\t\t\t\t\t<\/div>\n\t\t<\/div>\n\t\t\t\t\t\t\t\t<\/div>\n\t\t\t\t\t<\/div>\n\t\t<\/section>\n\t\t\t\t<section class=\"elementor-section elementor-top-section elementor-element elementor-element-c186ab6 elementor-section-boxed elementor-section-height-default elementor-section-height-default\" data-id=\"c186ab6\" data-element_type=\"section\">\n\t\t\t\t\t\t<div class=\"elementor-container elementor-column-gap-default\">\n\t\t\t\t\t\t\t<div class=\"elementor-row\">\n\t\t\t\t\t<div class=\"elementor-column elementor-col-50 elementor-top-column elementor-element elementor-element-e62236d\" data-id=\"e62236d\" data-element_type=\"column\">\n\t\t\t<div class=\"elementor-column-wrap elementor-element-populated\">\n\t\t\t\t\t\t\t<div class=\"elementor-widget-wrap\">\n\t\t\t\t\t\t<div class=\"elementor-element elementor-element-6d03663 elementor-widget elementor-widget-image\" data-id=\"6d03663\" data-element_type=\"widget\" data-widget_type=\"image.default\">\n\t\t\t\t<div class=\"elementor-widget-container\">\n\t\t\t\t\t\t\t\t<div class=\"elementor-image\">\n\t\t\t\t\t\t\t\t\t\t\t\t<img width=\"300\" height=\"300\" src=\"https:\/\/healthlifeacademy.com\/wp-content\/uploads\/ISCA-logo-300x300.png\" class=\"attachment-medium size-medium\" alt=\"\" loading=\"lazy\" srcset=\"https:\/\/healthlifeacademy.com\/wp-content\/uploads\/ISCA-logo-300x300.png 300w, https:\/\/healthlifeacademy.com\/wp-content\/uploads\/ISCA-logo-150x150.png 150w, https:\/\/healthlifeacademy.com\/wp-content\/uploads\/ISCA-logo-12x12.png 12w, https:\/\/healthlifeacademy.com\/wp-content\/uploads\/ISCA-logo.png 558w\" sizes=\"(max-width: 300px) 100vw, 300px\" \/>\t\t\t\t\t\t\t\t\t\t\t\t\t\t<\/div>\n\t\t\t\t\t\t<\/div>\n\t\t\t\t<\/div>\n\t\t\t\t\t\t<\/div>\n\t\t\t\t\t<\/div>\n\t\t<\/div>\n\t\t\t\t<div class=\"elementor-column elementor-col-50 elementor-top-column elementor-element elementor-element-099a3fc\" data-id=\"099a3fc\" data-element_type=\"column\">\n\t\t\t<div class=\"elementor-column-wrap elementor-element-populated\">\n\t\t\t\t\t\t\t<div class=\"elementor-widget-wrap\">\n\t\t\t\t\t\t<div class=\"elementor-element elementor-element-4363573 elementor-widget elementor-widget-image\" data-id=\"4363573\" data-element_type=\"widget\" data-widget_type=\"image.default\">\n\t\t\t\t<div class=\"elementor-widget-container\">\n\t\t\t\t\t\t\t\t<div class=\"elementor-image\">\n\t\t\t\t\t\t\t\t\t\t\t\t<img width=\"300\" height=\"115\" src=\"https:\/\/healthlifeacademy.com\/wp-content\/uploads\/ISCA_NWMcoordinator-badge_v2-300x115.png\" class=\"attachment-medium size-medium\" alt=\"\" loading=\"lazy\" srcset=\"https:\/\/healthlifeacademy.com\/wp-content\/uploads\/ISCA_NWMcoordinator-badge_v2-300x115.png 300w, https:\/\/healthlifeacademy.com\/wp-content\/uploads\/ISCA_NWMcoordinator-badge_v2-1024x393.png 1024w, https:\/\/healthlifeacademy.com\/wp-content\/uploads\/ISCA_NWMcoordinator-badge_v2-768x294.png 768w, https:\/\/healthlifeacademy.com\/wp-content\/uploads\/ISCA_NWMcoordinator-badge_v2-1536x589.png 1536w, https:\/\/healthlifeacademy.com\/wp-content\/uploads\/ISCA_NWMcoordinator-badge_v2-2048x785.png 2048w, https:\/\/healthlifeacademy.com\/wp-content\/uploads\/ISCA_NWMcoordinator-badge_v2-18x7.png 18w\" sizes=\"(max-width: 300px) 100vw, 300px\" \/>\t\t\t\t\t\t\t\t\t\t\t\t\t\t<\/div>\n\t\t\t\t\t\t<\/div>\n\t\t\t\t<\/div>\n\t\t\t\t\t\t<\/div>\n\t\t\t\t\t<\/div>\n\t\t<\/div>\n\t\t\t\t\t\t\t\t<\/div>\n\t\t\t\t\t<\/div>\n\t\t<\/section>\n\t\t\t\t<section class=\"elementor-section elementor-top-section elementor-element elementor-element-39ac866 elementor-section-boxed elementor-section-height-default elementor-section-height-default\" data-id=\"39ac866\" data-element_type=\"section\">\n\t\t\t\t\t\t<div class=\"elementor-container elementor-column-gap-default\">\n\t\t\t\t\t\t\t<div class=\"elementor-row\">\n\t\t\t\t\t<div class=\"elementor-column elementor-col-100 elementor-top-column elementor-element elementor-element-a871139\" data-id=\"a871139\" data-element_type=\"column\">\n\t\t\t<div class=\"elementor-column-wrap elementor-element-populated\">\n\t\t\t\t\t\t\t<div class=\"elementor-widget-wrap\">\n\t\t\t\t\t\t<div class=\"elementor-element elementor-element-78e6b7d elementor-widget elementor-widget-image\" data-id=\"78e6b7d\" data-element_type=\"widget\" data-widget_type=\"image.default\">\n\t\t\t\t<div class=\"elementor-widget-container\">\n\t\t\t\t\t\t\t\t<div class=\"elementor-image\">\n\t\t\t\t\t\t\t\t\t\t\t\t<img width=\"496\" height=\"101\" src=\"https:\/\/healthlifeacademy.com\/wp-content\/uploads\/co-funded-by-erasmus.png\" class=\"attachment-large size-large\" alt=\"\" loading=\"lazy\" srcset=\"https:\/\/healthlifeacademy.com\/wp-content\/uploads\/co-funded-by-erasmus.png 496w, https:\/\/healthlifeacademy.com\/wp-content\/uploads\/co-funded-by-erasmus-300x61.png 300w\" sizes=\"(max-width: 496px) 100vw, 496px\" \/>\t\t\t\t\t\t\t\t\t\t\t\t\t\t<\/div>\n\t\t\t\t\t\t<\/div>\n\t\t\t\t<\/div>\n\t\t\t\t\t\t<\/div>\n\t\t\t\t\t<\/div>\n\t\t<\/div>\n\t\t\t\t\t\t\t\t<\/div>\n\t\t\t\t\t<\/div>\n\t\t<\/section>\n\t\t\t\t\t\t<\/div>\n\t\t\t\t\t\t<\/div>\n\t\t\t\t\t<\/div>","protected":false},"excerpt":{"rendered":"<p>WHAT IS THE EUROPEAN MILE? The European Mile is a new ISCA- developed event concept that supports organisers to stage running or walking events all over Europe which are accessible to all. More than 1000 events will take place during 2021. with the main celebration on 5. June 2021. collectively celebrating the joy of MOVING. &hellip;<\/p>\n<p class=\"read-more\"> <a class=\"\" href=\"https:\/\/healthlifeacademy.com\/hr\/european-mile\/\"> <span class=\"screen-reader-text\">European Mile<\/span> Read More &raquo;<\/a><\/p>","protected":false},"author":4,"featured_media":0,"parent":0,"menu_order":0,"comment_status":"closed","ping_status":"closed","template":"","meta":[],"_links":{"self":[{"href":"https:\/\/healthlifeacademy.com\/hr\/wp-json\/wp\/v2\/pages\/28945"}],"collection":[{"href":"https:\/\/healthlifeacademy.com\/hr\/wp-json\/wp\/v2\/pages"}],"about":[{"href":"https:\/\/healthlifeacademy.com\/hr\/wp-json\/wp\/v2\/types\/page"}],"author":[{"embeddable":true,"href":"https:\/\/healthlifeacademy.com\/hr\/wp-json\/wp\/v2\/users\/4"}],"replies":[{"embeddable":true,"href":"https:\/\/healthlifeacademy.com\/hr\/wp-json\/wp\/v2\/comments?post=28945"}],"version-history":[{"count":7,"href":"https:\/\/healthlifeacademy.com\/hr\/wp-json\/wp\/v2\/pages\/28945\/revisions"}],"predecessor-version":[{"id":29668,"href":"https:\/\/healthlifeacademy.com\/hr\/wp-json\/wp\/v2\/pages\/28945\/revisions\/29668"}],"wp:attachment":[{"href":"https:\/\/healthlifeacademy.com\/hr\/wp-json\/wp\/v2\/media?parent=28945"}],"curies":[{"name":"wp","href":"https:\/\/api.w.org\/{rel}","templated":true}]}}