{"id":28542,"date":"2020-12-19T14:47:20","date_gmt":"2020-12-19T14:47:20","guid":{"rendered":"https:\/\/healthlifeacademy.com\/?page_id=28542"},"modified":"2021-03-04T10:09:17","modified_gmt":"2021-03-04T10:09:17","slug":"tradicionalne-sportske-igre","status":"publish","type":"page","link":"https:\/\/healthlifeacademy.com\/hr\/tradicionalne-sportske-igre\/","title":{"rendered":"TRADICIONALNE SPORTSKE IGRE"},"content":{"rendered":"<div data-elementor-type=\"wp-page\" data-elementor-id=\"28542\" class=\"elementor elementor-28542\" data-elementor-settings=\"[]\">\n\t\t\t\t\t\t<div class=\"elementor-inner\">\n\t\t\t\t\t\t\t<div class=\"elementor-section-wrap\">\n\t\t\t\t\t\t\t<section class=\"elementor-section elementor-top-section elementor-element elementor-element-50f3aa4 elementor-section-boxed elementor-section-height-default elementor-section-height-default\" data-id=\"50f3aa4\" data-element_type=\"section\">\n\t\t\t\t\t\t<div class=\"elementor-container elementor-column-gap-default\">\n\t\t\t\t\t\t\t<div class=\"elementor-row\">\n\t\t\t\t\t<div class=\"elementor-column elementor-col-100 elementor-top-column elementor-element elementor-element-21c05b3\" data-id=\"21c05b3\" data-element_type=\"column\">\n\t\t\t<div class=\"elementor-column-wrap elementor-element-populated\">\n\t\t\t\t\t\t\t<div class=\"elementor-widget-wrap\">\n\t\t\t\t\t\t<div class=\"elementor-element elementor-element-f6607b0 elementor-widget elementor-widget-heading\" data-id=\"f6607b0\" data-element_type=\"widget\" data-widget_type=\"heading.default\">\n\t\t\t\t<div class=\"elementor-widget-container\">\n\t\t\t<h2 class=\"elementor-heading-title elementor-size-default\">TRADICIJSKE SPORTSKE IGRE<\/h2>\t\t<\/div>\n\t\t\t\t<\/div>\n\t\t\t\t\t\t<\/div>\n\t\t\t\t\t<\/div>\n\t\t<\/div>\n\t\t\t\t\t\t\t\t<\/div>\n\t\t\t\t\t<\/div>\n\t\t<\/section>\n\t\t\t\t<section class=\"elementor-section elementor-top-section elementor-element elementor-element-1a7d679 elementor-section-boxed elementor-section-height-default elementor-section-height-default\" data-id=\"1a7d679\" data-element_type=\"section\">\n\t\t\t\t\t\t<div class=\"elementor-container elementor-column-gap-default\">\n\t\t\t\t\t\t\t<div class=\"elementor-row\">\n\t\t\t\t\t<div class=\"elementor-column elementor-col-100 elementor-top-column elementor-element elementor-element-2b5dbf8\" data-id=\"2b5dbf8\" data-element_type=\"column\">\n\t\t\t<div class=\"elementor-column-wrap elementor-element-populated\">\n\t\t\t\t\t\t\t<div class=\"elementor-widget-wrap\">\n\t\t\t\t\t\t<div class=\"elementor-element elementor-element-d7d9edc elementor-widget elementor-widget-text-editor\" data-id=\"d7d9edc\" data-element_type=\"widget\" data-widget_type=\"text-editor.default\">\n\t\t\t\t<div class=\"elementor-widget-container\">\n\t\t\t\t\t\t\t\t<div class=\"elementor-text-editor elementor-clearfix\">\n\t\t\t\t<p>U suradnji s Istarskim pljo\u010dkarskim savezom (IPS), savezom iz Hrvatske koji je punopravni \u010dlan \"Europskog udru\u017eenja tradicionalnih igara i sporta\", AEJeST - Association Europ\u00e9enne des Jeux et Sports Traditionnels sa sjedi\u0161tem u Lesnevenu u Francuskoj, Udruga je pokrenula projekte koji uklju\u010duju socijalno uklju\u010divanje djeca s te\u0161ko\u0107ama u razvoju kroz tradicijske sportske igre.<\/p><p>Glavni izazov inicijative je op\u0107a popularizacija i promicanje tradicijskog sporta i kulture me\u0111u mladima i osobama s te\u0161ko\u0107ama u razvoju.<\/p><p>Op\u0107i cilj programa je promicanje tjelesne aktivnosti kroz sportske programe povezane s tradicijskim igrama te istodobno uspostavljanje novih \/ starih metoda vje\u017ebanja koje \u0107e potaknuti me\u0111ugeneracijsku suradnju i podi\u0107i svijest javnosti o va\u017enosti socijalne uklju\u010denosti u dru\u0161tvu.<\/p>\t\t\t\t\t<\/div>\n\t\t\t\t\t\t<\/div>\n\t\t\t\t<\/div>\n\t\t\t\t\t\t<\/div>\n\t\t\t\t\t<\/div>\n\t\t<\/div>\n\t\t\t\t\t\t\t\t<\/div>\n\t\t\t\t\t<\/div>\n\t\t<\/section>\n\t\t\t\t<section class=\"elementor-section elementor-top-section elementor-element elementor-element-79bb080 elementor-section-boxed elementor-section-height-default elementor-section-height-default\" data-id=\"79bb080\" data-element_type=\"section\">\n\t\t\t\t\t\t<div class=\"elementor-container elementor-column-gap-default\">\n\t\t\t\t\t\t\t<div class=\"elementor-row\">\n\t\t\t\t\t<div class=\"elementor-column elementor-col-100 elementor-top-column elementor-element elementor-element-a3ff0f3\" data-id=\"a3ff0f3\" data-element_type=\"column\">\n\t\t\t<div class=\"elementor-column-wrap elementor-element-populated\">\n\t\t\t\t\t\t\t<div class=\"elementor-widget-wrap\">\n\t\t\t\t\t\t<div class=\"elementor-element elementor-element-eaa8fd8 elementor-widget elementor-widget-image\" data-id=\"eaa8fd8\" data-element_type=\"widget\" data-widget_type=\"image.default\">\n\t\t\t\t<div class=\"elementor-widget-container\">\n\t\t\t\t\t\t\t\t<div class=\"elementor-image\">\n\t\t\t\t\t\t\t\t\t\t\t\t<img width=\"300\" height=\"196\" src=\"https:\/\/healthlifeacademy.com\/wp-content\/uploads\/polai-pravokutni-v2-300x196.jpg\" class=\"attachment-medium size-medium\" alt=\"\" loading=\"lazy\" srcset=\"https:\/\/healthlifeacademy.com\/wp-content\/uploads\/polai-pravokutni-v2-300x196.jpg 300w, https:\/\/healthlifeacademy.com\/wp-content\/uploads\/polai-pravokutni-v2-768x501.jpg 768w, https:\/\/healthlifeacademy.com\/wp-content\/uploads\/polai-pravokutni-v2-16x10.jpg 16w, https:\/\/healthlifeacademy.com\/wp-content\/uploads\/polai-pravokutni-v2.jpg 792w\" sizes=\"(max-width: 300px) 100vw, 300px\" \/>\t\t\t\t\t\t\t\t\t\t\t\t\t\t<\/div>\n\t\t\t\t\t\t<\/div>\n\t\t\t\t<\/div>\n\t\t\t\t<div class=\"elementor-element elementor-element-0909dba elementor-widget elementor-widget-image\" data-id=\"0909dba\" data-element_type=\"widget\" data-widget_type=\"image.default\">\n\t\t\t\t<div class=\"elementor-widget-container\">\n\t\t\t\t\t\t\t\t<div class=\"elementor-image\">\n\t\t\t\t\t\t\t\t\t\t\t\t<img width=\"87\" height=\"94\" src=\"https:\/\/healthlifeacademy.com\/wp-content\/uploads\/ips.jpg\" class=\"attachment-large size-large\" alt=\"\" loading=\"lazy\" \/>\t\t\t\t\t\t\t\t\t\t\t\t\t\t<\/div>\n\t\t\t\t\t\t<\/div>\n\t\t\t\t<\/div>\n\t\t\t\t<div class=\"elementor-element elementor-element-205263d elementor-widget elementor-widget-image\" data-id=\"205263d\" data-element_type=\"widget\" data-widget_type=\"image.default\">\n\t\t\t\t<div class=\"elementor-widget-container\">\n\t\t\t\t\t\t\t\t<div class=\"elementor-image\">\n\t\t\t\t\t\t\t\t\t\t\t\t<img width=\"225\" height=\"225\" src=\"https:\/\/healthlifeacademy.com\/wp-content\/uploads\/PSH.png\" class=\"attachment-large size-large\" alt=\"\" loading=\"lazy\" srcset=\"https:\/\/healthlifeacademy.com\/wp-content\/uploads\/PSH.png 225w, https:\/\/healthlifeacademy.com\/wp-content\/uploads\/PSH-150x150.png 150w, https:\/\/healthlifeacademy.com\/wp-content\/uploads\/PSH-12x12.png 12w\" sizes=\"(max-width: 225px) 100vw, 225px\" \/>\t\t\t\t\t\t\t\t\t\t\t\t\t\t<\/div>\n\t\t\t\t\t\t<\/div>\n\t\t\t\t<\/div>\n\t\t\t\t<div class=\"elementor-element elementor-element-fb6c391 elementor-widget elementor-widget-image\" data-id=\"fb6c391\" data-element_type=\"widget\" data-widget_type=\"image.default\">\n\t\t\t\t<div class=\"elementor-widget-container\">\n\t\t\t\t\t\t\t\t<div class=\"elementor-image\">\n\t\t\t\t\t\t\t\t\t\t\t\t<img width=\"609\" height=\"204\" src=\"https:\/\/healthlifeacademy.com\/wp-content\/uploads\/eaejest.png\" class=\"attachment-large size-large\" alt=\"\" loading=\"lazy\" srcset=\"https:\/\/healthlifeacademy.com\/wp-content\/uploads\/eaejest.png 609w, https:\/\/healthlifeacademy.com\/wp-content\/uploads\/eaejest-300x100.png 300w\" sizes=\"(max-width: 609px) 100vw, 609px\" \/>\t\t\t\t\t\t\t\t\t\t\t\t\t\t<\/div>\n\t\t\t\t\t\t<\/div>\n\t\t\t\t<\/div>\n\t\t\t\t\t\t<\/div>\n\t\t\t\t\t<\/div>\n\t\t<\/div>\n\t\t\t\t\t\t\t\t<\/div>\n\t\t\t\t\t<\/div>\n\t\t<\/section>\n\t\t\t\t\t\t<\/div>\n\t\t\t\t\t\t<\/div>\n\t\t\t\t\t<\/div>","protected":false},"excerpt":{"rendered":"<p>TRADITIONAL SPORT GAMES In cooperation with Istarski pljo\u010dkarski savez (IPS), Federation from Croatia who is a full member of the &#8220;European Association of Traditional Games and Sports&#8221;, AEJeST &#8211; Association Europ\u00e9enne des Jeux et Sports Traditionnels based in Lesneven France, initiated projects involving social inclusion of children with intellectual disabilities through traditional sport games. The &hellip;<\/p>\n<p class=\"read-more\"> <a class=\"\" href=\"https:\/\/healthlifeacademy.com\/hr\/tradicionalne-sportske-igre\/\"> <span class=\"screen-reader-text\">TRADICIONALNE SPORTSKE IGRE<\/span> Read More &raquo;<\/a><\/p>","protected":false},"author":4,"featured_media":0,"parent":0,"menu_order":0,"comment_status":"closed","ping_status":"closed","template":"","meta":[],"_links":{"self":[{"href":"https:\/\/healthlifeacademy.com\/hr\/wp-json\/wp\/v2\/pages\/28542"}],"collection":[{"href":"https:\/\/healthlifeacademy.com\/hr\/wp-json\/wp\/v2\/pages"}],"about":[{"href":"https:\/\/healthlifeacademy.com\/hr\/wp-json\/wp\/v2\/types\/page"}],"author":[{"embeddable":true,"href":"https:\/\/healthlifeacademy.com\/hr\/wp-json\/wp\/v2\/users\/4"}],"replies":[{"embeddable":true,"href":"https:\/\/healthlifeacademy.com\/hr\/wp-json\/wp\/v2\/comments?post=28542"}],"version-history":[{"count":11,"href":"https:\/\/healthlifeacademy.com\/hr\/wp-json\/wp\/v2\/pages\/28542\/revisions"}],"predecessor-version":[{"id":28802,"href":"https:\/\/healthlifeacademy.com\/hr\/wp-json\/wp\/v2\/pages\/28542\/revisions\/28802"}],"wp:attachment":[{"href":"https:\/\/healthlifeacademy.com\/hr\/wp-json\/wp\/v2\/media?parent=28542"}],"curies":[{"name":"wp","href":"https:\/\/api.w.org\/{rel}","templated":true}]}}