{"id":28434,"date":"2020-11-09T11:22:42","date_gmt":"2020-11-09T11:22:42","guid":{"rendered":"https:\/\/healthlifeacademy.com\/?page_id=28434"},"modified":"2021-02-03T11:58:59","modified_gmt":"2021-02-03T11:58:59","slug":"mundialeu","status":"publish","type":"page","link":"https:\/\/healthlifeacademy.com\/hr\/mundialeu\/","title":{"rendered":"MundialEU"},"content":{"rendered":"<div data-elementor-type=\"wp-page\" data-elementor-id=\"28434\" class=\"elementor elementor-28434\" data-elementor-settings=\"[]\">\n\t\t\t\t\t\t<div class=\"elementor-inner\">\n\t\t\t\t\t\t\t<div class=\"elementor-section-wrap\">\n\t\t\t\t\t\t\t<section class=\"elementor-section elementor-top-section elementor-element elementor-element-428d933 elementor-section-boxed elementor-section-height-default elementor-section-height-default\" data-id=\"428d933\" data-element_type=\"section\">\n\t\t\t\t\t\t<div class=\"elementor-container elementor-column-gap-default\">\n\t\t\t\t\t\t\t<div class=\"elementor-row\">\n\t\t\t\t\t<div class=\"elementor-column elementor-col-100 elementor-top-column elementor-element elementor-element-62ee9aa\" data-id=\"62ee9aa\" data-element_type=\"column\">\n\t\t\t<div class=\"elementor-column-wrap elementor-element-populated\">\n\t\t\t\t\t\t\t<div class=\"elementor-widget-wrap\">\n\t\t\t\t\t\t<div class=\"elementor-element elementor-element-7a232b5 elementor-widget elementor-widget-heading\" data-id=\"7a232b5\" data-element_type=\"widget\" data-widget_type=\"heading.default\">\n\t\t\t\t<div class=\"elementor-widget-container\">\n\t\t\t<h2 class=\"elementor-heading-title elementor-size-default\">mundialeu<\/h2>\t\t<\/div>\n\t\t\t\t<\/div>\n\t\t\t\t\t\t<\/div>\n\t\t\t\t\t<\/div>\n\t\t<\/div>\n\t\t\t\t\t\t\t\t<\/div>\n\t\t\t\t\t<\/div>\n\t\t<\/section>\n\t\t\t\t<section class=\"elementor-section elementor-top-section elementor-element elementor-element-36b581f elementor-section-boxed elementor-section-height-default elementor-section-height-default\" data-id=\"36b581f\" data-element_type=\"section\">\n\t\t\t\t\t\t<div class=\"elementor-container elementor-column-gap-default\">\n\t\t\t\t\t\t\t<div class=\"elementor-row\">\n\t\t\t\t\t<div class=\"elementor-column elementor-col-100 elementor-top-column elementor-element elementor-element-6942104\" data-id=\"6942104\" data-element_type=\"column\">\n\t\t\t<div class=\"elementor-column-wrap elementor-element-populated\">\n\t\t\t\t\t\t\t<div class=\"elementor-widget-wrap\">\n\t\t\t\t\t\t<div class=\"elementor-element elementor-element-db44936 elementor-widget elementor-widget-text-editor\" data-id=\"db44936\" data-element_type=\"widget\" data-widget_type=\"text-editor.default\">\n\t\t\t\t<div class=\"elementor-widget-container\">\n\t\t\t\t\t\t\t\t<div class=\"elementor-text-editor elementor-clearfix\">\n\t\t\t\t<p>Nedavno je Europska komisija pokazala interes za ulogu trenera u dru\u0161tvu jer, ba\u0161 kao i u\u010ditelji u \u0161kolama, treneri imaju klju\u010dnu ulogu u procesu osobnog rasta i cjelovitog razvoja \u010dlanova njihovih ekipa i sportskih klubova, poma\u017eu\u0107i im da prevladaju izazove dru\u0161tva u kojem \u017eive. Kako je prirodna nadarenost za ovu vrstu vje\u0161tina rijetka, ovaj projekt ima za cilj promicanje skupa vje\u0161tina koje \u0107e sudionicima - trenerima omogu\u0107iti da imaju va\u017ean utjecaj na razvoj mladih ljudi. Da bi to u\u010dinili, sudionici \u0107e sudjelovati u radionicama i zajedno sa stru\u010dnjacima imat priliku raditi na aspektima svog posla koji se pre\u010desto zanemaruje. Izvrsna platforma za ovaj projekt je neprofitna kulturna i sportska manifestacija s 1.000 sudionika koja se odr\u017eava svake godine u kojoj su timovi u cijelosti sastavljeni od migranata. Zapravo, sve \u0107e se radionice odr\u017eavati tijekom \u2018MunduaLido\u2019, nogometnog turnira za migrante koji od 1999. godine organizira Club Italia u Rimu, a to je njegovo 21. izdanje i usmjereno je na socijalno uklju\u010divanje. Svejedno, ovo nije jedini cilj, jer projekt \u017eeli promovirati skup vje\u0161tina i za menad\u017eere. Cilj je, po\u010dev\u0161i od talijanskog iskustva \u201eMundiaLido\u201c, razmjena dobrih praksi. Menad\u017eeri koji sudjeluju u projektu imat \u0107e priliku prisustvovati organizaciji sportskog doga\u0111aja za socijalno uklju\u010divanje, ste\u0107i konkretan uvid u to \u0161to je potrebno za organizaciju takvog doga\u0111aja i nau\u010diti od stru\u010dnjaka Club Italia vje\u0161tine potrebne za to. Kad se vrate u mati\u010dnu zemlju, imat \u0107e iskustvo potrebno za provo\u0111enje takvog doga\u0111aja i na svom teritoriju, prilago\u0111avaju\u0107i ga potrebama svog okru\u017eenja i pretvaraju\u0107i na taj na\u010din nacionalni doga\u0111aj poput 'MundiaLido' u europski neprofitni sportski doga\u0111aj za migrante i domoroce EU, 'MundialEU'.<\/p>\t\t\t\t\t<\/div>\n\t\t\t\t\t\t<\/div>\n\t\t\t\t<\/div>\n\t\t\t\t\t\t<\/div>\n\t\t\t\t\t<\/div>\n\t\t<\/div>\n\t\t\t\t\t\t\t\t<\/div>\n\t\t\t\t\t<\/div>\n\t\t<\/section>\n\t\t\t\t<section class=\"elementor-section elementor-top-section elementor-element elementor-element-fa2e6e3 elementor-section-boxed elementor-section-height-default elementor-section-height-default\" data-id=\"fa2e6e3\" data-element_type=\"section\">\n\t\t\t\t\t\t<div class=\"elementor-container elementor-column-gap-default\">\n\t\t\t\t\t\t\t<div class=\"elementor-row\">\n\t\t\t\t\t<div class=\"elementor-column elementor-col-25 elementor-top-column elementor-element elementor-element-f676373\" data-id=\"f676373\" data-element_type=\"column\">\n\t\t\t<div class=\"elementor-column-wrap elementor-element-populated\">\n\t\t\t\t\t\t\t<div class=\"elementor-widget-wrap\">\n\t\t\t\t\t\t<div class=\"elementor-element elementor-element-0627676 elementor-widget elementor-widget-image\" data-id=\"0627676\" data-element_type=\"widget\" data-widget_type=\"image.default\">\n\t\t\t\t<div class=\"elementor-widget-container\">\n\t\t\t\t\t\t\t\t<div class=\"elementor-image\">\n\t\t\t\t\t\t\t\t\t\t\t\t<img width=\"150\" height=\"126\" src=\"https:\/\/healthlifeacademy.com\/wp-content\/uploads\/slovaksport.jpg\" class=\"attachment-large size-large\" alt=\"\" loading=\"lazy\" \/>\t\t\t\t\t\t\t\t\t\t\t\t\t\t<\/div>\n\t\t\t\t\t\t<\/div>\n\t\t\t\t<\/div>\n\t\t\t\t\t\t<\/div>\n\t\t\t\t\t<\/div>\n\t\t<\/div>\n\t\t\t\t<div class=\"elementor-column elementor-col-25 elementor-top-column elementor-element elementor-element-b5a4937\" data-id=\"b5a4937\" data-element_type=\"column\">\n\t\t\t<div class=\"elementor-column-wrap elementor-element-populated\">\n\t\t\t\t\t\t\t<div class=\"elementor-widget-wrap\">\n\t\t\t\t\t\t<div class=\"elementor-element elementor-element-067eddb elementor-widget elementor-widget-image\" data-id=\"067eddb\" data-element_type=\"widget\" data-widget_type=\"image.default\">\n\t\t\t\t<div class=\"elementor-widget-container\">\n\t\t\t\t\t\t\t\t<div class=\"elementor-image\">\n\t\t\t\t\t\t\t\t\t\t\t\t<img width=\"529\" height=\"276\" src=\"https:\/\/healthlifeacademy.com\/wp-content\/uploads\/clubitalia.jpg\" class=\"attachment-large size-large\" alt=\"\" loading=\"lazy\" srcset=\"https:\/\/healthlifeacademy.com\/wp-content\/uploads\/clubitalia.jpg 529w, https:\/\/healthlifeacademy.com\/wp-content\/uploads\/clubitalia-300x157.jpg 300w\" sizes=\"(max-width: 529px) 100vw, 529px\" \/>\t\t\t\t\t\t\t\t\t\t\t\t\t\t<\/div>\n\t\t\t\t\t\t<\/div>\n\t\t\t\t<\/div>\n\t\t\t\t\t\t<\/div>\n\t\t\t\t\t<\/div>\n\t\t<\/div>\n\t\t\t\t<div class=\"elementor-column elementor-col-25 elementor-top-column elementor-element elementor-element-80609f8\" data-id=\"80609f8\" data-element_type=\"column\">\n\t\t\t<div class=\"elementor-column-wrap elementor-element-populated\">\n\t\t\t\t\t\t\t<div class=\"elementor-widget-wrap\">\n\t\t\t\t\t\t<div class=\"elementor-element elementor-element-3e6cb85 elementor-widget elementor-widget-image\" data-id=\"3e6cb85\" data-element_type=\"widget\" data-widget_type=\"image.default\">\n\t\t\t\t<div class=\"elementor-widget-container\">\n\t\t\t\t\t\t\t\t<div class=\"elementor-image\">\n\t\t\t\t\t\t\t\t\t\t\t\t<img width=\"800\" height=\"600\" src=\"https:\/\/healthlifeacademy.com\/wp-content\/uploads\/CSIT-1.gif\" class=\"attachment-large size-large\" alt=\"\" loading=\"lazy\" \/>\t\t\t\t\t\t\t\t\t\t\t\t\t\t<\/div>\n\t\t\t\t\t\t<\/div>\n\t\t\t\t<\/div>\n\t\t\t\t\t\t<\/div>\n\t\t\t\t\t<\/div>\n\t\t<\/div>\n\t\t\t\t<div class=\"elementor-column elementor-col-25 elementor-top-column elementor-element elementor-element-379b9e0\" data-id=\"379b9e0\" data-element_type=\"column\">\n\t\t\t<div class=\"elementor-column-wrap elementor-element-populated\">\n\t\t\t\t\t\t\t<div class=\"elementor-widget-wrap\">\n\t\t\t\t\t\t<div class=\"elementor-element elementor-element-e52fc59 elementor-widget elementor-widget-image\" data-id=\"e52fc59\" data-element_type=\"widget\" data-widget_type=\"image.default\">\n\t\t\t\t<div class=\"elementor-widget-container\">\n\t\t\t\t\t\t\t\t<div class=\"elementor-image\">\n\t\t\t\t\t\t\t\t\t\t\t\t<img width=\"300\" height=\"132\" src=\"https:\/\/healthlifeacademy.com\/wp-content\/uploads\/AICS-logo-A260E02B25-seeklogo.com_-1.png\" class=\"attachment-large size-large\" alt=\"\" loading=\"lazy\" \/>\t\t\t\t\t\t\t\t\t\t\t\t\t\t<\/div>\n\t\t\t\t\t\t<\/div>\n\t\t\t\t<\/div>\n\t\t\t\t\t\t<\/div>\n\t\t\t\t\t<\/div>\n\t\t<\/div>\n\t\t\t\t\t\t\t\t<\/div>\n\t\t\t\t\t<\/div>\n\t\t<\/section>\n\t\t\t\t<section class=\"elementor-section elementor-top-section elementor-element elementor-element-c366224 elementor-section-boxed elementor-section-height-default elementor-section-height-default\" data-id=\"c366224\" data-element_type=\"section\">\n\t\t\t\t\t\t<div class=\"elementor-container elementor-column-gap-default\">\n\t\t\t\t\t\t\t<div class=\"elementor-row\">\n\t\t\t\t\t<div class=\"elementor-column elementor-col-100 elementor-top-column elementor-element elementor-element-01e893d\" data-id=\"01e893d\" data-element_type=\"column\">\n\t\t\t<div class=\"elementor-column-wrap elementor-element-populated\">\n\t\t\t\t\t\t\t<div class=\"elementor-widget-wrap\">\n\t\t\t\t\t\t<div class=\"elementor-element elementor-element-43374f0 elementor-widget elementor-widget-image\" data-id=\"43374f0\" data-element_type=\"widget\" data-widget_type=\"image.default\">\n\t\t\t\t<div class=\"elementor-widget-container\">\n\t\t\t\t\t\t\t\t<div class=\"elementor-image\">\n\t\t\t\t\t\t\t\t\t\t\t\t<img width=\"496\" height=\"101\" src=\"https:\/\/healthlifeacademy.com\/wp-content\/uploads\/co-funded-by-erasmus.png\" class=\"attachment-large size-large\" alt=\"\" loading=\"lazy\" srcset=\"https:\/\/healthlifeacademy.com\/wp-content\/uploads\/co-funded-by-erasmus.png 496w, https:\/\/healthlifeacademy.com\/wp-content\/uploads\/co-funded-by-erasmus-300x61.png 300w\" sizes=\"(max-width: 496px) 100vw, 496px\" \/>\t\t\t\t\t\t\t\t\t\t\t\t\t\t<\/div>\n\t\t\t\t\t\t<\/div>\n\t\t\t\t<\/div>\n\t\t\t\t\t\t<\/div>\n\t\t\t\t\t<\/div>\n\t\t<\/div>\n\t\t\t\t\t\t\t\t<\/div>\n\t\t\t\t\t<\/div>\n\t\t<\/section>\n\t\t\t\t\t\t<\/div>\n\t\t\t\t\t\t<\/div>\n\t\t\t\t\t<\/div>","protected":false},"excerpt":{"rendered":"<p>mundialeu Recently the European Commission have shown a growing interest in the role of coaches in society as, just like teachers in schools, they are said to play a crucial role in the process of personal growth and holistic development of their participants, helping them to overcome the challenges of the society they live in. &hellip;<\/p>\n<p class=\"read-more\"> <a class=\"\" href=\"https:\/\/healthlifeacademy.com\/hr\/mundialeu\/\"> <span class=\"screen-reader-text\">MundialEU<\/span> Read More &raquo;<\/a><\/p>","protected":false},"author":3,"featured_media":0,"parent":0,"menu_order":0,"comment_status":"closed","ping_status":"closed","template":"","meta":[],"_links":{"self":[{"href":"https:\/\/healthlifeacademy.com\/hr\/wp-json\/wp\/v2\/pages\/28434"}],"collection":[{"href":"https:\/\/healthlifeacademy.com\/hr\/wp-json\/wp\/v2\/pages"}],"about":[{"href":"https:\/\/healthlifeacademy.com\/hr\/wp-json\/wp\/v2\/types\/page"}],"author":[{"embeddable":true,"href":"https:\/\/healthlifeacademy.com\/hr\/wp-json\/wp\/v2\/users\/3"}],"replies":[{"embeddable":true,"href":"https:\/\/healthlifeacademy.com\/hr\/wp-json\/wp\/v2\/comments?post=28434"}],"version-history":[{"count":5,"href":"https:\/\/healthlifeacademy.com\/hr\/wp-json\/wp\/v2\/pages\/28434\/revisions"}],"predecessor-version":[{"id":28641,"href":"https:\/\/healthlifeacademy.com\/hr\/wp-json\/wp\/v2\/pages\/28434\/revisions\/28641"}],"wp:attachment":[{"href":"https:\/\/healthlifeacademy.com\/hr\/wp-json\/wp\/v2\/media?parent=28434"}],"curies":[{"name":"wp","href":"https:\/\/api.w.org\/{rel}","templated":true}]}}