{"id":28425,"date":"2020-11-09T11:14:44","date_gmt":"2020-11-09T11:14:44","guid":{"rendered":"https:\/\/healthlifeacademy.com\/?page_id=28425"},"modified":"2021-03-23T08:21:48","modified_gmt":"2021-03-23T08:21:48","slug":"inside","status":"publish","type":"page","link":"https:\/\/healthlifeacademy.com\/hr\/inside\/","title":{"rendered":"INSIDE"},"content":{"rendered":"<div data-elementor-type=\"wp-page\" data-elementor-id=\"28425\" class=\"elementor elementor-28425\" data-elementor-settings=\"[]\">\n\t\t\t\t\t\t<div class=\"elementor-inner\">\n\t\t\t\t\t\t\t<div class=\"elementor-section-wrap\">\n\t\t\t\t\t\t\t<section class=\"elementor-section elementor-top-section elementor-element elementor-element-e727d9b elementor-section-boxed elementor-section-height-default elementor-section-height-default\" data-id=\"e727d9b\" data-element_type=\"section\" data-settings=\"{&quot;background_background&quot;:&quot;classic&quot;}\">\n\t\t\t\t\t\t<div class=\"elementor-container elementor-column-gap-default\">\n\t\t\t\t\t\t\t<div class=\"elementor-row\">\n\t\t\t\t\t<div class=\"elementor-column elementor-col-100 elementor-top-column elementor-element elementor-element-eb45689\" data-id=\"eb45689\" data-element_type=\"column\">\n\t\t\t<div class=\"elementor-column-wrap\">\n\t\t\t\t\t\t\t<div class=\"elementor-widget-wrap\">\n\t\t\t\t\t\t\t\t<\/div>\n\t\t\t\t\t<\/div>\n\t\t<\/div>\n\t\t\t\t\t\t\t\t<\/div>\n\t\t\t\t\t<\/div>\n\t\t<\/section>\n\t\t\t\t<section class=\"elementor-section elementor-top-section elementor-element elementor-element-6596f56 elementor-section-boxed elementor-section-height-default elementor-section-height-default\" data-id=\"6596f56\" data-element_type=\"section\">\n\t\t\t\t\t\t<div class=\"elementor-container elementor-column-gap-default\">\n\t\t\t\t\t\t\t<div class=\"elementor-row\">\n\t\t\t\t\t\t\t\t\t<\/div>\n\t\t\t\t\t<\/div>\n\t\t<\/section>\n\t\t\t\t<section class=\"elementor-section elementor-top-section elementor-element elementor-element-d7ab8c7 elementor-section-boxed elementor-section-height-default elementor-section-height-default\" data-id=\"d7ab8c7\" data-element_type=\"section\">\n\t\t\t\t\t\t<div class=\"elementor-container elementor-column-gap-default\">\n\t\t\t\t\t\t\t<div class=\"elementor-row\">\n\t\t\t\t\t<div class=\"elementor-column elementor-col-100 elementor-top-column elementor-element elementor-element-7d201e5\" data-id=\"7d201e5\" data-element_type=\"column\">\n\t\t\t<div class=\"elementor-column-wrap elementor-element-populated\">\n\t\t\t\t\t\t\t<div class=\"elementor-widget-wrap\">\n\t\t\t\t\t\t<div class=\"elementor-element elementor-element-40484bd elementor-widget elementor-widget-text-editor\" data-id=\"40484bd\" data-element_type=\"widget\" data-widget_type=\"text-editor.default\">\n\t\t\t\t<div class=\"elementor-widget-container\">\n\t\t\t\t\t\t\t\t<div class=\"elementor-text-editor elementor-clearfix\">\n\t\t\t\t<p>Projekt INSIDE ima za cilj promicanje socijalne uklju\u010denosti i osna\u017eivanja osoba s intelektualnim te\u0161ko\u0107ama (PwID) pobolj\u0161avaju\u0107i im pristup i sudjelovanje u sportskim aktivnostima. Brojne politike EU-a (npr. Europski zakon o pristupa\u010dnosti; 2019.) usredoto\u010dene su na radnje koje treba poduzeti za promicanje jednakih mogu\u0107nosti za osobe s te\u0161ko\u0107ama u razvoju. Svjetska zdravstvena organizacija prepoznaje PwiD kao izuzetno ranjivu populaciju koja je \u010desto izlo\u017eena diskriminaciji i zanemarivanju, pozivaju\u0107i na daljnje akcije. Kada se govori o sportskim aktivnostima, statistika pokazuje da se PwID-u ne nude iste mogu\u0107nosti kao i op\u0107oj populaciji. Zapravo im nedostaju sportske mogu\u0107nosti prilago\u0111ene njihovoj razini, potrebama i mogu\u0107nostima koje organizira specijalizirani trener. Partnerstvo visoko prepoznaje potrebu za pru\u017eanjem organiziranih prilago\u0111enih tjelesnih aktivnosti PwID-u radi promicanja jednakih mogu\u0107nosti, socijalne uklju\u010denosti i osna\u017eivanja te zdravog na\u010dina \u017eivota.<\/p>\t\t\t\t\t<\/div>\n\t\t\t\t\t\t<\/div>\n\t\t\t\t<\/div>\n\t\t\t\t\t\t<\/div>\n\t\t\t\t\t<\/div>\n\t\t<\/div>\n\t\t\t\t<div class=\"elementor-column elementor-col-100 elementor-top-column elementor-element elementor-element-b77be43\" data-id=\"b77be43\" data-element_type=\"column\">\n\t\t\t<div class=\"elementor-column-wrap elementor-element-populated\">\n\t\t\t\t\t\t\t<div class=\"elementor-widget-wrap\">\n\t\t\t\t\t\t<div class=\"elementor-element elementor-element-fc47925 elementor-widget elementor-widget-image\" data-id=\"fc47925\" data-element_type=\"widget\" data-widget_type=\"image.default\">\n\t\t\t\t<div class=\"elementor-widget-container\">\n\t\t\t\t\t\t\t\t<div class=\"elementor-image\">\n\t\t\t\t\t\t\t\t\t\t\t\t<img width=\"1024\" height=\"724\" src=\"https:\/\/healthlifeacademy.com\/wp-content\/uploads\/INSIDE-04-1024x724.png\" class=\"attachment-large size-large\" alt=\"\" loading=\"lazy\" srcset=\"https:\/\/healthlifeacademy.com\/wp-content\/uploads\/INSIDE-04-1024x724.png 1024w, https:\/\/healthlifeacademy.com\/wp-content\/uploads\/INSIDE-04-300x212.png 300w, https:\/\/healthlifeacademy.com\/wp-content\/uploads\/INSIDE-04-768x543.png 768w, https:\/\/healthlifeacademy.com\/wp-content\/uploads\/INSIDE-04-1536x1086.png 1536w, https:\/\/healthlifeacademy.com\/wp-content\/uploads\/INSIDE-04-2048x1448.png 2048w, https:\/\/healthlifeacademy.com\/wp-content\/uploads\/INSIDE-04-16x12.png 16w\" sizes=\"(max-width: 1024px) 100vw, 1024px\" \/>\t\t\t\t\t\t\t\t\t\t\t\t\t\t<\/div>\n\t\t\t\t\t\t<\/div>\n\t\t\t\t<\/div>\n\t\t\t\t\t\t<\/div>\n\t\t\t\t\t<\/div>\n\t\t<\/div>\n\t\t\t\t\t\t\t\t<\/div>\n\t\t\t\t\t<\/div>\n\t\t<\/section>\n\t\t\t\t<section class=\"elementor-section elementor-top-section elementor-element elementor-element-0106a1c elementor-section-boxed elementor-section-height-default elementor-section-height-default\" data-id=\"0106a1c\" data-element_type=\"section\">\n\t\t\t\t\t\t<div class=\"elementor-container elementor-column-gap-default\">\n\t\t\t\t\t\t\t<div class=\"elementor-row\">\n\t\t\t\t\t<div class=\"elementor-column elementor-col-20 elementor-top-column elementor-element elementor-element-c336dd5\" data-id=\"c336dd5\" data-element_type=\"column\">\n\t\t\t<div class=\"elementor-column-wrap elementor-element-populated\">\n\t\t\t\t\t\t\t<div class=\"elementor-widget-wrap\">\n\t\t\t\t\t\t<div class=\"elementor-element elementor-element-15973b6 elementor-widget elementor-widget-image\" data-id=\"15973b6\" data-element_type=\"widget\" data-widget_type=\"image.default\">\n\t\t\t\t<div class=\"elementor-widget-container\">\n\t\t\t\t\t\t\t\t<div class=\"elementor-image\">\n\t\t\t\t\t\t\t\t\t\t\t\t<img width=\"1024\" height=\"425\" src=\"https:\/\/healthlifeacademy.com\/wp-content\/uploads\/Arcil-logo-1024x425.png\" class=\"attachment-large size-large\" alt=\"\" loading=\"lazy\" srcset=\"https:\/\/healthlifeacademy.com\/wp-content\/uploads\/Arcil-logo-1024x425.png 1024w, https:\/\/healthlifeacademy.com\/wp-content\/uploads\/Arcil-logo-300x124.png 300w, https:\/\/healthlifeacademy.com\/wp-content\/uploads\/Arcil-logo-768x319.png 768w, https:\/\/healthlifeacademy.com\/wp-content\/uploads\/Arcil-logo.png 1536w\" sizes=\"(max-width: 1024px) 100vw, 1024px\" \/>\t\t\t\t\t\t\t\t\t\t\t\t\t\t<\/div>\n\t\t\t\t\t\t<\/div>\n\t\t\t\t<\/div>\n\t\t\t\t\t\t<\/div>\n\t\t\t\t\t<\/div>\n\t\t<\/div>\n\t\t\t\t<div class=\"elementor-column elementor-col-20 elementor-top-column elementor-element elementor-element-9b029eb\" data-id=\"9b029eb\" data-element_type=\"column\">\n\t\t\t<div class=\"elementor-column-wrap elementor-element-populated\">\n\t\t\t\t\t\t\t<div class=\"elementor-widget-wrap\">\n\t\t\t\t\t\t<div class=\"elementor-element elementor-element-11600e5 elementor-widget elementor-widget-image\" data-id=\"11600e5\" data-element_type=\"widget\" data-widget_type=\"image.default\">\n\t\t\t\t<div class=\"elementor-widget-container\">\n\t\t\t\t\t\t\t\t<div class=\"elementor-image\">\n\t\t\t\t\t\t\t\t\t\t\t\t<img width=\"982\" height=\"981\" src=\"https:\/\/healthlifeacademy.com\/wp-content\/uploads\/Fundacio-BARCA-V-RGB-01.png\" class=\"attachment-1536x1536 size-1536x1536\" alt=\"\" loading=\"lazy\" srcset=\"https:\/\/healthlifeacademy.com\/wp-content\/uploads\/Fundacio-BARCA-V-RGB-01.png 982w, https:\/\/healthlifeacademy.com\/wp-content\/uploads\/Fundacio-BARCA-V-RGB-01-300x300.png 300w, https:\/\/healthlifeacademy.com\/wp-content\/uploads\/Fundacio-BARCA-V-RGB-01-150x150.png 150w, https:\/\/healthlifeacademy.com\/wp-content\/uploads\/Fundacio-BARCA-V-RGB-01-768x767.png 768w\" sizes=\"(max-width: 982px) 100vw, 982px\" \/>\t\t\t\t\t\t\t\t\t\t\t\t\t\t<\/div>\n\t\t\t\t\t\t<\/div>\n\t\t\t\t<\/div>\n\t\t\t\t\t\t<\/div>\n\t\t\t\t\t<\/div>\n\t\t<\/div>\n\t\t\t\t<div class=\"elementor-column elementor-col-20 elementor-top-column elementor-element elementor-element-39a066e\" data-id=\"39a066e\" data-element_type=\"column\">\n\t\t\t<div class=\"elementor-column-wrap elementor-element-populated\">\n\t\t\t\t\t\t\t<div class=\"elementor-widget-wrap\">\n\t\t\t\t\t\t<div class=\"elementor-element elementor-element-d9ddc9c elementor-widget elementor-widget-image\" data-id=\"d9ddc9c\" data-element_type=\"widget\" data-widget_type=\"image.default\">\n\t\t\t\t<div class=\"elementor-widget-container\">\n\t\t\t\t\t\t\t\t<div class=\"elementor-image\">\n\t\t\t\t\t\t\t\t\t\t\t\t<img width=\"500\" height=\"500\" src=\"https:\/\/healthlifeacademy.com\/wp-content\/uploads\/eeamargarita_logo.png\" class=\"attachment-large size-large\" alt=\"\" loading=\"lazy\" srcset=\"https:\/\/healthlifeacademy.com\/wp-content\/uploads\/eeamargarita_logo.png 500w, https:\/\/healthlifeacademy.com\/wp-content\/uploads\/eeamargarita_logo-300x300.png 300w, https:\/\/healthlifeacademy.com\/wp-content\/uploads\/eeamargarita_logo-150x150.png 150w\" sizes=\"(max-width: 500px) 100vw, 500px\" \/>\t\t\t\t\t\t\t\t\t\t\t\t\t\t<\/div>\n\t\t\t\t\t\t<\/div>\n\t\t\t\t<\/div>\n\t\t\t\t\t\t<\/div>\n\t\t\t\t\t<\/div>\n\t\t<\/div>\n\t\t\t\t<div class=\"elementor-column elementor-col-20 elementor-top-column elementor-element elementor-element-5840d47\" data-id=\"5840d47\" data-element_type=\"column\">\n\t\t\t<div class=\"elementor-column-wrap elementor-element-populated\">\n\t\t\t\t\t\t\t<div class=\"elementor-widget-wrap\">\n\t\t\t\t\t\t<div class=\"elementor-element elementor-element-1e8d034 elementor-widget elementor-widget-image\" data-id=\"1e8d034\" data-element_type=\"widget\" data-widget_type=\"image.default\">\n\t\t\t\t<div class=\"elementor-widget-container\">\n\t\t\t\t\t\t\t\t<div class=\"elementor-image\">\n\t\t\t\t\t\t\t\t\t\t\t\t<img width=\"900\" height=\"400\" src=\"https:\/\/healthlifeacademy.com\/wp-content\/uploads\/Unione-sportiva-ACLI-logo.jpg\" class=\"attachment-large size-large\" alt=\"\" loading=\"lazy\" srcset=\"https:\/\/healthlifeacademy.com\/wp-content\/uploads\/Unione-sportiva-ACLI-logo.jpg 900w, https:\/\/healthlifeacademy.com\/wp-content\/uploads\/Unione-sportiva-ACLI-logo-300x133.jpg 300w, https:\/\/healthlifeacademy.com\/wp-content\/uploads\/Unione-sportiva-ACLI-logo-768x341.jpg 768w\" sizes=\"(max-width: 900px) 100vw, 900px\" \/>\t\t\t\t\t\t\t\t\t\t\t\t\t\t<\/div>\n\t\t\t\t\t\t<\/div>\n\t\t\t\t<\/div>\n\t\t\t\t\t\t<\/div>\n\t\t\t\t\t<\/div>\n\t\t<\/div>\n\t\t\t\t<div class=\"elementor-column elementor-col-20 elementor-top-column elementor-element elementor-element-ff33174\" data-id=\"ff33174\" data-element_type=\"column\">\n\t\t\t<div class=\"elementor-column-wrap elementor-element-populated\">\n\t\t\t\t\t\t\t<div class=\"elementor-widget-wrap\">\n\t\t\t\t\t\t<div class=\"elementor-element elementor-element-11db243 elementor-widget elementor-widget-image\" data-id=\"11db243\" data-element_type=\"widget\" data-widget_type=\"image.default\">\n\t\t\t\t<div class=\"elementor-widget-container\">\n\t\t\t\t\t\t\t\t<div class=\"elementor-image\">\n\t\t\t\t\t\t\t\t\t\t\t\t<img width=\"414\" height=\"540\" src=\"https:\/\/healthlifeacademy.com\/wp-content\/uploads\/Organization-earth-logo.png\" class=\"attachment-large size-large\" alt=\"\" loading=\"lazy\" srcset=\"https:\/\/healthlifeacademy.com\/wp-content\/uploads\/Organization-earth-logo.png 414w, https:\/\/healthlifeacademy.com\/wp-content\/uploads\/Organization-earth-logo-230x300.png 230w\" sizes=\"(max-width: 414px) 100vw, 414px\" \/>\t\t\t\t\t\t\t\t\t\t\t\t\t\t<\/div>\n\t\t\t\t\t\t<\/div>\n\t\t\t\t<\/div>\n\t\t\t\t\t\t<\/div>\n\t\t\t\t\t<\/div>\n\t\t<\/div>\n\t\t\t\t\t\t\t\t<\/div>\n\t\t\t\t\t<\/div>\n\t\t<\/section>\n\t\t\t\t<section class=\"elementor-section elementor-top-section elementor-element elementor-element-ab66096 elementor-section-boxed elementor-section-height-default elementor-section-height-default\" data-id=\"ab66096\" data-element_type=\"section\">\n\t\t\t\t\t\t<div class=\"elementor-container elementor-column-gap-default\">\n\t\t\t\t\t\t\t<div class=\"elementor-row\">\n\t\t\t\t\t<div class=\"elementor-column elementor-col-100 elementor-top-column elementor-element elementor-element-df42fcb\" data-id=\"df42fcb\" data-element_type=\"column\">\n\t\t\t<div class=\"elementor-column-wrap elementor-element-populated\">\n\t\t\t\t\t\t\t<div class=\"elementor-widget-wrap\">\n\t\t\t\t\t\t<div class=\"elementor-element elementor-element-85cd5de elementor-widget elementor-widget-image\" data-id=\"85cd5de\" data-element_type=\"widget\" data-widget_type=\"image.default\">\n\t\t\t\t<div class=\"elementor-widget-container\">\n\t\t\t\t\t\t\t\t<div class=\"elementor-image\">\n\t\t\t\t\t\t\t\t\t\t\t\t<img width=\"496\" height=\"101\" src=\"https:\/\/healthlifeacademy.com\/wp-content\/uploads\/co-funded-by-erasmus.png\" class=\"attachment-large size-large\" alt=\"\" loading=\"lazy\" srcset=\"https:\/\/healthlifeacademy.com\/wp-content\/uploads\/co-funded-by-erasmus.png 496w, https:\/\/healthlifeacademy.com\/wp-content\/uploads\/co-funded-by-erasmus-300x61.png 300w\" sizes=\"(max-width: 496px) 100vw, 496px\" \/>\t\t\t\t\t\t\t\t\t\t\t\t\t\t<\/div>\n\t\t\t\t\t\t<\/div>\n\t\t\t\t<\/div>\n\t\t\t\t\t\t<\/div>\n\t\t\t\t\t<\/div>\n\t\t<\/div>\n\t\t\t\t\t\t\t\t<\/div>\n\t\t\t\t\t<\/div>\n\t\t<\/section>\n\t\t\t\t\t\t<\/div>\n\t\t\t\t\t\t<\/div>\n\t\t\t\t\t<\/div>","protected":false},"excerpt":{"rendered":"<p>INSIDE project aims to promote social inclusion and empowerment of people with intellectual disabilities (PwID) by enhancing their access and participation to sport activities. A number of EU policies (e.g. European Accessibility Act; 2019) focuses on the actions needed to be taken for the promotion of equal opportunities to people with disabilities. World Health Organization &hellip;<\/p>\n<p class=\"read-more\"> <a class=\"\" href=\"https:\/\/healthlifeacademy.com\/hr\/inside\/\"> <span class=\"screen-reader-text\">INSIDE<\/span> Read More &raquo;<\/a><\/p>","protected":false},"author":3,"featured_media":0,"parent":0,"menu_order":0,"comment_status":"closed","ping_status":"closed","template":"","meta":[],"_links":{"self":[{"href":"https:\/\/healthlifeacademy.com\/hr\/wp-json\/wp\/v2\/pages\/28425"}],"collection":[{"href":"https:\/\/healthlifeacademy.com\/hr\/wp-json\/wp\/v2\/pages"}],"about":[{"href":"https:\/\/healthlifeacademy.com\/hr\/wp-json\/wp\/v2\/types\/page"}],"author":[{"embeddable":true,"href":"https:\/\/healthlifeacademy.com\/hr\/wp-json\/wp\/v2\/users\/3"}],"replies":[{"embeddable":true,"href":"https:\/\/healthlifeacademy.com\/hr\/wp-json\/wp\/v2\/comments?post=28425"}],"version-history":[{"count":15,"href":"https:\/\/healthlifeacademy.com\/hr\/wp-json\/wp\/v2\/pages\/28425\/revisions"}],"predecessor-version":[{"id":28847,"href":"https:\/\/healthlifeacademy.com\/hr\/wp-json\/wp\/v2\/pages\/28425\/revisions\/28847"}],"wp:attachment":[{"href":"https:\/\/healthlifeacademy.com\/hr\/wp-json\/wp\/v2\/media?parent=28425"}],"curies":[{"name":"wp","href":"https:\/\/api.w.org\/{rel}","templated":true}]}}