{"id":27337,"date":"2020-05-08T08:35:31","date_gmt":"2020-05-08T08:35:31","guid":{"rendered":"http:\/\/healthlifeacademy.com\/?page_id=27337"},"modified":"2021-02-12T08:29:19","modified_gmt":"2021-02-12T08:29:19","slug":"ambasadors","status":"publish","type":"page","link":"https:\/\/healthlifeacademy.com\/hr\/ambasadors\/","title":{"rendered":"Ambasadori"},"content":{"rendered":"<div data-elementor-type=\"wp-page\" data-elementor-id=\"27337\" class=\"elementor elementor-27337\" data-elementor-settings=\"[]\">\n\t\t\t\t\t\t<div class=\"elementor-inner\">\n\t\t\t\t\t\t\t<div class=\"elementor-section-wrap\">\n\t\t\t\t\t\t\t<section class=\"elementor-section elementor-top-section elementor-element elementor-element-f7b028d elementor-section-boxed elementor-section-height-default elementor-section-height-default\" data-id=\"f7b028d\" data-element_type=\"section\" data-settings=\"{&quot;background_background&quot;:&quot;classic&quot;,&quot;shape_divider_bottom&quot;:&quot;curve&quot;,&quot;shape_divider_bottom_negative&quot;:&quot;yes&quot;}\">\n\t\t\t\t\t\t\t<div class=\"elementor-background-overlay\"><\/div>\n\t\t\t\t\t\t<div class=\"elementor-shape elementor-shape-bottom\" data-negative=\"true\">\n\t\t\t<svg xmlns=\"http:\/\/www.w3.org\/2000\/svg\" viewbox=\"0 0 1000 100\" preserveaspectratio=\"none\">\n\t<path class=\"elementor-shape-fill\" d=\"M500,97C126.7,96.3,0.8,19.8,0,0v100l1000,0V1C1000,19.4,873.3,97.8,500,97z\"\/>\n<\/svg>\t\t<\/div>\n\t\t\t\t\t<div class=\"elementor-container elementor-column-gap-default\">\n\t\t\t\t\t\t\t<div class=\"elementor-row\">\n\t\t\t\t\t<div class=\"elementor-column elementor-col-100 elementor-top-column elementor-element elementor-element-afd62c0\" data-id=\"afd62c0\" data-element_type=\"column\">\n\t\t\t<div class=\"elementor-column-wrap elementor-element-populated\">\n\t\t\t\t\t\t\t<div class=\"elementor-widget-wrap\">\n\t\t\t\t\t\t<div class=\"elementor-element elementor-element-38e416c elementor-widget elementor-widget-heading\" data-id=\"38e416c\" data-element_type=\"widget\" data-widget_type=\"heading.default\">\n\t\t\t\t<div class=\"elementor-widget-container\">\n\t\t\t<h2 class=\"elementor-heading-title elementor-size-default\">AMBASADORI<\/h2>\t\t<\/div>\n\t\t\t\t<\/div>\n\t\t\t\t<div class=\"elementor-element elementor-element-b7c6204 elementor-widget-divider--view-line elementor-widget elementor-widget-divider\" data-id=\"b7c6204\" data-element_type=\"widget\" data-widget_type=\"divider.default\">\n\t\t\t\t<div class=\"elementor-widget-container\">\n\t\t\t\t\t<div class=\"elementor-divider\">\n\t\t\t<span class=\"elementor-divider-separator\">\n\t\t\t\t\t\t<\/span>\n\t\t<\/div>\n\t\t\t\t<\/div>\n\t\t\t\t<\/div>\n\t\t\t\t<div class=\"elementor-element elementor-element-1b45152 elementor-widget elementor-widget-text-editor\" data-id=\"1b45152\" data-element_type=\"widget\" data-widget_type=\"text-editor.default\">\n\t\t\t\t<div class=\"elementor-widget-container\">\n\t\t\t\t\t\t\t\t<div class=\"elementor-text-editor elementor-clearfix\">\n\t\t\t\t<p>Profesionalni sporta\u0161i i sportske legende prepoznaju i podr\u017eavaju na\u0161 rad\u00a0<\/p>\t\t\t\t\t<\/div>\n\t\t\t\t\t\t<\/div>\n\t\t\t\t<\/div>\n\t\t\t\t\t\t<\/div>\n\t\t\t\t\t<\/div>\n\t\t<\/div>\n\t\t\t\t\t\t\t\t<\/div>\n\t\t\t\t\t<\/div>\n\t\t<\/section>\n\t\t\t\t<section class=\"elementor-section elementor-top-section elementor-element elementor-element-6448541d elementor-section-content-middle elementor-section-boxed elementor-section-height-default elementor-section-height-default\" data-id=\"6448541d\" data-element_type=\"section\">\n\t\t\t\t\t\t<div class=\"elementor-container elementor-column-gap-no\">\n\t\t\t\t\t\t\t<div class=\"elementor-row\">\n\t\t\t\t\t<div class=\"elementor-column elementor-col-50 elementor-top-column elementor-element elementor-element-48141fc2 elementor-invisible\" data-id=\"48141fc2\" data-element_type=\"column\" data-settings=\"{&quot;background_background&quot;:&quot;classic&quot;,&quot;animation&quot;:&quot;fadeInLeft&quot;}\">\n\t\t\t<div class=\"elementor-column-wrap elementor-element-populated\">\n\t\t\t\t\t\t\t<div class=\"elementor-widget-wrap\">\n\t\t\t\t\t\t<div class=\"elementor-element elementor-element-c8244b2 elementor-widget elementor-widget-text-editor\" data-id=\"c8244b2\" data-element_type=\"widget\" data-widget_type=\"text-editor.default\">\n\t\t\t\t<div class=\"elementor-widget-container\">\n\t\t\t\t\t\t\t\t<div class=\"elementor-text-editor elementor-clearfix\">\n\t\t\t\t<p>Dragi prijatelji,<\/p><p class=\"MsoNormal\"><span lang=\"EN-GB\">\u010cesto me u intervjuima pitaju za moj \u017eivotni put, recept za uspjeh, neku tajnu koju samo ja znam i koja me odvela na mjesto gdje sam danas. Iskreno im tada odgovaram ono \u0161to i vama \u017eelim re\u0107i: tajna ne postoji, postoji samo vjera, u mom je slu\u010daju to vjera u Boga i njegovu pomo\u0107, ali i vjera u to da svi imamo jednaku \u0161ansu i da svi moramo imati pravo na jednaku \u0161ansu za \u017eivot kakav \u017eelimo.<\/span><\/p><p class=\"MsoNormal\"><span lang=\"EN-GB\">Upravo ta misao bila je jedna od niti vodilja koja me potakla na osnivanje Zaklade Mateo Kova\u010di\u0107. \u017delja mi je da svoj dar i uspjeh iskoristim za skretanje pozornosti na one koji mo\u017eda u \u017eivot kre\u0107u, sportskim rje\u010dnikom re\u010deno, \u201cs lo\u0161ije startne pozicije\u201d. Bez obzira na to, ja iskreno vjerujem da imaju pravo na sve \u0161to po\u017eele i da im dru\u0161tvo mora u tome pomo\u0107i. Prvenstveno vam \u017eelim skrenuti pozornost na djecu!<\/span><\/p><p class=\"MsoNormal\"><span lang=\"EN-GB\">Osobito \u017eelim da razmislimo o mali\u0161anima s raznim problemima u razvoju, djecu s Downovim sindromom, onu koja zbog te\u0161kog imovinskog stanja roditelja ne razmi\u0161ljaju kako \u0107e se sutra igrati, nego ho\u0107e li imati topli obrok. Siguran sam da se i me\u0111u tom djecom krije neki novi sjajni centarfor, golman, znanstvenik, pravnik, knji\u017eni\u010dar, medicinska sestra, stjuardesa, lije\u010dnik, voza\u010d i, \u0161to je najva\u017enije, sretna osoba kojom \u0107e se ponositi cijela zajednica.<\/span><\/p><p class=\"MsoNormal\"><span lang=\"EN-GB\">Upravo stoga podupirem projekt Snaga djece u pokretu kao idealnu platformu koja putem sporta, ve\u0107 sedmu godinu zaredom, aktivno pridonosi sustavnom razvoju na\u0161ih najmla\u0111ih sugra\u0111ana s te\u0161ko\u0107ama u razvoju.\n\n\u017delja mi je da Zaklada mali\u0161anima iz cijele Hrvatske boji svakodnevicu vedrim bojama. Sami ne mo\u017eemo promijeniti svijet, ali zajedno mo\u017eemo pomo\u0107i \u010dovjeku.<\/span><\/p><p class=\"MsoNormal\"><span lang=\"EN-GB\">Pokazat \u0107emo da ne odustajemo od ljudi i ljudskosti, ne odustajemo od djece i roditelja kojima treba pomo\u0107. Sretan sam \u0161to sam dio te pri\u010de i vjerujem kako \u0107e projekt Snaga djece u pokretu bitno doprinijeti zajedni\u010dkom cilju.<\/span><\/p><p class=\"MsoNormal\"><span lang=\"EN-GB\">Hvala svima koji jesu ili \u0107e tek postati dio ove pri\u010de!<\/span><\/p><p>\u00a0<\/p><p class=\"MsoNormal\"><span lang=\"EN-GB\">Mateo Kova\u010di\u0107<\/span><\/p>\t\t\t\t\t<\/div>\n\t\t\t\t\t\t<\/div>\n\t\t\t\t<\/div>\n\t\t\t\t\t\t<\/div>\n\t\t\t\t\t<\/div>\n\t\t<\/div>\n\t\t\t\t<div class=\"elementor-column elementor-col-50 elementor-top-column elementor-element elementor-element-423bd665 elementor-invisible\" data-id=\"423bd665\" data-element_type=\"column\" data-settings=\"{&quot;animation&quot;:&quot;fadeInRight&quot;}\">\n\t\t\t<div class=\"elementor-column-wrap elementor-element-populated\">\n\t\t\t\t\t\t\t<div class=\"elementor-widget-wrap\">\n\t\t\t\t\t\t<div class=\"elementor-element elementor-element-2eb93551 elementor-widget elementor-widget-image\" data-id=\"2eb93551\" data-element_type=\"widget\" data-widget_type=\"image.default\">\n\t\t\t\t<div class=\"elementor-widget-container\">\n\t\t\t\t\t\t\t\t<div class=\"elementor-image\">\n\t\t\t\t\t\t\t\t\t<figure class=\"wp-caption\">\n\t\t\t\t\t\t\t\t\t\t<img width=\"442\" height=\"635\" src=\"https:\/\/healthlifeacademy.com\/wp-content\/uploads\/NINTCHDBPICT000618573743-e1604766629969-1.jpg\" class=\"attachment-full size-full\" alt=\"\" loading=\"lazy\" srcset=\"https:\/\/healthlifeacademy.com\/wp-content\/uploads\/NINTCHDBPICT000618573743-e1604766629969-1.jpg 442w, https:\/\/healthlifeacademy.com\/wp-content\/uploads\/NINTCHDBPICT000618573743-e1604766629969-1-209x300.jpg 209w, https:\/\/healthlifeacademy.com\/wp-content\/uploads\/NINTCHDBPICT000618573743-e1604766629969-1-8x12.jpg 8w\" sizes=\"(max-width: 442px) 100vw, 442px\" \/>\t\t\t\t\t\t\t\t\t\t\t<figcaption class=\"widget-image-caption wp-caption-text\">Mateo Kova\u010di\u0107<\/figcaption>\n\t\t\t\t\t\t\t\t\t\t<\/figure>\n\t\t\t\t\t\t\t\t<\/div>\n\t\t\t\t\t\t<\/div>\n\t\t\t\t<\/div>\n\t\t\t\t\t\t<\/div>\n\t\t\t\t\t<\/div>\n\t\t<\/div>\n\t\t\t\t\t\t\t\t<\/div>\n\t\t\t\t\t<\/div>\n\t\t<\/section>\n\t\t\t\t<section class=\"elementor-section elementor-top-section elementor-element elementor-element-ba6af9f elementor-section-content-middle elementor-section-boxed elementor-section-height-default elementor-section-height-default elementor-invisible\" data-id=\"ba6af9f\" data-element_type=\"section\" data-settings=\"{&quot;animation&quot;:&quot;fadeInUp&quot;}\">\n\t\t\t\t\t\t<div class=\"elementor-container elementor-column-gap-no\">\n\t\t\t\t\t\t\t<div class=\"elementor-row\">\n\t\t\t\t\t<div class=\"elementor-column elementor-col-50 elementor-top-column elementor-element elementor-element-d4df9ad\" data-id=\"d4df9ad\" data-element_type=\"column\">\n\t\t\t<div class=\"elementor-column-wrap elementor-element-populated\">\n\t\t\t\t\t\t\t<div class=\"elementor-widget-wrap\">\n\t\t\t\t\t\t<div class=\"elementor-element elementor-element-8b12ce5 elementor-widget elementor-widget-image\" data-id=\"8b12ce5\" data-element_type=\"widget\" data-widget_type=\"image.default\">\n\t\t\t\t<div class=\"elementor-widget-container\">\n\t\t\t\t\t\t\t\t<div class=\"elementor-image\">\n\t\t\t\t\t\t\t\t\t<figure class=\"wp-caption\">\n\t\t\t\t\t\t\t\t\t\t<img width=\"1024\" height=\"683\" src=\"https:\/\/healthlifeacademy.com\/wp-content\/uploads\/IMG_3800-1.jpg\" class=\"attachment-large size-large\" alt=\"\" loading=\"lazy\" srcset=\"https:\/\/healthlifeacademy.com\/wp-content\/uploads\/IMG_3800-1.jpg 1024w, https:\/\/healthlifeacademy.com\/wp-content\/uploads\/IMG_3800-1-300x200.jpg 300w, https:\/\/healthlifeacademy.com\/wp-content\/uploads\/IMG_3800-1-768x512.jpg 768w\" sizes=\"(max-width: 1024px) 100vw, 1024px\" \/>\t\t\t\t\t\t\t\t\t\t\t<figcaption class=\"widget-image-caption wp-caption-text\">Slavko Golu\u017ea<\/figcaption>\n\t\t\t\t\t\t\t\t\t\t<\/figure>\n\t\t\t\t\t\t\t\t<\/div>\n\t\t\t\t\t\t<\/div>\n\t\t\t\t<\/div>\n\t\t\t\t\t\t<\/div>\n\t\t\t\t\t<\/div>\n\t\t<\/div>\n\t\t\t\t<div class=\"elementor-column elementor-col-50 elementor-top-column elementor-element elementor-element-c34a169\" data-id=\"c34a169\" data-element_type=\"column\">\n\t\t\t<div class=\"elementor-column-wrap elementor-element-populated\">\n\t\t\t\t\t\t\t<div class=\"elementor-widget-wrap\">\n\t\t\t\t\t\t<div class=\"elementor-element elementor-element-8211c9b elementor-widget elementor-widget-image\" data-id=\"8211c9b\" data-element_type=\"widget\" data-widget_type=\"image.default\">\n\t\t\t\t<div class=\"elementor-widget-container\">\n\t\t\t\t\t\t\t\t<div class=\"elementor-image\">\n\t\t\t\t\t\t\t\t\t<figure class=\"wp-caption\">\n\t\t\t\t\t\t\t\t\t\t<img width=\"1024\" height=\"683\" src=\"https:\/\/healthlifeacademy.com\/wp-content\/uploads\/IMG_8628-1024x683.jpg\" class=\"attachment-large size-large\" alt=\"\" loading=\"lazy\" srcset=\"https:\/\/healthlifeacademy.com\/wp-content\/uploads\/IMG_8628-1024x683.jpg 1024w, https:\/\/healthlifeacademy.com\/wp-content\/uploads\/IMG_8628-300x200.jpg 300w, https:\/\/healthlifeacademy.com\/wp-content\/uploads\/IMG_8628-768x512.jpg 768w, https:\/\/healthlifeacademy.com\/wp-content\/uploads\/IMG_8628-1536x1024.jpg 1536w, https:\/\/healthlifeacademy.com\/wp-content\/uploads\/IMG_8628-2048x1365.jpg 2048w\" sizes=\"(max-width: 1024px) 100vw, 1024px\" \/>\t\t\t\t\t\t\t\t\t\t\t<figcaption class=\"widget-image-caption wp-caption-text\">Mirza D\u017eomba<\/figcaption>\n\t\t\t\t\t\t\t\t\t\t<\/figure>\n\t\t\t\t\t\t\t\t<\/div>\n\t\t\t\t\t\t<\/div>\n\t\t\t\t<\/div>\n\t\t\t\t\t\t<\/div>\n\t\t\t\t\t<\/div>\n\t\t<\/div>\n\t\t\t\t\t\t\t\t<\/div>\n\t\t\t\t\t<\/div>\n\t\t<\/section>\n\t\t\t\t<section class=\"elementor-section elementor-top-section elementor-element elementor-element-80c0e7e elementor-section-boxed elementor-section-height-default elementor-section-height-default\" data-id=\"80c0e7e\" data-element_type=\"section\" data-settings=\"{&quot;background_background&quot;:&quot;classic&quot;,&quot;shape_divider_top&quot;:&quot;curve&quot;,&quot;shape_divider_top_negative&quot;:&quot;yes&quot;}\">\n\t\t\t\t\t\t\t<div class=\"elementor-background-overlay\"><\/div>\n\t\t\t\t\t\t<div class=\"elementor-shape elementor-shape-top\" data-negative=\"true\">\n\t\t\t<svg xmlns=\"http:\/\/www.w3.org\/2000\/svg\" viewbox=\"0 0 1000 100\" preserveaspectratio=\"none\">\n\t<path class=\"elementor-shape-fill\" d=\"M500,97C126.7,96.3,0.8,19.8,0,0v100l1000,0V1C1000,19.4,873.3,97.8,500,97z\"\/>\n<\/svg>\t\t<\/div>\n\t\t\t\t\t<div class=\"elementor-container elementor-column-gap-default\">\n\t\t\t\t\t\t\t<div class=\"elementor-row\">\n\t\t\t\t\t<div class=\"elementor-column elementor-col-100 elementor-top-column elementor-element elementor-element-a3e555c\" data-id=\"a3e555c\" data-element_type=\"column\">\n\t\t\t<div class=\"elementor-column-wrap elementor-element-populated\">\n\t\t\t\t\t\t\t<div class=\"elementor-widget-wrap\">\n\t\t\t\t\t\t<div class=\"elementor-element elementor-element-f2398fa elementor-shape-rounded elementor-grid-0 e-grid-align-center elementor-widget elementor-widget-social-icons\" data-id=\"f2398fa\" data-element_type=\"widget\" data-widget_type=\"social-icons.default\">\n\t\t\t\t<div class=\"elementor-widget-container\">\n\t\t\t\t\t<div class=\"elementor-social-icons-wrapper elementor-grid\">\n\t\t\t\t\t\t\t<span class=\"elementor-grid-item\">\n\t\t\t\t\t<a class=\"elementor-icon elementor-social-icon elementor-social-icon-facebook elementor-repeater-item-dd5645e\" href=\"https:\/\/www.facebook.com\/akademijazdravogzivljenja\/?eid=ARCnSyzjQpHosLOPAzYRFt5OujyHjfo7czPvHUEIHAN19Y_LSkvtSKq2nAq8Tje_YQ56XMcECMnno9Rm\" target=\"_blank\">\n\t\t\t\t\t\t<span class=\"elementor-screen-only\">Facebook<\/span>\n\t\t\t\t\t\t<i class=\"fab fa-facebook\"><\/i>\t\t\t\t\t<\/a>\n\t\t\t\t<\/span>\n\t\t\t\t\t\t\t<span class=\"elementor-grid-item\">\n\t\t\t\t\t<a class=\"elementor-icon elementor-social-icon elementor-social-icon-instagram elementor-repeater-item-a691bf5\" target=\"_blank\">\n\t\t\t\t\t\t<span class=\"elementor-screen-only\">Instagram<\/span>\n\t\t\t\t\t\t<i class=\"fab fa-instagram\"><\/i>\t\t\t\t\t<\/a>\n\t\t\t\t<\/span>\n\t\t\t\t\t\t\t<span class=\"elementor-grid-item\">\n\t\t\t\t\t<a class=\"elementor-icon elementor-social-icon elementor-social-icon-youtube elementor-repeater-item-5167005\" href=\"https:\/\/www.youtube.com\/user\/trokutic\" target=\"_blank\">\n\t\t\t\t\t\t<span class=\"elementor-screen-only\">Youtube<\/span>\n\t\t\t\t\t\t<i class=\"fab fa-youtube\"><\/i>\t\t\t\t\t<\/a>\n\t\t\t\t<\/span>\n\t\t\t\t\t<\/div>\n\t\t\t\t<\/div>\n\t\t\t\t<\/div>\n\t\t\t\t\t\t<\/div>\n\t\t\t\t\t<\/div>\n\t\t<\/div>\n\t\t\t\t\t\t\t\t<\/div>\n\t\t\t\t\t<\/div>\n\t\t<\/section>\n\t\t\t\t\t\t<\/div>\n\t\t\t\t\t\t<\/div>\n\t\t\t\t\t<\/div>","protected":false},"excerpt":{"rendered":"<p>AMBASADORS Professional athletes and sport legends recognize and support our work\u00a0 Dear friends, I am often asked in interviews what is my life path, what is my recipe for success, what is the secret only I know that led me to the place I am in now. I honestly tell them than what I want &hellip;<\/p>\n<p class=\"read-more\"> <a class=\"\" href=\"https:\/\/healthlifeacademy.com\/hr\/ambasadors\/\"> <span class=\"screen-reader-text\">Ambasadori<\/span> Read More &raquo;<\/a><\/p>","protected":false},"author":3,"featured_media":0,"parent":0,"menu_order":0,"comment_status":"closed","ping_status":"closed","template":"","meta":[],"_links":{"self":[{"href":"https:\/\/healthlifeacademy.com\/hr\/wp-json\/wp\/v2\/pages\/27337"}],"collection":[{"href":"https:\/\/healthlifeacademy.com\/hr\/wp-json\/wp\/v2\/pages"}],"about":[{"href":"https:\/\/healthlifeacademy.com\/hr\/wp-json\/wp\/v2\/types\/page"}],"author":[{"embeddable":true,"href":"https:\/\/healthlifeacademy.com\/hr\/wp-json\/wp\/v2\/users\/3"}],"replies":[{"embeddable":true,"href":"https:\/\/healthlifeacademy.com\/hr\/wp-json\/wp\/v2\/comments?post=27337"}],"version-history":[{"count":9,"href":"https:\/\/healthlifeacademy.com\/hr\/wp-json\/wp\/v2\/pages\/27337\/revisions"}],"predecessor-version":[{"id":28730,"href":"https:\/\/healthlifeacademy.com\/hr\/wp-json\/wp\/v2\/pages\/27337\/revisions\/28730"}],"wp:attachment":[{"href":"https:\/\/healthlifeacademy.com\/hr\/wp-json\/wp\/v2\/media?parent=27337"}],"curies":[{"name":"wp","href":"https:\/\/api.w.org\/{rel}","templated":true}]}}